{"id":5257,"date":"2010-07-18T12:04:43","date_gmt":"2010-07-18T10:04:43","guid":{"rendered":"http:\/\/www.riojatrek.com\/\/en\/travelling-to-rioja\/fuenmayor\/"},"modified":"2016-03-09T11:56:28","modified_gmt":"2016-03-09T10:56:28","slug":"fuenmayor","status":"publish","type":"page","link":"https:\/\/www.riojatrek.com\/en\/travelling-to-rioja\/fuenmayor\/","title":{"rendered":"Fuenmayor"},"content":{"rendered":"<div id=\"section_intro\">Located in the Ebro valley, Fuenmayor is a historical village made up of palaces and mansions that reflect its past and present wealth, based on the production of grapes and wine.<\/div>\n<p>&nbsp;<\/p>\n<h2>A wine-producing town<\/h2>\n<p>Fuenmayor is one of the most important wine-producing villages in the whole of the Rioja Qualified Designation of Origin (<abbr title=\"Denominaci\u00f3n de Origen Calificada\">D.O.C.<\/abbr> Rioja). At the end of the 18th Century the Castilian Royal Economic Society of Rioja Harvesters, better known as the Royal Board of Harvesters (Real Junta de Cosecheros) was founded here; in a certain sense, the embryo of the current Regulating Council of the Designation.<\/p>\n<p><img loading=\"lazy\" decoding=\"async\" class=\"alignnone size-full wp-image-869\" title=\"Palacio de la Real Junta de Cosecheros\" src=\"\/\/www.riojatrek.com\/wp-content\/uploads\/2010\/07\/realjunta.jpg\" alt=\"Palacio de la Real Junta de Cosecheros\" width=\"598\" height=\"320\" srcset=\"https:\/\/www.riojatrek.com\/wp-content\/uploads\/2010\/07\/realjunta.jpg 598w, https:\/\/www.riojatrek.com\/wp-content\/uploads\/2010\/07\/realjunta-300x161.jpg 300w\" sizes=\"auto, (max-width: 598px) 100vw, 598px\" \/><\/p>\n<p>En Fuenmayor existen multitud de bodegas, algunas tan conocidas como: <a title=\"Bodegas AGE\" href=\"http:\/\/www.domecqbodegas.com\/caste\/bodegas\/index.php?bodega=age\">AGE<\/a>, <a title=\"Bodegas Altanza\" href=\"http:\/\/www.bodegasaltanza.com\/\">Altanza<\/a>, <a title=\"Bodegas Montecillo\" href=\"http:\/\/www.osborne.es\/centros\/home.cfm?id=montecillo\">Montecillo<\/a>, <a title=\"Bodegas LAN\" href=\"http:\/\/www.bodegaslan.com\/\">LAN<\/a>, <a title=\"Bodegas Finca Valpiedra\" href=\"http:\/\/www.familiamartinezbujanda.com\/valpiedra\/?idc=20\">Finca Valpiedra<\/a>, <a title=\"Bodegas Marqu\u00e9s del Puerto\" href=\"http:\/\/www.mariebrizard.com\/es\/gamme,22,1,,bodegas-marques-del-puerto.html\">Marqu\u00e9s del Puerto<\/a>&#8230;<\/p>\n<p>Tambi\u00e9n es aqu\u00ed donde Riojatrek realiza su <a title=\"Jornada de enoturismo\" href=\"https:\/\/www.riojatrek.com\/en\/wine-tours\/rioja-wine-tour-workshop\/\">Jornada de Enoturismo<\/a>: una actividad de turismo participativo donde aprender\u00e1s y disfrutar\u00e1s del vino de Rioja adem\u00e1s de conocer una bodega tradicional de Rioja.<\/p>\n<p>In Fuenmayor you can find a multitude of wineries, many of which are as well known as: <a title=\"The AGE Winery\" href=\"http:\/\/www.domecqbodegas.com\/caste\/bodegas\/index.php?bodega=age\">AGE<\/a>, <a title=\"The Altanza Winery\" href=\"http:\/\/www.bodegasaltanza.com\/\">Altanza<\/a>, <a title=\"The Montecillo Winery\" href=\"http:\/\/www.osborne.es\/centros\/home.cfm?id=montecillo\">Montecillo<\/a>, <a title=\"The LAN Winery\" href=\"http:\/\/www.bodegaslan.com\/\">LAN<\/a>, <a title=\"The Finca Valpiedra Winery\" href=\"http:\/\/www.familiamartinezbujanda.com\/valpiedra\/?idc=20\">Finca Valpiedra<\/a>, <a title=\"The Marqu\u00e9s del Puerto Winery\" href=\"http:\/\/www.mariebrizard.com\/es\/gamme,22,1,,bodegas-marques-del-puerto.html\">Marqu\u00e9s del Puerto<\/a>\u2026<\/p>\n<p>This is also where Riojatrek offers its <a title=\"Wine tourism experience\" href=\"\/\/www.riojatrek.com\/en\/wine-tourism\/wine-tourism-experience\/\">Wine Tourism Experience<\/a>: a participative tourism activity where you will learn about and enjoy Rioja wine, as well as discover a traditional Rioja winery.<\/p>\n<h2>What to see<\/h2>\n<p>About 3000 people live in Fuenmayor; a village that is worth discovering by wandering leisurely around its streets. The most representative sights are:<\/p>\n<ul>\n<li>Parish Church of Santa Mar\u00eda (16th Century, Renaissance)<\/li>\n<li>Fountain of the Seven Spouts and the laundry area (19th Century)<\/li>\n<li>Palace of Fern\u00e1ndez-Baz\u00e1n (18th Century, Baroque)<\/li>\n<li>Palace of the Marquesses of Ter\u00e1n or of the Royal Board of Harvesters (18th Century, Baroque)<\/li>\n<li>Cultural Center (16th and 17th Century)<\/li>\n<li>The Chapel of Santo Cristo (17th and 18th Century, Baroque)<\/li>\n<\/ul>\n<p><img loading=\"lazy\" decoding=\"async\" class=\"alignnone size-full wp-image-867\" title=\"Palacio en la calle mayor de Fuenmayor\" src=\"\/\/www.riojatrek.com\/wp-content\/uploads\/2010\/07\/mayorfu.jpg\" alt=\"Palacio en la calle mayor de Fuenmayor\" width=\"598\" height=\"300\" srcset=\"https:\/\/www.riojatrek.com\/wp-content\/uploads\/2010\/07\/mayorfu.jpg 598w, https:\/\/www.riojatrek.com\/wp-content\/uploads\/2010\/07\/mayorfu-300x151.jpg 300w\" sizes=\"auto, (max-width: 598px) 100vw, 598px\" \/><\/p>\n<h2>Where to eat<\/h2>\n<p>Fuenmayor stands out for its numerous and marvellous restaurants. To name just a few:<\/p>\n<ul>\n<li><a title=\"Asador Alameda, Fuenmayor\" href=\"http:\/\/www.restaurantealameda.com\/\">Asador Alameda<\/a><\/li>\n<li><a title=\"Mes\u00f3n Chuchi, Fuenmayor\" href=\"http:\/\/www.mesonchuchi.com\/\">Mes\u00f3n Chuchi<\/a><\/li>\n<li><a title=\"Restaurante Casa Eloy\" href=\"http:\/\/www.restaurantecasaeloy.com\/\">Restaurante Casa Eloy<\/a><\/li>\n<li>Restaurante El Porr\u00f3n<\/li>\n<li><a title=\"Mes\u00f3n El escudo, Fuenmayor\" href=\"http:\/\/maps.google.es\/maps\/place?hl=es&amp;xhr=t&amp;cp=12&amp;bs=1&amp;um=1&amp;ie=UTF-8&amp;q=restaurante+fuenmayor&amp;fb=1&amp;gl=es&amp;hq=restaurante&amp;hnear=Fuenmayor&amp;cid=17110126257546949744\">Mes\u00f3n El Escudo<\/a><\/li>\n<li><a title=\"Restaurante D\u00f3nal, Fuenmayor\" href=\"http:\/\/maps.google.es\/maps\/place?hl=es&amp;xhr=t&amp;cp=12&amp;bs=1&amp;um=1&amp;ie=UTF-8&amp;q=restaurante+fuenmayor&amp;fb=1&amp;gl=es&amp;hq=restaurante&amp;hnear=Fuenmayor&amp;cid=3092835276048810961\">Restaurante D\u00f3nal<\/a><\/li>\n<\/ul>\n<h2>How to get there<\/h2>\n<ul>\n<li><strong>By car<\/strong>: instructions on how to get to the <a title=\"How to get to Fuenmayor (Bing Maps)\" href=\"http:\/\/maps.google.es\/maps?f=q&amp;source=s_q&amp;hl=es&amp;geocode=&amp;q=42.467+N,+2.562+W&amp;aq=&amp;sll=40.396764,-3.713379&amp;sspn=12.491677,18.918457&amp;ie=UTF8&amp;z=16&amp;iwloc=A\">centre of Fuenmayor<\/a> (Church of Santa Mar\u00eda).<br \/>\nAddress: Avenida de Cenicero 1, 26360.<br \/>\nGPS Coordinates: 42.467 N, 2.562 W.<br \/>\nThis is the meeting point for our <a title=\"Wine tourism experience\" href=\"\/\/www.riojatrek.com\/en\/wine-tourism\/wine-tourism-experience\/\">Wine Tourism Experience<\/a>.<\/li>\n<\/ul>\n<ul>\n<li><strong>By bus<\/strong> (from the centre of Logro\u00f1o: <a title=\"Metropolitan bus stop (M1 and M2 lines)\" href=\"http:\/\/www.bing.com\/maps\/#JnE9LkNhbGxlK2RlbCtHZW5lcmFsK1ZhcmErZGUrUmV5JTJjKzglMmMrMjYwMDErTG9ncm8lYzMlYjFvJTdlc3N0LjAlN2VwZy4xJmJiPTQyLjQ3MjE1MDYwNDQ2MTElN2UtMi41NTI2ODU1ODk4NzQwNCU3ZTQyLjQ2MTMyMzc5NTE2OTYlN2UtMi41NzE4Njg3NDg3NDg1Ng==\">c\/ Vara del Rey 8<\/a>, next to the Banco de Espa\u00f1a)\n<ul>\n<li>M1 metropolitan line (<a title=\"Metropolitan bus timetable (M1)\" href=\"http:\/\/www.larioja.org\/npRioja\/default\/defaultpage.jsp?idtab=504124&amp;IdDoc=538720\">timetable<\/a>).<\/li>\n<li>M2 metropolitan line (<a title=\"Metropolitan bus timetable (M2)\" href=\"http:\/\/www.larioja.org\/npRioja\/default\/defaultpage.jsp?idtab=504124&amp;IdDoc=539055\">timetable<\/a>).<\/li>\n<\/ul>\n<p>The bus journey takes about half an hour and costs around 1 euro.<\/li>\n<\/ul>\n","protected":false},"excerpt":{"rendered":"<p>Located in the Ebro valley, Fuenmayor is a historical village made up of palaces and mansions that reflect its past and present wealth, based on the production of grapes and wine. &nbsp; A wine-producing town Fuenmayor is one of the most important wine-producing villages in the whole of the Rioja Qualified Designation of Origin (D.O.C.&hellip;<\/p>\n","protected":false},"author":1,"featured_media":0,"parent":5238,"menu_order":14,"comment_status":"closed","ping_status":"closed","template":"","meta":{"_et_pb_use_builder":"","_et_pb_old_content":"","_et_gb_content_width":"","footnotes":""},"class_list":["post-5257","page","type-page","status-publish","hentry"],"yoast_head":"<!-- This site is optimized with the Yoast SEO plugin v26.1.1 - https:\/\/yoast.com\/wordpress\/plugins\/seo\/ -->\n<title>Fuenmayor - Riojatrek<\/title>\n<meta name=\"robots\" content=\"index, follow, max-snippet:-1, max-image-preview:large, max-video-preview:-1\" \/>\n<link rel=\"canonical\" href=\"https:\/\/www.riojatrek.com\/en\/travelling-to-rioja\/fuenmayor\/\" \/>\n<meta property=\"og:locale\" content=\"en_US\" \/>\n<meta property=\"og:type\" content=\"article\" \/>\n<meta property=\"og:title\" content=\"Fuenmayor - Riojatrek\" \/>\n<meta property=\"og:description\" content=\"Located in the Ebro valley, Fuenmayor is a historical village made up of palaces and mansions that reflect its past and present wealth, based on the production of grapes and wine. &nbsp; A wine-producing town Fuenmayor is one of the most important wine-producing villages in the whole of the Rioja Qualified Designation of Origin (D.O.C.&hellip;\" \/>\n<meta property=\"og:url\" content=\"https:\/\/www.riojatrek.com\/en\/travelling-to-rioja\/fuenmayor\/\" \/>\n<meta property=\"og:site_name\" content=\"Riojatrek\" \/>\n<meta property=\"article:publisher\" content=\"https:\/\/www.facebook.com\/riojatrek\" \/>\n<meta property=\"article:modified_time\" content=\"2016-03-09T10:56:28+00:00\" \/>\n<meta property=\"og:image\" content=\"\/\/www.riojatrek.com\/wp-content\/uploads\/2010\/07\/realjunta.jpg\" \/>\n<meta name=\"twitter:card\" content=\"summary_large_image\" \/>\n<meta name=\"twitter:site\" content=\"@riojatrek\" \/>\n<meta name=\"twitter:label1\" content=\"Est. reading time\" \/>\n\t<meta name=\"twitter:data1\" content=\"2 minutes\" \/>\n<script type=\"application\/ld+json\" class=\"yoast-schema-graph\">{\"@context\":\"https:\/\/schema.org\",\"@graph\":[{\"@type\":\"WebPage\",\"@id\":\"https:\/\/www.riojatrek.com\/en\/travelling-to-rioja\/fuenmayor\/\",\"url\":\"https:\/\/www.riojatrek.com\/en\/travelling-to-rioja\/fuenmayor\/\",\"name\":\"Fuenmayor - Riojatrek\",\"isPartOf\":{\"@id\":\"https:\/\/www.riojatrek.com\/en\/#website\"},\"datePublished\":\"2010-07-18T10:04:43+00:00\",\"dateModified\":\"2016-03-09T10:56:28+00:00\",\"breadcrumb\":{\"@id\":\"https:\/\/www.riojatrek.com\/en\/travelling-to-rioja\/fuenmayor\/#breadcrumb\"},\"inLanguage\":\"en-US\",\"potentialAction\":[{\"@type\":\"ReadAction\",\"target\":[\"https:\/\/www.riojatrek.com\/en\/travelling-to-rioja\/fuenmayor\/\"]}]},{\"@type\":\"BreadcrumbList\",\"@id\":\"https:\/\/www.riojatrek.com\/en\/travelling-to-rioja\/fuenmayor\/#breadcrumb\",\"itemListElement\":[{\"@type\":\"ListItem\",\"position\":1,\"name\":\"Portada\",\"item\":\"https:\/\/www.riojatrek.com\/en\/\"},{\"@type\":\"ListItem\",\"position\":2,\"name\":\"Travelling to Rioja\",\"item\":\"https:\/\/www.riojatrek.com\/en\/travelling-to-rioja\/\"},{\"@type\":\"ListItem\",\"position\":3,\"name\":\"Fuenmayor\"}]},{\"@type\":\"WebSite\",\"@id\":\"https:\/\/www.riojatrek.com\/en\/#website\",\"url\":\"https:\/\/www.riojatrek.com\/en\/\",\"name\":\"Riojatrek\",\"description\":\"Rioja wine tours. Official tour guides.\",\"publisher\":{\"@id\":\"https:\/\/www.riojatrek.com\/en\/#organization\"},\"potentialAction\":[{\"@type\":\"SearchAction\",\"target\":{\"@type\":\"EntryPoint\",\"urlTemplate\":\"https:\/\/www.riojatrek.com\/en\/?s={search_term_string}\"},\"query-input\":{\"@type\":\"PropertyValueSpecification\",\"valueRequired\":true,\"valueName\":\"search_term_string\"}}],\"inLanguage\":\"en-US\"},{\"@type\":\"Organization\",\"@id\":\"https:\/\/www.riojatrek.com\/en\/#organization\",\"name\":\"Riojatrek\",\"url\":\"https:\/\/www.riojatrek.com\/en\/\",\"logo\":{\"@type\":\"ImageObject\",\"inLanguage\":\"en-US\",\"@id\":\"https:\/\/www.riojatrek.com\/en\/#\/schema\/logo\/image\/\",\"url\":\"https:\/\/www.riojatrek.com\/wp-content\/uploads\/2024\/02\/logo-web.png\",\"contentUrl\":\"https:\/\/www.riojatrek.com\/wp-content\/uploads\/2024\/02\/logo-web.png\",\"width\":500,\"height\":126,\"caption\":\"Riojatrek\"},\"image\":{\"@id\":\"https:\/\/www.riojatrek.com\/en\/#\/schema\/logo\/image\/\"},\"sameAs\":[\"https:\/\/www.facebook.com\/riojatrek\",\"https:\/\/x.com\/riojatrek\",\"https:\/\/www.youtube.com\/user\/riojatrek\",\"https:\/\/www.instagram.com\/riojatrek\/\"]}]}<\/script>\n<!-- \/ Yoast SEO plugin. -->","yoast_head_json":{"title":"Fuenmayor - Riojatrek","robots":{"index":"index","follow":"follow","max-snippet":"max-snippet:-1","max-image-preview":"max-image-preview:large","max-video-preview":"max-video-preview:-1"},"canonical":"https:\/\/www.riojatrek.com\/en\/travelling-to-rioja\/fuenmayor\/","og_locale":"en_US","og_type":"article","og_title":"Fuenmayor - Riojatrek","og_description":"Located in the Ebro valley, Fuenmayor is a historical village made up of palaces and mansions that reflect its past and present wealth, based on the production of grapes and wine. &nbsp; A wine-producing town Fuenmayor is one of the most important wine-producing villages in the whole of the Rioja Qualified Designation of Origin (D.O.C.&hellip;","og_url":"https:\/\/www.riojatrek.com\/en\/travelling-to-rioja\/fuenmayor\/","og_site_name":"Riojatrek","article_publisher":"https:\/\/www.facebook.com\/riojatrek","article_modified_time":"2016-03-09T10:56:28+00:00","og_image":[{"url":"\/\/www.riojatrek.com\/wp-content\/uploads\/2010\/07\/realjunta.jpg","type":"","width":"","height":""}],"twitter_card":"summary_large_image","twitter_site":"@riojatrek","twitter_misc":{"Est. reading time":"2 minutes"},"schema":{"@context":"https:\/\/schema.org","@graph":[{"@type":"WebPage","@id":"https:\/\/www.riojatrek.com\/en\/travelling-to-rioja\/fuenmayor\/","url":"https:\/\/www.riojatrek.com\/en\/travelling-to-rioja\/fuenmayor\/","name":"Fuenmayor - Riojatrek","isPartOf":{"@id":"https:\/\/www.riojatrek.com\/en\/#website"},"datePublished":"2010-07-18T10:04:43+00:00","dateModified":"2016-03-09T10:56:28+00:00","breadcrumb":{"@id":"https:\/\/www.riojatrek.com\/en\/travelling-to-rioja\/fuenmayor\/#breadcrumb"},"inLanguage":"en-US","potentialAction":[{"@type":"ReadAction","target":["https:\/\/www.riojatrek.com\/en\/travelling-to-rioja\/fuenmayor\/"]}]},{"@type":"BreadcrumbList","@id":"https:\/\/www.riojatrek.com\/en\/travelling-to-rioja\/fuenmayor\/#breadcrumb","itemListElement":[{"@type":"ListItem","position":1,"name":"Portada","item":"https:\/\/www.riojatrek.com\/en\/"},{"@type":"ListItem","position":2,"name":"Travelling to Rioja","item":"https:\/\/www.riojatrek.com\/en\/travelling-to-rioja\/"},{"@type":"ListItem","position":3,"name":"Fuenmayor"}]},{"@type":"WebSite","@id":"https:\/\/www.riojatrek.com\/en\/#website","url":"https:\/\/www.riojatrek.com\/en\/","name":"Riojatrek","description":"Rioja wine tours. Official tour guides.","publisher":{"@id":"https:\/\/www.riojatrek.com\/en\/#organization"},"potentialAction":[{"@type":"SearchAction","target":{"@type":"EntryPoint","urlTemplate":"https:\/\/www.riojatrek.com\/en\/?s={search_term_string}"},"query-input":{"@type":"PropertyValueSpecification","valueRequired":true,"valueName":"search_term_string"}}],"inLanguage":"en-US"},{"@type":"Organization","@id":"https:\/\/www.riojatrek.com\/en\/#organization","name":"Riojatrek","url":"https:\/\/www.riojatrek.com\/en\/","logo":{"@type":"ImageObject","inLanguage":"en-US","@id":"https:\/\/www.riojatrek.com\/en\/#\/schema\/logo\/image\/","url":"https:\/\/www.riojatrek.com\/wp-content\/uploads\/2024\/02\/logo-web.png","contentUrl":"https:\/\/www.riojatrek.com\/wp-content\/uploads\/2024\/02\/logo-web.png","width":500,"height":126,"caption":"Riojatrek"},"image":{"@id":"https:\/\/www.riojatrek.com\/en\/#\/schema\/logo\/image\/"},"sameAs":["https:\/\/www.facebook.com\/riojatrek","https:\/\/x.com\/riojatrek","https:\/\/www.youtube.com\/user\/riojatrek","https:\/\/www.instagram.com\/riojatrek\/"]}]}},"jetpack_sharing_enabled":true,"_links":{"self":[{"href":"https:\/\/www.riojatrek.com\/en\/wp-json\/wp\/v2\/pages\/5257","targetHints":{"allow":["GET"]}}],"collection":[{"href":"https:\/\/www.riojatrek.com\/en\/wp-json\/wp\/v2\/pages"}],"about":[{"href":"https:\/\/www.riojatrek.com\/en\/wp-json\/wp\/v2\/types\/page"}],"author":[{"embeddable":true,"href":"https:\/\/www.riojatrek.com\/en\/wp-json\/wp\/v2\/users\/1"}],"replies":[{"embeddable":true,"href":"https:\/\/www.riojatrek.com\/en\/wp-json\/wp\/v2\/comments?post=5257"}],"version-history":[{"count":2,"href":"https:\/\/www.riojatrek.com\/en\/wp-json\/wp\/v2\/pages\/5257\/revisions"}],"predecessor-version":[{"id":5260,"href":"https:\/\/www.riojatrek.com\/en\/wp-json\/wp\/v2\/pages\/5257\/revisions\/5260"}],"up":[{"embeddable":true,"href":"https:\/\/www.riojatrek.com\/en\/wp-json\/wp\/v2\/pages\/5238"}],"wp:attachment":[{"href":"https:\/\/www.riojatrek.com\/en\/wp-json\/wp\/v2\/media?parent=5257"}],"curies":[{"name":"wp","href":"https:\/\/api.w.org\/{rel}","templated":true}]}}