{"id":5251,"date":"2010-07-18T12:04:17","date_gmt":"2010-07-18T10:04:17","guid":{"rendered":"http:\/\/www.riojatrek.com\/\/en\/travelling-to-rioja\/logrono\/"},"modified":"2016-03-09T11:43:08","modified_gmt":"2016-03-09T10:43:08","slug":"logrono","status":"publish","type":"page","link":"https:\/\/www.riojatrek.com\/en\/travelling-to-rioja\/logrono\/","title":{"rendered":"Logro\u00f1o"},"content":{"rendered":"<div id=\"section_intro\">If you travel to La Rioja you must visit the capital city: Logro\u00f1o. Here you will find practical information that will help you plan your visit to the city.<\/div>\n<h2>How to get around<\/h2>\n<p>As a start: you can forget about using your car. We recommend you leave your car in one of the underground car parks in the centre and go everywhere on foot. Logro\u00f1o is the perfect city for walking because everywhere is within walking distance and the old area is mainly pedestrian.<\/p>\n<p><img loading=\"lazy\" decoding=\"async\" class=\"alignnone size-full wp-image-874\" title=\"Gente paseando por la calle Portales, Logro\u00f1o\" src=\"\/\/www.riojatrek.com\/wp-content\/uploads\/2010\/07\/pasear.jpg\" alt=\"Gente paseando por la calle Portales, Logro\u00f1o\" width=\"598\" height=\"260\" srcset=\"https:\/\/www.riojatrek.com\/wp-content\/uploads\/2010\/07\/pasear.jpg 598w, https:\/\/www.riojatrek.com\/wp-content\/uploads\/2010\/07\/pasear-300x130.jpg 300w\" sizes=\"auto, (max-width: 598px) 100vw, 598px\" \/><\/p>\n<p>Another wonderful way to get around is by <strong>bicycle<\/strong>. The Local Council has set up different points in the city where tourists can <a title=\"Logro\u00f1o by bike\" href=\"http:\/\/www.logrobici.es\"><strong>borrow bicycles free of charge<\/strong><\/a>. You only need to apply for a card in the <a title=\" Logro\u00f1o Tourist Office\" href=\"http:\/\/www.logroturismo.org\/sp\/logroturismo\/quienes_somos.php\">Logro\u00f1o Tourist Office<\/a>.<\/p>\n<p>To make life easier, you can download a map of <a href=\"\/\/www.riojatrek.com\/wp-content\/uploads\/2010\/07\/mapa_centro_logrono.pdf\">Logro\u00f1o city centre<\/a> (PDF 470K).<\/p>\n<p><a class=\"toc-anchor\" name=\"what-to-see\"><\/a><\/p>\n<h2>What to see<\/h2>\n<p>There are many interesting places to see without having to leave the centre and which you can visit on foot:<\/p>\n<ul>\n<li>Defensive wall and Ravelin (cubo del Revell\u00edn), the museum of the city of Logro\u00f1o (16th Century)<\/li>\n<li>The Parliament of La Rioja and the Library (the old Mercedario convent)<\/li>\n<li>Palace of Espartero, the provincial museum of La Rioja<\/li>\n<li><a title=\"Co-cathedral de La Redonda (Wikipedia)\" href=\"http:\/\/es.wikipedia.org\/wiki\/Concatedral_de_Santa_Mar%C3%ADa_de_la_Redonda\">Co-cathedral of Santa Mar\u00eda de La Redonda<\/a> (16th \u2013 18th Century, Baroque)<\/li>\n<li>Church of Santiago (16th Century)<\/li>\n<li><a title=\"Church of Santa Mar\u00eda de Palacio (Wikipedia)\" href=\"http:\/\/es.wikipedia.org\/wiki\/Iglesia_de_Santa_Mar%C3%ADa_de_Palacio_%28Logro%C3%B1o%29\">Church of Santa Mar\u00eda de Palacio<\/a> (13th \u2013 16th Century, Gothic, Reinassence)<\/li>\n<li>Church of San Bartolom\u00e9 (13th Century, Romanesque, Gothic, Mud\u00e9jar)<\/li>\n<li>Park of the river Ebro, the stone bridge and the iron bridge<\/li>\n<li>Palace of the Chapiteles (the old Town Hall)<\/li>\n<li>Paseo del Espol\u00f3n and the Statue of Espartero<\/li>\n<li>Way of St. James (Camino de Santiago)<\/li>\n<li>Plaza de Abastos (Food market)<\/li>\n<li>Laurel Street and San Juan Street (a \u201ctapas\u201d area)<\/li>\n<li><a title=\"Guided tour to Logro\u00f1o + winery\" href=\"\/\/www.riojatrek.com\/guia-de-turismo\/visitas-guiadas-por-logrono\/#logrono-visita-a-una-bodega\">Logro\u00f1o Wineries<\/a><\/li>\n<\/ul>\n<p><img loading=\"lazy\" decoding=\"async\" class=\"alignnone size-full wp-image-875\" title=\"P\u00f3rtico de la Iglesia de San Bartolom\u00e9, Logro\u00f1o\" src=\"\/\/www.riojatrek.com\/wp-content\/uploads\/2010\/07\/bartolome.jpg\" alt=\"P\u00f3rtico de la Iglesia de San Bartolom\u00e9, Logro\u00f1o\" width=\"598\" height=\"299\" srcset=\"https:\/\/www.riojatrek.com\/wp-content\/uploads\/2010\/07\/bartolome.jpg 598w, https:\/\/www.riojatrek.com\/wp-content\/uploads\/2010\/07\/bartolome-300x150.jpg 300w\" sizes=\"auto, (max-width: 598px) 100vw, 598px\" \/><\/p>\n<p>Riojatrek organises <strong><a title=\"Guided tours around Logro\u00f1o\" href=\"\/\/www.riojatrek.com\/en\/tourist-guides\/guided-tours-around-logrono\/\">guided tours around Logro\u00f1o<\/a><\/strong> that last about two hours and which allow the visitor to learn about and see all these and other places of interest in the city.<\/p>\n<h2>Where to eat<\/h2>\n<p>It\u2019s likely you have already been told that you have to visit <a title=\"Directory of bars and restaurants in Laurel Street\" href=\"http:\/\/www.callelaurel.net\/\">Laurel Street<\/a> to have pinchos for lunch or dinner. Very near this street, although less known, is <a title=\"San Juan Street: pinchos, tapas and wines\" href=\"http:\/\/www.lasanjuan.es\/\">San Juan Street<\/a>. In either street you will find a very pleasant atmosphere and exquisite delicacies, as well as first-class wine.<\/p>\n<p>There are many good restaurants to choose from. This <a title=\"Restaurant guide for Logro\u00f1o\" href=\"http:\/\/www.comerenlarioja.com\/restaurante\/restaurantes_logrono.html\">restaurant guide<\/a> for Logro\u00f1o offers you full information. Some of the places we recommend are:<\/p>\n<ul>\n<li>From \u20ac50\/person\n<ul>\n<li>Restaurante <a title=\"Restaurante La Galer\u00eda\" href=\"http:\/\/www.restaurantelagaleria.com\/\">La Galer\u00eda<\/a><\/li>\n<li>Restaurante <a title=\"Restaurante Portales 24\" href=\"http:\/\/maps.google.es\/maps\/place?hl=es&amp;xhr=t&amp;cp=16&amp;um=1&amp;ie=UTF-8&amp;q=restaurante+cantinflas+badaran&amp;fb=1&amp;gl=es&amp;hq=restaurante+cantinflas&amp;hnear=Badar%C3%A1n&amp;cid=12827699615332802652\">Portales 24<\/a><\/li>\n<li>Restaurante <a title=\"Restaurante El Rinc\u00f3n del Vino\" href=\"http:\/\/www.rinconesdelvino.com\/\">El Rinc\u00f3n del Vino<\/a><\/li>\n<\/ul>\n<\/li>\n<li>From \u20ac30 to \u20ac50\/person\n<ul>\n<li>Restaurante <a title=\"Restaurante Kabanova\" href=\"http:\/\/www.kabanova.com\/\">Kabanova<\/a><\/li>\n<li>Restaurante <a title=\"Resturante Lorenzo\" href=\"http:\/\/maps.google.es\/maps\/place?hl=&amp;rlz=1B3GGGL_esES272ES272&amp;um=1&amp;ie=UTF-8&amp;q=restaurante+zarcillo+logro%C3%B1o&amp;fb=1&amp;gl=es&amp;hq=restaurante+zarcillo&amp;hnear=Logro%C3%B1o&amp;cid=6607763728537015421\">Lorenzo<\/a><\/li>\n<li>Restaurante <a title=\"Restaurante El Zarcillo\" href=\"http:\/\/maps.google.es\/maps\/place?hl=&amp;rlz=1B3GGGL_esES272ES272&amp;um=1&amp;ie=UTF-8&amp;q=restaurante+zarcillo+logro%C3%B1o&amp;fb=1&amp;gl=es&amp;hq=restaurante+zarcillo&amp;hnear=Logro%C3%B1o&amp;cid=6607763728537015421\">El Zarcillo<\/a><\/li>\n<li>Restaurante <a title=\"Restaurante El Cachetero\" href=\"http:\/\/www.cachetero.com\/\">El Cachetero<\/a><\/li>\n<\/ul>\n<\/li>\n<li>Less than \u20ac30\/person\n<ul>\n<li>Restaurante <a title=\"Restaurante La Mejillonera\" href=\"http:\/\/maps.google.es\/maps\/place?hl=&amp;rlz=1B3GGGL_esES272ES272&amp;um=1&amp;ie=UTF-8&amp;q=restaurante+mejillonera+logro%C3%B1o&amp;fb=1&amp;gl=es&amp;hq=restaurante+mejillonera&amp;hnear=Logro%C3%B1o&amp;cid=15138579419516688777\">La Mejillonera<\/a><\/li>\n<li>Restaurante <a title=\"Restaurante El Rinc\u00f3n de Julio\" href=\"http:\/\/maps.google.es\/maps\/place?hl=&amp;rlz=1B3GGGL_esES272ES272&amp;um=1&amp;ie=UTF-8&amp;q=restaurante+rincon+de+julio+logro%C3%B1o&amp;fb=1&amp;gl=es&amp;hq=restaurante+rincon+de+julio&amp;hnear=Logro%C3%B1o&amp;cid=7229491633736167414\">El Rinc\u00f3n de Julio<\/a><\/li>\n<li>Restaurante <a title=\"Restaurante Da Marcos\" href=\"http:\/\/maps.google.es\/maps\/place?hl=&amp;rlz=1B3GGGL_esES272ES272&amp;um=1&amp;ie=UTF-8&amp;q=restaurante+da+marcos+logro%C3%B1o&amp;fb=1&amp;gl=es&amp;hq=restaurante+da+marcos&amp;hnear=Logro%C3%B1o&amp;cid=14710417217029642779\">Da Marcos<\/a> (italiano)<\/li>\n<li>Restaurante <a title=\"Restaurante La Tagliatella\" href=\"http:\/\/maps.google.es\/maps\/place?hl=&amp;rlz=1B3GGGL_esES272ES272&amp;um=1&amp;ie=UTF-8&amp;q=restaurante+tagliatella+logro%C3%B1o&amp;fb=1&amp;gl=es&amp;hq=restaurante+tagliatella&amp;hnear=Logro%C3%B1o&amp;cid=1703165710743273201\">La Tagliatella<\/a> (italiano)<\/li>\n<\/ul>\n<\/li>\n<li>Meals of the day (about \u20ac15\/person)\n<ul>\n<li>Cafeter\u00eda Colony (calle Portales 12)<\/li>\n<li>Restaurante <a title=\"Restaurante Casa Paco\" href=\"http:\/\/maps.google.es\/maps\/place?hl=&amp;rlz=1B3GGGL_esES272ES272&amp;um=1&amp;ie=UTF-8&amp;q=casa+paco+logro%C3%B1o&amp;fb=1&amp;gl=es&amp;hq=casa+paco&amp;hnear=Logro%C3%B1o&amp;cid=8059635759589353306\">Casa Paco<\/a><\/li>\n<li>Restaurante <a title=\"Restaurante Casa Taza\" href=\"http:\/\/maps.google.es\/maps\/place?hl=es&amp;um=1&amp;gl=es&amp;ie=UTF-8&amp;q=casa+taza+logro%C3%B1o&amp;fb=1&amp;gl=es&amp;hq=casa+taza&amp;hnear=Logro%C3%B1o&amp;cid=18379187449885652062\">Casa Taza<\/a><\/li>\n<\/ul>\n<\/li>\n<\/ul>\n<h2>Accommodation<\/h2>\n<p>Logro\u00f1o offers a wide range of accommodation that satisfies all tastes:<\/p>\n<ul>\n<li><a title=\"Hoteles en Logro\u00f1o\" href=\"http:\/\/lariojaturismo.com\/comunidad\/larioja\/dormir?default;rdf:type=accommodation&amp;harmonise:accommodationType@@@multiLan:textValue=hotel@es&amp;accommodation;harmonise:city@@@harmonise:name=logro%C3%B1o\">Hotels<\/a><\/li>\n<li><a title=\"Hostales en Logro\u00f1o\" href=\"http:\/\/lariojaturismo.com\/comunidad\/larioja\/dormir?default;rdf:type=accommodation&amp;harmonise:accommodationType@@@multiLan:textValue=hostal@es&amp;accommodation;harmonise:city@@@harmonise:name=logro%C3%B1o\">Hostels<\/a><\/li>\n<li><a title=\"Pensiones en Logro\u00f1o\" href=\"http:\/\/lariojaturismo.com\/comunidad\/larioja\/dormir?default;rdf:type=accommodation&amp;harmonise:accommodationType@@@multiLan:textValue=pensi%C3%B3n@es&amp;accommodation;harmonise:city@@@harmonise:name=logro%C3%B1o\">Guesthouses<\/a><\/li>\n<li><a title=\"Albergues en Logro\u00f1o\" href=\"http:\/\/lariojaturismo.com\/comunidad\/larioja\/dormir?default;rdf:type=accommodation&amp;harmonise:accommodationType@@@multiLan:textValue=albergues%20tur%C3%ADsticos@es&amp;accommodation;harmonise:city@@@harmonise:name=logro%C3%B1o\">Shelters<\/a><\/li>\n<li><a title=\"Camping La Playa, Logro\u00f1o\" href=\"http:\/\/lariojaturismo.com\/comunidad\/larioja\/dormir?default;rdf:type=accommodation&amp;harmonise:accommodationType@@@multiLan:textValue=campings@es&amp;accommodation;harmonise:city@@@harmonise:name=logro%C3%B1o\">Campsites<\/a><\/li>\n<\/ul>\n<h2>Shows<\/h2>\n<p>During your stay in Logro\u00f1o why don\u2019t you enjoy the city\u2019s <a title=\"Logro\u00f1o's Cultural Agenda\" href=\"http:\/\/www.logro-o.org\/portal\/pub\/portal_inicio.htm\">cultural agenda<\/a>: theatre, concerts, expositions, events\u2026<\/p>\n<h2>Festivities<\/h2>\n<p>Logro\u00f1o has two important festivals: the festival of San Bernab\u00e9 (the patron saint of the city) and especially the festival of San Mateo (the grape harvest festival).<\/p>\n<h3>Saint Barnabas (San Bernab\u00e9)<\/h3>\n<p>Saint Barnabas (San Bernab\u00e9), celebrated on June 11th, has been the patron saint of Logro\u00f1o since 1521 when, on this date, the city resisted the siege of the French enemy. Nowadays, the festival is celebrated together with the festival of the day of La Rioja (June, 9th). Throughout the whole week, a multitude of activities take place: fairs, circuses, street markets, historical representations of the siege, expositions, street exhibitions of all kinds, fireworks\u2026<\/p>\n<p><img loading=\"lazy\" decoding=\"async\" class=\"alignnone size-full wp-image-1173\" title=\"El arco de San Bernab\u00e9 en la calle Portales, Logro\u00f1o\" src=\"\/\/www.riojatrek.com\/wp-content\/uploads\/2010\/07\/sanbernabe.jpg\" alt=\"El arco de San Bernab\u00e9 en la calle Portales, Logro\u00f1o\" width=\"598\" height=\"309\" srcset=\"https:\/\/www.riojatrek.com\/wp-content\/uploads\/2010\/07\/sanbernabe.jpg 598w, https:\/\/www.riojatrek.com\/wp-content\/uploads\/2010\/07\/sanbernabe-300x155.jpg 300w\" sizes=\"auto, (max-width: 598px) 100vw, 598px\" \/><\/p>\n<h3>Saint Matthew (San Mateo)<\/h3>\n<p>The festival of Saint Matthew (San Mateo), which lasts from Saturday to Saturday in the week which includes September 21st, is the most popular because this is when the Rioja grape harvest is celebrated. It is a week of non-stop festivities: wine-tasting, treading grapes, youth clubs (chamizos), supporters clubs (pe\u00f1as), bulls, floats, markets, the international fireworks contest, the traditional hand-ball game championships\u2026<\/p>\n<p><img loading=\"lazy\" decoding=\"async\" class=\"alignnone size-full wp-image-1174\" title=\"Fiestas de San Mateo\" src=\"\/\/www.riojatrek.com\/wp-content\/uploads\/2010\/07\/chupinazo.jpg\" alt=\"Fiestas de San Mateo\" width=\"598\" height=\"389\" srcset=\"https:\/\/www.riojatrek.com\/wp-content\/uploads\/2010\/07\/chupinazo.jpg 598w, https:\/\/www.riojatrek.com\/wp-content\/uploads\/2010\/07\/chupinazo-300x195.jpg 300w\" sizes=\"auto, (max-width: 598px) 100vw, 598px\" \/><\/p>\n<h2>Shopping<\/h2>\n<p>In 1997, Logro\u00f1o was declared the Best Shopping City of Spain. In the centre, you will be able to find high-quality shops in the Gran V\u00eda, Paseo de las Cien Tiendas and in the old town.<\/p>\n<h2>Tourist Office<\/h2>\n<ul>\n<li><a title=\"Oficina de turismo de La Rioja\" href=\"http:\/\/www.lariojaturismo.com\/oficina_turismo_fichas\/ampliar_ficha.php?Id_contenido=1442\">La Rioja provincial tourist office<\/a><br \/>\nCalle Portales 50. Tel. (+34) 941.273.353<\/li>\n<\/ul>\n<p>Locate the tourist office on the <a title=\"Oficinas de turismo en Logro\u00f1o\" href=\"http:\/\/www.bing.com\/maps\/?v=2&amp;cp=42.46578425691037~-2.4446291081706217&amp;lvl=16&amp;dir=0&amp;sty=r&amp;sp=Point.r29y48gsw5z3_Oficina%20de%20Turismo%20de%20Logro%C3%B1o____~Point.r29pt6gswp6c_Oficina%20de%20Turismo%20de%20La%20Rioja____&amp;FORM=LMLTCC\">map<\/a>.<\/p>\n","protected":false},"excerpt":{"rendered":"<p>If you travel to La Rioja you must visit the capital city: Logro\u00f1o. Here you will find practical information that will help you plan your visit to the city. How to get around As a start: you can forget about using your car. We recommend you leave your car in one of the underground car&hellip;<\/p>\n","protected":false},"author":1,"featured_media":0,"parent":5238,"menu_order":12,"comment_status":"closed","ping_status":"closed","template":"","meta":{"_et_pb_use_builder":"","_et_pb_old_content":"","_et_gb_content_width":"","footnotes":""},"class_list":["post-5251","page","type-page","status-publish","hentry"],"yoast_head":"<!-- This site is optimized with the Yoast SEO plugin v26.1.1 - https:\/\/yoast.com\/wordpress\/plugins\/seo\/ -->\n<title>Logro\u00f1o - Riojatrek<\/title>\n<meta name=\"robots\" content=\"index, follow, max-snippet:-1, max-image-preview:large, max-video-preview:-1\" \/>\n<link rel=\"canonical\" href=\"https:\/\/www.riojatrek.com\/en\/travelling-to-rioja\/logrono\/\" \/>\n<meta property=\"og:locale\" content=\"en_US\" \/>\n<meta property=\"og:type\" content=\"article\" \/>\n<meta property=\"og:title\" content=\"Logro\u00f1o - Riojatrek\" \/>\n<meta property=\"og:description\" content=\"If you travel to La Rioja you must visit the capital city: Logro\u00f1o. Here you will find practical information that will help you plan your visit to the city. How to get around As a start: you can forget about using your car. We recommend you leave your car in one of the underground car&hellip;\" \/>\n<meta property=\"og:url\" content=\"https:\/\/www.riojatrek.com\/en\/travelling-to-rioja\/logrono\/\" \/>\n<meta property=\"og:site_name\" content=\"Riojatrek\" \/>\n<meta property=\"article:publisher\" content=\"https:\/\/www.facebook.com\/riojatrek\" \/>\n<meta property=\"article:modified_time\" content=\"2016-03-09T10:43:08+00:00\" \/>\n<meta property=\"og:image\" content=\"\/\/www.riojatrek.com\/wp-content\/uploads\/2010\/07\/pasear.jpg\" \/>\n<meta name=\"twitter:card\" content=\"summary_large_image\" \/>\n<meta name=\"twitter:site\" content=\"@riojatrek\" \/>\n<meta name=\"twitter:label1\" content=\"Est. reading time\" \/>\n\t<meta name=\"twitter:data1\" content=\"4 minutes\" \/>\n<script type=\"application\/ld+json\" class=\"yoast-schema-graph\">{\"@context\":\"https:\/\/schema.org\",\"@graph\":[{\"@type\":\"WebPage\",\"@id\":\"https:\/\/www.riojatrek.com\/en\/travelling-to-rioja\/logrono\/\",\"url\":\"https:\/\/www.riojatrek.com\/en\/travelling-to-rioja\/logrono\/\",\"name\":\"Logro\u00f1o - Riojatrek\",\"isPartOf\":{\"@id\":\"https:\/\/www.riojatrek.com\/en\/#website\"},\"datePublished\":\"2010-07-18T10:04:17+00:00\",\"dateModified\":\"2016-03-09T10:43:08+00:00\",\"breadcrumb\":{\"@id\":\"https:\/\/www.riojatrek.com\/en\/travelling-to-rioja\/logrono\/#breadcrumb\"},\"inLanguage\":\"en-US\",\"potentialAction\":[{\"@type\":\"ReadAction\",\"target\":[\"https:\/\/www.riojatrek.com\/en\/travelling-to-rioja\/logrono\/\"]}]},{\"@type\":\"BreadcrumbList\",\"@id\":\"https:\/\/www.riojatrek.com\/en\/travelling-to-rioja\/logrono\/#breadcrumb\",\"itemListElement\":[{\"@type\":\"ListItem\",\"position\":1,\"name\":\"Portada\",\"item\":\"https:\/\/www.riojatrek.com\/en\/\"},{\"@type\":\"ListItem\",\"position\":2,\"name\":\"Travelling to Rioja\",\"item\":\"https:\/\/www.riojatrek.com\/en\/travelling-to-rioja\/\"},{\"@type\":\"ListItem\",\"position\":3,\"name\":\"Logro\u00f1o\"}]},{\"@type\":\"WebSite\",\"@id\":\"https:\/\/www.riojatrek.com\/en\/#website\",\"url\":\"https:\/\/www.riojatrek.com\/en\/\",\"name\":\"Riojatrek\",\"description\":\"Rioja wine tours. Official tour guides.\",\"publisher\":{\"@id\":\"https:\/\/www.riojatrek.com\/en\/#organization\"},\"potentialAction\":[{\"@type\":\"SearchAction\",\"target\":{\"@type\":\"EntryPoint\",\"urlTemplate\":\"https:\/\/www.riojatrek.com\/en\/?s={search_term_string}\"},\"query-input\":{\"@type\":\"PropertyValueSpecification\",\"valueRequired\":true,\"valueName\":\"search_term_string\"}}],\"inLanguage\":\"en-US\"},{\"@type\":\"Organization\",\"@id\":\"https:\/\/www.riojatrek.com\/en\/#organization\",\"name\":\"Riojatrek\",\"url\":\"https:\/\/www.riojatrek.com\/en\/\",\"logo\":{\"@type\":\"ImageObject\",\"inLanguage\":\"en-US\",\"@id\":\"https:\/\/www.riojatrek.com\/en\/#\/schema\/logo\/image\/\",\"url\":\"https:\/\/www.riojatrek.com\/wp-content\/uploads\/2024\/02\/logo-web.png\",\"contentUrl\":\"https:\/\/www.riojatrek.com\/wp-content\/uploads\/2024\/02\/logo-web.png\",\"width\":500,\"height\":126,\"caption\":\"Riojatrek\"},\"image\":{\"@id\":\"https:\/\/www.riojatrek.com\/en\/#\/schema\/logo\/image\/\"},\"sameAs\":[\"https:\/\/www.facebook.com\/riojatrek\",\"https:\/\/x.com\/riojatrek\",\"https:\/\/www.youtube.com\/user\/riojatrek\",\"https:\/\/www.instagram.com\/riojatrek\/\"]}]}<\/script>\n<!-- \/ Yoast SEO plugin. -->","yoast_head_json":{"title":"Logro\u00f1o - Riojatrek","robots":{"index":"index","follow":"follow","max-snippet":"max-snippet:-1","max-image-preview":"max-image-preview:large","max-video-preview":"max-video-preview:-1"},"canonical":"https:\/\/www.riojatrek.com\/en\/travelling-to-rioja\/logrono\/","og_locale":"en_US","og_type":"article","og_title":"Logro\u00f1o - Riojatrek","og_description":"If you travel to La Rioja you must visit the capital city: Logro\u00f1o. Here you will find practical information that will help you plan your visit to the city. How to get around As a start: you can forget about using your car. We recommend you leave your car in one of the underground car&hellip;","og_url":"https:\/\/www.riojatrek.com\/en\/travelling-to-rioja\/logrono\/","og_site_name":"Riojatrek","article_publisher":"https:\/\/www.facebook.com\/riojatrek","article_modified_time":"2016-03-09T10:43:08+00:00","og_image":[{"url":"\/\/www.riojatrek.com\/wp-content\/uploads\/2010\/07\/pasear.jpg","type":"","width":"","height":""}],"twitter_card":"summary_large_image","twitter_site":"@riojatrek","twitter_misc":{"Est. reading time":"4 minutes"},"schema":{"@context":"https:\/\/schema.org","@graph":[{"@type":"WebPage","@id":"https:\/\/www.riojatrek.com\/en\/travelling-to-rioja\/logrono\/","url":"https:\/\/www.riojatrek.com\/en\/travelling-to-rioja\/logrono\/","name":"Logro\u00f1o - Riojatrek","isPartOf":{"@id":"https:\/\/www.riojatrek.com\/en\/#website"},"datePublished":"2010-07-18T10:04:17+00:00","dateModified":"2016-03-09T10:43:08+00:00","breadcrumb":{"@id":"https:\/\/www.riojatrek.com\/en\/travelling-to-rioja\/logrono\/#breadcrumb"},"inLanguage":"en-US","potentialAction":[{"@type":"ReadAction","target":["https:\/\/www.riojatrek.com\/en\/travelling-to-rioja\/logrono\/"]}]},{"@type":"BreadcrumbList","@id":"https:\/\/www.riojatrek.com\/en\/travelling-to-rioja\/logrono\/#breadcrumb","itemListElement":[{"@type":"ListItem","position":1,"name":"Portada","item":"https:\/\/www.riojatrek.com\/en\/"},{"@type":"ListItem","position":2,"name":"Travelling to Rioja","item":"https:\/\/www.riojatrek.com\/en\/travelling-to-rioja\/"},{"@type":"ListItem","position":3,"name":"Logro\u00f1o"}]},{"@type":"WebSite","@id":"https:\/\/www.riojatrek.com\/en\/#website","url":"https:\/\/www.riojatrek.com\/en\/","name":"Riojatrek","description":"Rioja wine tours. Official tour guides.","publisher":{"@id":"https:\/\/www.riojatrek.com\/en\/#organization"},"potentialAction":[{"@type":"SearchAction","target":{"@type":"EntryPoint","urlTemplate":"https:\/\/www.riojatrek.com\/en\/?s={search_term_string}"},"query-input":{"@type":"PropertyValueSpecification","valueRequired":true,"valueName":"search_term_string"}}],"inLanguage":"en-US"},{"@type":"Organization","@id":"https:\/\/www.riojatrek.com\/en\/#organization","name":"Riojatrek","url":"https:\/\/www.riojatrek.com\/en\/","logo":{"@type":"ImageObject","inLanguage":"en-US","@id":"https:\/\/www.riojatrek.com\/en\/#\/schema\/logo\/image\/","url":"https:\/\/www.riojatrek.com\/wp-content\/uploads\/2024\/02\/logo-web.png","contentUrl":"https:\/\/www.riojatrek.com\/wp-content\/uploads\/2024\/02\/logo-web.png","width":500,"height":126,"caption":"Riojatrek"},"image":{"@id":"https:\/\/www.riojatrek.com\/en\/#\/schema\/logo\/image\/"},"sameAs":["https:\/\/www.facebook.com\/riojatrek","https:\/\/x.com\/riojatrek","https:\/\/www.youtube.com\/user\/riojatrek","https:\/\/www.instagram.com\/riojatrek\/"]}]}},"jetpack_sharing_enabled":true,"_links":{"self":[{"href":"https:\/\/www.riojatrek.com\/en\/wp-json\/wp\/v2\/pages\/5251","targetHints":{"allow":["GET"]}}],"collection":[{"href":"https:\/\/www.riojatrek.com\/en\/wp-json\/wp\/v2\/pages"}],"about":[{"href":"https:\/\/www.riojatrek.com\/en\/wp-json\/wp\/v2\/types\/page"}],"author":[{"embeddable":true,"href":"https:\/\/www.riojatrek.com\/en\/wp-json\/wp\/v2\/users\/1"}],"replies":[{"embeddable":true,"href":"https:\/\/www.riojatrek.com\/en\/wp-json\/wp\/v2\/comments?post=5251"}],"version-history":[{"count":2,"href":"https:\/\/www.riojatrek.com\/en\/wp-json\/wp\/v2\/pages\/5251\/revisions"}],"predecessor-version":[{"id":5254,"href":"https:\/\/www.riojatrek.com\/en\/wp-json\/wp\/v2\/pages\/5251\/revisions\/5254"}],"up":[{"embeddable":true,"href":"https:\/\/www.riojatrek.com\/en\/wp-json\/wp\/v2\/pages\/5238"}],"wp:attachment":[{"href":"https:\/\/www.riojatrek.com\/en\/wp-json\/wp\/v2\/media?parent=5251"}],"curies":[{"name":"wp","href":"https:\/\/api.w.org\/{rel}","templated":true}]}}