{"id":5245,"date":"2010-07-18T12:03:46","date_gmt":"2010-07-18T10:03:46","guid":{"rendered":"http:\/\/www.riojatrek.com\/\/en\/travelling-to-rioja\/la-rioja\/"},"modified":"2016-04-05T19:25:48","modified_gmt":"2016-04-05T17:25:48","slug":"la-rioja","status":"publish","type":"page","link":"https:\/\/www.riojatrek.com\/en\/travelling-to-rioja\/la-rioja\/","title":{"rendered":"La Rioja"},"content":{"rendered":"<div id=\"section_intro\">You\u2019ve practically made up your mind to visit La Rioja but you don\u2019t really know anything about the region? Here you can find some information that will help you find out about your next holiday destination.<\/div>\n<p>&nbsp;<\/p>\n<h2>Location and geography<\/h2>\n<p>With an area of just over 5000 km<sup>2<\/sup>, La Rioja is the smallest of the autonomous regions. The River Ebro acts as a natural boundary with \u00c1lava and Navarra to the north. The southern boundary comprises the mountain ranges of la Demanda and Cebollera, with peaks of over 2000m.<\/p>\n<p><img loading=\"lazy\" decoding=\"async\" class=\"alignnone size-full wp-image-844\" title=\"Mapa f\u00edsico de La Rioja y cabeceras de comarca\" src=\"\/\/www.riojatrek.com\/wp-content\/uploads\/2010\/07\/maprioja.jpg\" alt=\"Mapa f\u00edsico de La Rioja y cabeceras de comarca\" width=\"598\" height=\"397\" srcset=\"https:\/\/www.riojatrek.com\/wp-content\/uploads\/2010\/07\/maprioja.jpg 598w, https:\/\/www.riojatrek.com\/wp-content\/uploads\/2010\/07\/maprioja-300x199.jpg 300w\" sizes=\"auto, (max-width: 598px) 100vw, 598px\" \/><br \/>\nThe sources of seven rivers which flow into the Ebro are born in these and other peaks of the south, forming seven valleys of outstanding beauty. <strong>River Oja<\/strong>, to the west, gives its name to the region.<\/p>\n<h2>Maps<\/h2>\n<p>Even though nowadays almost everybody owns a GPS, a map can always come in handy. Here we provide you with a few downloadable PDF maps that you will find useful.<\/p>\n<ul>\n<li><a href=\"\/\/www.riojatrek.com\/wp-content\/uploads\/2010\/07\/mapa_carreteras_rioja.pdf\">Maps of roads and towns in La Rioja<\/a><\/li>\n<li><a href=\"\/\/www.riojatrek.com\/wp-content\/uploads\/2010\/07\/mapa_centro_logrono.pdf\">Map of Logro\u00f1o\u2019s city centre<\/a><\/li>\n<li><a href=\"\/\/www.riojatrek.com\/wp-content\/uploads\/2010\/07\/mapa_fuenmayor.pdf\">Map of Fuenmayor<\/a><\/li>\n<li><a href=\"\/\/www.riojatrek.com\/wp-content\/uploads\/2010\/07\/mapa_calahorra.pdf\">Map of Calahorra<\/a><\/li>\n<\/ul>\n<p>If you need more specific maps, you can visit the <a title=\"Geographical information system of La Rioja Government\" href=\"http:\/\/www.iderioja.larioja.org\/\">Geographical information system of La Rioja Government<\/a>.<\/p>\n<h2>Places to visit<\/h2>\n<p>La Rioja offers <a title=\"Guided tours around La Rioja\" href=\"\/\/www.riojatrek.com\/en\/tourist-guides\/guided-tours-around-la-rioja\/\">many places to see and enjoy<\/a> but if you\u2019re looking for the most important things to do, the things that just can\u2019t be missed, anyone who has been to La Rioja will tell you there\u2019s nothing as wonderful as:<\/p>\n<ul>\n<li>Walking around <a title=\"Guided trip around Logro\u00f1o's old town\" href=\"\/\/www.riojatrek.com\/en\/tourist-guides\/guided-tours-around-logrono\/#guided-trip-around-logronos-old-town\">Logro\u00f1o\u2019s old town<\/a><\/li>\n<li>Eating pinchos (tapas) in <a title=\"Going on a tapas route around Logro\u00f1o\" href=\"\/\/www.riojatrek.com\/en\/tourist-guides\/guided-tours-around-logrono\/#going-on-a-tapas-route-around-logrono\">Laurel Street<\/a><\/li>\n<li><a title=\"Visiting Rioja wineries\" href=\"\/\/www.riojatrek.com\/en\/tourist-guides\/visiting-rioja-wineries\/\">Visiting a winery<\/a><\/li>\n<\/ul>\n<p><img loading=\"lazy\" decoding=\"async\" class=\"alignnone size-full wp-image-837\" title=\"Gu\u00eda en una bodega de Rioja\" src=\"\/\/www.riojatrek.com\/wp-content\/uploads\/2010\/07\/impres.jpg\" alt=\"Gu\u00eda en una bodega de Rioja\" width=\"598\" height=\"250\" srcset=\"https:\/\/www.riojatrek.com\/wp-content\/uploads\/2010\/07\/impres.jpg 598w, https:\/\/www.riojatrek.com\/wp-content\/uploads\/2010\/07\/impres-300x125.jpg 300w\" sizes=\"auto, (max-width: 598px) 100vw, 598px\" \/><\/p>\n<p>You can also find suggestions in the articles published in <a title=\"The Riojatrek Blog\" href=\"\/\/www.riojatrek.com\/blog\/\">our blog<\/a>.<\/p>\n<h2>Transport<\/h2>\n<ul>\n<li><strong>Agoncillo Airport<\/strong>: 16km from Logro\u00f1o. There is usually only one return flight to Madrid.<\/li>\n<li><strong>Train<\/strong>: Crossing the north of La Rioja from east to west, it follows the course of the River Ebro.<\/li>\n<li><strong>Bus <\/strong>to get around La Rioja\n<ul>\n<li><strong>Metropolitan<\/strong>: <a title=\"Logro\u00f1o metropolitan bus lines\" href=\"http:\/\/www.larioja.org\/npRioja\/default\/defaultpage.jsp?idtab=504124&amp;IdDoc=495877\">7 lines<\/a> connecting Logro\u00f1o with the municipalities of its metropolitan area.<\/li>\n<li><strong>Intercity<\/strong>: <a title=\"La Rioja intercity bus lines\" href=\"http:\/\/www.larioja.org\/npRioja\/default\/defaultpage.jsp?idtab=504128&amp;IdDoc=504241\">14 lines<\/a> connecting over 150 municipalities dotted around the whole of La Rioja.<\/li>\n<li><strong>Rural<\/strong>: <a title=\"Rural bus lines\" href=\"http:\/\/www.larioja.org\/npRioja\/default\/defaultpage.jsp?idtab=504132&amp;IdDoc=495997\">5 lines<\/a> connecting over 50 villages with the capital towns of their respective districts.<\/li>\n<\/ul>\n<\/li>\n<\/ul>\n<h2>Additional information<\/h2>\n<p>You will find all the tourist information about La Rioja in the official website <a title=\"La Rioja turismo\" href=\"http:\/\/www.lariojaturismo.org\/\">www.lariojaturismo.org<\/a>.<\/p>\n","protected":false},"excerpt":{"rendered":"<p>You\u2019ve practically made up your mind to visit La Rioja but you don\u2019t really know anything about the region? Here you can find some information that will help you find out about your next holiday destination. &nbsp; Location and geography With an area of just over 5000 km2, La Rioja is the smallest of the&hellip;<\/p>\n","protected":false},"author":1,"featured_media":0,"parent":5238,"menu_order":8,"comment_status":"closed","ping_status":"closed","template":"","meta":{"_et_pb_use_builder":"","_et_pb_old_content":"","_et_gb_content_width":"","footnotes":""},"class_list":["post-5245","page","type-page","status-publish","hentry"],"yoast_head":"<!-- This site is optimized with the Yoast SEO plugin v26.1.1 - https:\/\/yoast.com\/wordpress\/plugins\/seo\/ -->\n<title>Informaci\u00f3n para planear tu viaje a La Rioja - Riojatrek<\/title>\n<meta name=\"description\" content=\"Informaci\u00f3n de utilidad para planear tu viaje a La Rioja. Situaci\u00f3n y geograf\u00eda. Descarga de mapas. Red de transporte p\u00fablico. Informaci\u00f3n de turismo.\" \/>\n<meta name=\"robots\" content=\"index, follow, max-snippet:-1, max-image-preview:large, max-video-preview:-1\" \/>\n<link rel=\"canonical\" href=\"https:\/\/www.riojatrek.com\/en\/travelling-to-rioja\/la-rioja\/\" \/>\n<meta property=\"og:locale\" content=\"en_US\" \/>\n<meta property=\"og:type\" content=\"article\" \/>\n<meta property=\"og:title\" content=\"Informaci\u00f3n para planear tu viaje a La Rioja - Riojatrek\" \/>\n<meta property=\"og:description\" content=\"Informaci\u00f3n de utilidad para planear tu viaje a La Rioja. Situaci\u00f3n y geograf\u00eda. Descarga de mapas. Red de transporte p\u00fablico. Informaci\u00f3n de turismo.\" \/>\n<meta property=\"og:url\" content=\"https:\/\/www.riojatrek.com\/en\/travelling-to-rioja\/la-rioja\/\" \/>\n<meta property=\"og:site_name\" content=\"Riojatrek\" \/>\n<meta property=\"article:publisher\" content=\"https:\/\/www.facebook.com\/riojatrek\" \/>\n<meta property=\"article:modified_time\" content=\"2016-04-05T17:25:48+00:00\" \/>\n<meta property=\"og:image\" content=\"\/\/www.riojatrek.com\/wp-content\/uploads\/2010\/07\/maprioja.jpg\" \/>\n<meta name=\"twitter:card\" content=\"summary_large_image\" \/>\n<meta name=\"twitter:site\" content=\"@riojatrek\" \/>\n<meta name=\"twitter:label1\" content=\"Est. reading time\" \/>\n\t<meta name=\"twitter:data1\" content=\"2 minutes\" \/>\n<script type=\"application\/ld+json\" class=\"yoast-schema-graph\">{\"@context\":\"https:\/\/schema.org\",\"@graph\":[{\"@type\":\"WebPage\",\"@id\":\"https:\/\/www.riojatrek.com\/en\/travelling-to-rioja\/la-rioja\/\",\"url\":\"https:\/\/www.riojatrek.com\/en\/travelling-to-rioja\/la-rioja\/\",\"name\":\"Informaci\u00f3n para planear tu viaje a La Rioja - Riojatrek\",\"isPartOf\":{\"@id\":\"https:\/\/www.riojatrek.com\/en\/#website\"},\"datePublished\":\"2010-07-18T10:03:46+00:00\",\"dateModified\":\"2016-04-05T17:25:48+00:00\",\"description\":\"Informaci\u00f3n de utilidad para planear tu viaje a La Rioja. Situaci\u00f3n y geograf\u00eda. Descarga de mapas. Red de transporte p\u00fablico. Informaci\u00f3n de turismo.\",\"breadcrumb\":{\"@id\":\"https:\/\/www.riojatrek.com\/en\/travelling-to-rioja\/la-rioja\/#breadcrumb\"},\"inLanguage\":\"en-US\",\"potentialAction\":[{\"@type\":\"ReadAction\",\"target\":[\"https:\/\/www.riojatrek.com\/en\/travelling-to-rioja\/la-rioja\/\"]}]},{\"@type\":\"BreadcrumbList\",\"@id\":\"https:\/\/www.riojatrek.com\/en\/travelling-to-rioja\/la-rioja\/#breadcrumb\",\"itemListElement\":[{\"@type\":\"ListItem\",\"position\":1,\"name\":\"Portada\",\"item\":\"https:\/\/www.riojatrek.com\/en\/\"},{\"@type\":\"ListItem\",\"position\":2,\"name\":\"Travelling to Rioja\",\"item\":\"https:\/\/www.riojatrek.com\/en\/travelling-to-rioja\/\"},{\"@type\":\"ListItem\",\"position\":3,\"name\":\"La Rioja\"}]},{\"@type\":\"WebSite\",\"@id\":\"https:\/\/www.riojatrek.com\/en\/#website\",\"url\":\"https:\/\/www.riojatrek.com\/en\/\",\"name\":\"Riojatrek\",\"description\":\"Rioja wine tours. Official tour guides.\",\"publisher\":{\"@id\":\"https:\/\/www.riojatrek.com\/en\/#organization\"},\"potentialAction\":[{\"@type\":\"SearchAction\",\"target\":{\"@type\":\"EntryPoint\",\"urlTemplate\":\"https:\/\/www.riojatrek.com\/en\/?s={search_term_string}\"},\"query-input\":{\"@type\":\"PropertyValueSpecification\",\"valueRequired\":true,\"valueName\":\"search_term_string\"}}],\"inLanguage\":\"en-US\"},{\"@type\":\"Organization\",\"@id\":\"https:\/\/www.riojatrek.com\/en\/#organization\",\"name\":\"Riojatrek\",\"url\":\"https:\/\/www.riojatrek.com\/en\/\",\"logo\":{\"@type\":\"ImageObject\",\"inLanguage\":\"en-US\",\"@id\":\"https:\/\/www.riojatrek.com\/en\/#\/schema\/logo\/image\/\",\"url\":\"https:\/\/www.riojatrek.com\/wp-content\/uploads\/2024\/02\/logo-web.png\",\"contentUrl\":\"https:\/\/www.riojatrek.com\/wp-content\/uploads\/2024\/02\/logo-web.png\",\"width\":500,\"height\":126,\"caption\":\"Riojatrek\"},\"image\":{\"@id\":\"https:\/\/www.riojatrek.com\/en\/#\/schema\/logo\/image\/\"},\"sameAs\":[\"https:\/\/www.facebook.com\/riojatrek\",\"https:\/\/x.com\/riojatrek\",\"https:\/\/www.youtube.com\/user\/riojatrek\",\"https:\/\/www.instagram.com\/riojatrek\/\"]}]}<\/script>\n<!-- \/ Yoast SEO plugin. -->","yoast_head_json":{"title":"Informaci\u00f3n para planear tu viaje a La Rioja - Riojatrek","description":"Informaci\u00f3n de utilidad para planear tu viaje a La Rioja. Situaci\u00f3n y geograf\u00eda. Descarga de mapas. Red de transporte p\u00fablico. Informaci\u00f3n de turismo.","robots":{"index":"index","follow":"follow","max-snippet":"max-snippet:-1","max-image-preview":"max-image-preview:large","max-video-preview":"max-video-preview:-1"},"canonical":"https:\/\/www.riojatrek.com\/en\/travelling-to-rioja\/la-rioja\/","og_locale":"en_US","og_type":"article","og_title":"Informaci\u00f3n para planear tu viaje a La Rioja - Riojatrek","og_description":"Informaci\u00f3n de utilidad para planear tu viaje a La Rioja. Situaci\u00f3n y geograf\u00eda. Descarga de mapas. Red de transporte p\u00fablico. Informaci\u00f3n de turismo.","og_url":"https:\/\/www.riojatrek.com\/en\/travelling-to-rioja\/la-rioja\/","og_site_name":"Riojatrek","article_publisher":"https:\/\/www.facebook.com\/riojatrek","article_modified_time":"2016-04-05T17:25:48+00:00","og_image":[{"url":"\/\/www.riojatrek.com\/wp-content\/uploads\/2010\/07\/maprioja.jpg","type":"","width":"","height":""}],"twitter_card":"summary_large_image","twitter_site":"@riojatrek","twitter_misc":{"Est. reading time":"2 minutes"},"schema":{"@context":"https:\/\/schema.org","@graph":[{"@type":"WebPage","@id":"https:\/\/www.riojatrek.com\/en\/travelling-to-rioja\/la-rioja\/","url":"https:\/\/www.riojatrek.com\/en\/travelling-to-rioja\/la-rioja\/","name":"Informaci\u00f3n para planear tu viaje a La Rioja - Riojatrek","isPartOf":{"@id":"https:\/\/www.riojatrek.com\/en\/#website"},"datePublished":"2010-07-18T10:03:46+00:00","dateModified":"2016-04-05T17:25:48+00:00","description":"Informaci\u00f3n de utilidad para planear tu viaje a La Rioja. Situaci\u00f3n y geograf\u00eda. Descarga de mapas. Red de transporte p\u00fablico. Informaci\u00f3n de turismo.","breadcrumb":{"@id":"https:\/\/www.riojatrek.com\/en\/travelling-to-rioja\/la-rioja\/#breadcrumb"},"inLanguage":"en-US","potentialAction":[{"@type":"ReadAction","target":["https:\/\/www.riojatrek.com\/en\/travelling-to-rioja\/la-rioja\/"]}]},{"@type":"BreadcrumbList","@id":"https:\/\/www.riojatrek.com\/en\/travelling-to-rioja\/la-rioja\/#breadcrumb","itemListElement":[{"@type":"ListItem","position":1,"name":"Portada","item":"https:\/\/www.riojatrek.com\/en\/"},{"@type":"ListItem","position":2,"name":"Travelling to Rioja","item":"https:\/\/www.riojatrek.com\/en\/travelling-to-rioja\/"},{"@type":"ListItem","position":3,"name":"La Rioja"}]},{"@type":"WebSite","@id":"https:\/\/www.riojatrek.com\/en\/#website","url":"https:\/\/www.riojatrek.com\/en\/","name":"Riojatrek","description":"Rioja wine tours. Official tour guides.","publisher":{"@id":"https:\/\/www.riojatrek.com\/en\/#organization"},"potentialAction":[{"@type":"SearchAction","target":{"@type":"EntryPoint","urlTemplate":"https:\/\/www.riojatrek.com\/en\/?s={search_term_string}"},"query-input":{"@type":"PropertyValueSpecification","valueRequired":true,"valueName":"search_term_string"}}],"inLanguage":"en-US"},{"@type":"Organization","@id":"https:\/\/www.riojatrek.com\/en\/#organization","name":"Riojatrek","url":"https:\/\/www.riojatrek.com\/en\/","logo":{"@type":"ImageObject","inLanguage":"en-US","@id":"https:\/\/www.riojatrek.com\/en\/#\/schema\/logo\/image\/","url":"https:\/\/www.riojatrek.com\/wp-content\/uploads\/2024\/02\/logo-web.png","contentUrl":"https:\/\/www.riojatrek.com\/wp-content\/uploads\/2024\/02\/logo-web.png","width":500,"height":126,"caption":"Riojatrek"},"image":{"@id":"https:\/\/www.riojatrek.com\/en\/#\/schema\/logo\/image\/"},"sameAs":["https:\/\/www.facebook.com\/riojatrek","https:\/\/x.com\/riojatrek","https:\/\/www.youtube.com\/user\/riojatrek","https:\/\/www.instagram.com\/riojatrek\/"]}]}},"jetpack_sharing_enabled":true,"_links":{"self":[{"href":"https:\/\/www.riojatrek.com\/en\/wp-json\/wp\/v2\/pages\/5245","targetHints":{"allow":["GET"]}}],"collection":[{"href":"https:\/\/www.riojatrek.com\/en\/wp-json\/wp\/v2\/pages"}],"about":[{"href":"https:\/\/www.riojatrek.com\/en\/wp-json\/wp\/v2\/types\/page"}],"author":[{"embeddable":true,"href":"https:\/\/www.riojatrek.com\/en\/wp-json\/wp\/v2\/users\/1"}],"replies":[{"embeddable":true,"href":"https:\/\/www.riojatrek.com\/en\/wp-json\/wp\/v2\/comments?post=5245"}],"version-history":[{"count":3,"href":"https:\/\/www.riojatrek.com\/en\/wp-json\/wp\/v2\/pages\/5245\/revisions"}],"predecessor-version":[{"id":5407,"href":"https:\/\/www.riojatrek.com\/en\/wp-json\/wp\/v2\/pages\/5245\/revisions\/5407"}],"up":[{"embeddable":true,"href":"https:\/\/www.riojatrek.com\/en\/wp-json\/wp\/v2\/pages\/5238"}],"wp:attachment":[{"href":"https:\/\/www.riojatrek.com\/en\/wp-json\/wp\/v2\/media?parent=5245"}],"curies":[{"name":"wp","href":"https:\/\/api.w.org\/{rel}","templated":true}]}}