{"id":5238,"date":"2010-06-27T11:54:49","date_gmt":"2010-06-27T09:54:49","guid":{"rendered":"http:\/\/www.riojatrek.com\/\/en\/viajar-a-la-rioja\/"},"modified":"2016-03-09T11:29:50","modified_gmt":"2016-03-09T10:29:50","slug":"travelling-to-rioja","status":"publish","type":"page","link":"https:\/\/www.riojatrek.com\/en\/travelling-to-rioja\/","title":{"rendered":"Travelling to Rioja"},"content":{"rendered":"<div id=\"section_intro\">Do you need more information about how to plan your trip to La Rioja? In this section you will find useful information about La Rioja and Logro\u00f1o, as well as suggestions about where to sleep and eat.<\/div>\n<h2>La Rioja<\/h2>\n<p>Small and well-located in the northern centre of Spain, with valleys and mountains and the Way of St James (Camino de Santiago) crossing the region; thanks to its natural resources, artistic features and excellent gastronomy, La Rioja is a first class inland tourist destination.<\/p>\n<p><img loading=\"lazy\" decoding=\"async\" class=\"alignnone size-full wp-image-722\" title=\"Castillo de Davalillo, San Asensio\" src=\"\/\/www.riojatrek.com\/wp-content\/uploads\/2010\/06\/larioja.jpg\" alt=\"Castillo de Davalillo, San Asensio\" width=\"598\" height=\"240\" srcset=\"https:\/\/www.riojatrek.com\/wp-content\/uploads\/2010\/06\/larioja.jpg 598w, https:\/\/www.riojatrek.com\/wp-content\/uploads\/2010\/06\/larioja-300x120.jpg 300w\" sizes=\"auto, (max-width: 598px) 100vw, 598px\" \/><\/p>\n<div class=\"saber-mas\"><a class=\"section-button\" title=\"La Rioja\" href=\"https:\/\/www.riojatrek.com\/viajar-a-la-rioja\/la-rioja\/\">Getting to know La Rioja<\/a><\/div>\n<h2>Logro\u00f1o<\/h2>\n<p>Logro\u00f1o, the capital city of La Rioja, is located in the northern centre of the region. For years it has been classified as one of the Spanish cities that offers the best quality of life. Logro\u00f1o is a city where you can enjoy strolling around, eating pinchos or shopping.<\/p>\n<p><img loading=\"lazy\" decoding=\"async\" class=\"alignnone size-full wp-image-724\" title=\"Disparo del cohete, fiestas de San Mateo\" src=\"\/\/www.riojatrek.com\/wp-content\/uploads\/2010\/06\/sanmateo.jpg\" alt=\"Disparo del cohete, fiestas de San Mateo\" width=\"598\" height=\"240\" srcset=\"https:\/\/www.riojatrek.com\/wp-content\/uploads\/2010\/06\/sanmateo.jpg 598w, https:\/\/www.riojatrek.com\/wp-content\/uploads\/2010\/06\/sanmateo-300x120.jpg 300w\" sizes=\"auto, (max-width: 598px) 100vw, 598px\" \/><\/p>\n<div class=\"saber-mas\"><a class=\"section-button\" title=\"Logro\u00f1o\" href=\"https:\/\/www.riojatrek.com\/viajar-a-la-rioja\/logrono\/\">Getting to know Logro\u00f1o<\/a><\/div>\n<h2>Fuenmayor<\/h2>\n<p>Only 12km from Logro\u00f1o, Fuenmayor is one of the most important wine-producing villages in La Rioja. It is in Fuenmayor where we carry out our star attraction: the <a title=\"Wine tourism experience\" href=\"\/\/www.riojatrek.com\/en\/wine-tourism\/wine-tourism-experience\/\">wine tourism experience<\/a>. We invite you to get to know more about this village: restaurants, accommodation, places of interest, how to get here\u2026<\/p>\n<p><img loading=\"lazy\" decoding=\"async\" class=\"alignnone size-full wp-image-725\" title=\"Fuente de la uva, Fuenmayor\" src=\"\/\/www.riojatrek.com\/wp-content\/uploads\/2010\/06\/fuenteuva.jpg\" alt=\"Fuente de la uva, Fuenmayor\" width=\"598\" height=\"240\" srcset=\"https:\/\/www.riojatrek.com\/wp-content\/uploads\/2010\/06\/fuenteuva.jpg 598w, https:\/\/www.riojatrek.com\/wp-content\/uploads\/2010\/06\/fuenteuva-300x120.jpg 300w\" sizes=\"auto, (max-width: 598px) 100vw, 598px\" \/><\/p>\n<div class=\"saber-mas\"><a class=\"section-button\" title=\"Fuenmayor\" href=\"https:\/\/www.riojatrek.com\/viajar-a-la-rioja\/fuenmayor\/\">Getting to know Fuenmayor<\/a><\/div>\n<h2>Rioja Wineries<\/h2>\n<p>The Rioja wineries welcome visitors so they can learn the secrets behind wine-making. Find more information to help you plan your visit.<\/p>\n<p><img loading=\"lazy\" decoding=\"async\" class=\"alignnone size-full wp-image-727\" title=\"Nave de barricas\" src=\"\/\/www.riojatrek.com\/wp-content\/uploads\/2010\/06\/regalia.jpg\" alt=\"Nave de barricas\" width=\"598\" height=\"240\" srcset=\"https:\/\/www.riojatrek.com\/wp-content\/uploads\/2010\/06\/regalia.jpg 598w, https:\/\/www.riojatrek.com\/wp-content\/uploads\/2010\/06\/regalia-300x120.jpg 300w\" sizes=\"auto, (max-width: 598px) 100vw, 598px\" \/><\/p>\n<div class=\"saber-mas\"><a class=\"section-button\" title=\"Bodegas de Rioja\" href=\"https:\/\/www.riojatrek.com\/viajar-a-la-rioja\/bodegas-de-rioja\/\">Visiting a winery<\/a><\/div>\n<h2>Accommodation<\/h2>\n<p>La Rioja offers an ample selection of accommodation. Because it is an inland destination for tourists, there are over one hundred enchanting country houses and hotels, which mean you can stay in any part of the region you wish.<br \/>\n<img loading=\"lazy\" decoding=\"async\" class=\"alignnone size-full wp-image-729\" title=\"Alojamientos en La Rioja\" src=\"\/\/www.riojatrek.com\/wp-content\/uploads\/2010\/06\/alojam.jpg\" alt=\"Alojamientos en La Rioja\" width=\"598\" height=\"240\" srcset=\"https:\/\/www.riojatrek.com\/wp-content\/uploads\/2010\/06\/alojam.jpg 598w, https:\/\/www.riojatrek.com\/wp-content\/uploads\/2010\/06\/alojam-300x120.jpg 300w\" sizes=\"auto, (max-width: 598px) 100vw, 598px\" \/><\/p>\n<div class=\"saber-mas\"><a class=\"section-button\" title=\"Alojamientos\" href=\"https:\/\/www.riojatrek.com\/viajar-a-la-rioja\/alojamientos\/\">Finding accommodation<\/a><\/div>\n<h2>Restaurants<\/h2>\n<p>When you travel, tasting the traditional dishes of the place is a must. Gastronomy forms an essential part of any trip, and in La Rioja we enjoy dining well.<\/p>\n<p><img loading=\"lazy\" decoding=\"async\" class=\"alignnone size-full wp-image-731\" title=\"Pinchos morunos, en una degustaci\u00f3n popular\" src=\"\/\/www.riojatrek.com\/wp-content\/uploads\/2010\/06\/pinchos.jpg\" alt=\"Pinchos morunos, en una degustaci\u00f3n popular\" width=\"598\" height=\"240\" srcset=\"https:\/\/www.riojatrek.com\/wp-content\/uploads\/2010\/06\/pinchos.jpg 598w, https:\/\/www.riojatrek.com\/wp-content\/uploads\/2010\/06\/pinchos-300x120.jpg 300w\" sizes=\"auto, (max-width: 598px) 100vw, 598px\" \/><\/p>\n<div class=\"saber-mas\"><a class=\"section-button\" title=\"Restaurantes\" href=\"https:\/\/www.riojatrek.com\/viajar-a-la-rioja\/restaurantes\/\">Where to eat?<\/a><\/div>\n","protected":false},"excerpt":{"rendered":"<p>Do you need more information about how to plan your trip to La Rioja? In this section you will find useful information about La Rioja and Logro\u00f1o, as well as suggestions about where to sleep and eat. La Rioja Small and well-located in the northern centre of Spain, with valleys and mountains and the Way&hellip;<\/p>\n","protected":false},"author":1,"featured_media":0,"parent":0,"menu_order":21,"comment_status":"closed","ping_status":"closed","template":"","meta":{"_et_pb_use_builder":"","_et_pb_old_content":"","_et_gb_content_width":"","footnotes":""},"class_list":["post-5238","page","type-page","status-publish","hentry"],"yoast_head":"<!-- This site is optimized with the Yoast SEO plugin v27.4 - https:\/\/yoast.com\/product\/yoast-seo-wordpress\/ -->\n<title>Viajar a La Rioja. Informaci\u00f3n de utilidad - Riojatrek<\/title>\n<meta name=\"description\" content=\"Informaci\u00f3n \u00fatil para planear tu viaje a La Rioja y Logro\u00f1o. Qu\u00e9 lugares ver y visitar, restaurantes, hoteles, casas rurales y bodegas.\" \/>\n<meta name=\"robots\" content=\"index, follow, max-snippet:-1, max-image-preview:large, max-video-preview:-1\" \/>\n<link rel=\"canonical\" href=\"https:\/\/www.riojatrek.com\/en\/travelling-to-rioja\/\" \/>\n<meta property=\"og:locale\" content=\"en_US\" \/>\n<meta property=\"og:type\" content=\"article\" \/>\n<meta property=\"og:title\" content=\"Viajar a La Rioja. Informaci\u00f3n de utilidad - Riojatrek\" \/>\n<meta property=\"og:description\" content=\"Informaci\u00f3n \u00fatil para planear tu viaje a La Rioja y Logro\u00f1o. Qu\u00e9 lugares ver y visitar, restaurantes, hoteles, casas rurales y bodegas.\" \/>\n<meta property=\"og:url\" content=\"https:\/\/www.riojatrek.com\/en\/travelling-to-rioja\/\" \/>\n<meta property=\"og:site_name\" content=\"Riojatrek\" \/>\n<meta property=\"article:publisher\" content=\"https:\/\/www.facebook.com\/riojatrek\" \/>\n<meta property=\"article:modified_time\" content=\"2016-03-09T10:29:50+00:00\" \/>\n<meta property=\"og:image\" content=\"\/\/www.riojatrek.com\/wp-content\/uploads\/2010\/06\/larioja.jpg\" \/>\n<meta name=\"twitter:card\" content=\"summary_large_image\" \/>\n<meta name=\"twitter:site\" content=\"@riojatrek\" \/>\n<meta name=\"twitter:label1\" content=\"Est. reading time\" \/>\n\t<meta name=\"twitter:data1\" content=\"2 minutes\" \/>\n<script type=\"application\/ld+json\" class=\"yoast-schema-graph\">{\"@context\":\"https:\\\/\\\/schema.org\",\"@graph\":[{\"@type\":\"WebPage\",\"@id\":\"https:\\\/\\\/www.riojatrek.com\\\/en\\\/travelling-to-rioja\\\/\",\"url\":\"https:\\\/\\\/www.riojatrek.com\\\/en\\\/travelling-to-rioja\\\/\",\"name\":\"Viajar a La Rioja. Informaci\u00f3n de utilidad - Riojatrek\",\"isPartOf\":{\"@id\":\"https:\\\/\\\/www.riojatrek.com\\\/en\\\/#website\"},\"datePublished\":\"2010-06-27T09:54:49+00:00\",\"dateModified\":\"2016-03-09T10:29:50+00:00\",\"description\":\"Informaci\u00f3n \u00fatil para planear tu viaje a La Rioja y Logro\u00f1o. Qu\u00e9 lugares ver y visitar, restaurantes, hoteles, casas rurales y bodegas.\",\"breadcrumb\":{\"@id\":\"https:\\\/\\\/www.riojatrek.com\\\/en\\\/travelling-to-rioja\\\/#breadcrumb\"},\"inLanguage\":\"en-US\",\"potentialAction\":[{\"@type\":\"ReadAction\",\"target\":[\"https:\\\/\\\/www.riojatrek.com\\\/en\\\/travelling-to-rioja\\\/\"]}]},{\"@type\":\"BreadcrumbList\",\"@id\":\"https:\\\/\\\/www.riojatrek.com\\\/en\\\/travelling-to-rioja\\\/#breadcrumb\",\"itemListElement\":[{\"@type\":\"ListItem\",\"position\":1,\"name\":\"Portada\",\"item\":\"https:\\\/\\\/www.riojatrek.com\\\/en\\\/\"},{\"@type\":\"ListItem\",\"position\":2,\"name\":\"Travelling to Rioja\"}]},{\"@type\":\"WebSite\",\"@id\":\"https:\\\/\\\/www.riojatrek.com\\\/en\\\/#website\",\"url\":\"https:\\\/\\\/www.riojatrek.com\\\/en\\\/\",\"name\":\"Riojatrek\",\"description\":\"Rioja wine tours. Official tour guides.\",\"publisher\":{\"@id\":\"https:\\\/\\\/www.riojatrek.com\\\/en\\\/#organization\"},\"potentialAction\":[{\"@type\":\"SearchAction\",\"target\":{\"@type\":\"EntryPoint\",\"urlTemplate\":\"https:\\\/\\\/www.riojatrek.com\\\/en\\\/?s={search_term_string}\"},\"query-input\":{\"@type\":\"PropertyValueSpecification\",\"valueRequired\":true,\"valueName\":\"search_term_string\"}}],\"inLanguage\":\"en-US\"},{\"@type\":\"Organization\",\"@id\":\"https:\\\/\\\/www.riojatrek.com\\\/en\\\/#organization\",\"name\":\"Riojatrek\",\"url\":\"https:\\\/\\\/www.riojatrek.com\\\/en\\\/\",\"logo\":{\"@type\":\"ImageObject\",\"inLanguage\":\"en-US\",\"@id\":\"https:\\\/\\\/www.riojatrek.com\\\/en\\\/#\\\/schema\\\/logo\\\/image\\\/\",\"url\":\"https:\\\/\\\/www.riojatrek.com\\\/wp-content\\\/uploads\\\/2024\\\/02\\\/logo-web.png\",\"contentUrl\":\"https:\\\/\\\/www.riojatrek.com\\\/wp-content\\\/uploads\\\/2024\\\/02\\\/logo-web.png\",\"width\":500,\"height\":126,\"caption\":\"Riojatrek\"},\"image\":{\"@id\":\"https:\\\/\\\/www.riojatrek.com\\\/en\\\/#\\\/schema\\\/logo\\\/image\\\/\"},\"sameAs\":[\"https:\\\/\\\/www.facebook.com\\\/riojatrek\",\"https:\\\/\\\/x.com\\\/riojatrek\",\"https:\\\/\\\/www.youtube.com\\\/user\\\/riojatrek\",\"https:\\\/\\\/www.instagram.com\\\/riojatrek\\\/\"]}]}<\/script>\n<!-- \/ Yoast SEO plugin. -->","yoast_head_json":{"title":"Viajar a La Rioja. Informaci\u00f3n de utilidad - Riojatrek","description":"Informaci\u00f3n \u00fatil para planear tu viaje a La Rioja y Logro\u00f1o. Qu\u00e9 lugares ver y visitar, restaurantes, hoteles, casas rurales y bodegas.","robots":{"index":"index","follow":"follow","max-snippet":"max-snippet:-1","max-image-preview":"max-image-preview:large","max-video-preview":"max-video-preview:-1"},"canonical":"https:\/\/www.riojatrek.com\/en\/travelling-to-rioja\/","og_locale":"en_US","og_type":"article","og_title":"Viajar a La Rioja. Informaci\u00f3n de utilidad - Riojatrek","og_description":"Informaci\u00f3n \u00fatil para planear tu viaje a La Rioja y Logro\u00f1o. Qu\u00e9 lugares ver y visitar, restaurantes, hoteles, casas rurales y bodegas.","og_url":"https:\/\/www.riojatrek.com\/en\/travelling-to-rioja\/","og_site_name":"Riojatrek","article_publisher":"https:\/\/www.facebook.com\/riojatrek","article_modified_time":"2016-03-09T10:29:50+00:00","og_image":[{"url":"\/\/www.riojatrek.com\/wp-content\/uploads\/2010\/06\/larioja.jpg","type":"","width":"","height":""}],"twitter_card":"summary_large_image","twitter_site":"@riojatrek","twitter_misc":{"Est. reading time":"2 minutes"},"schema":{"@context":"https:\/\/schema.org","@graph":[{"@type":"WebPage","@id":"https:\/\/www.riojatrek.com\/en\/travelling-to-rioja\/","url":"https:\/\/www.riojatrek.com\/en\/travelling-to-rioja\/","name":"Viajar a La Rioja. Informaci\u00f3n de utilidad - Riojatrek","isPartOf":{"@id":"https:\/\/www.riojatrek.com\/en\/#website"},"datePublished":"2010-06-27T09:54:49+00:00","dateModified":"2016-03-09T10:29:50+00:00","description":"Informaci\u00f3n \u00fatil para planear tu viaje a La Rioja y Logro\u00f1o. Qu\u00e9 lugares ver y visitar, restaurantes, hoteles, casas rurales y bodegas.","breadcrumb":{"@id":"https:\/\/www.riojatrek.com\/en\/travelling-to-rioja\/#breadcrumb"},"inLanguage":"en-US","potentialAction":[{"@type":"ReadAction","target":["https:\/\/www.riojatrek.com\/en\/travelling-to-rioja\/"]}]},{"@type":"BreadcrumbList","@id":"https:\/\/www.riojatrek.com\/en\/travelling-to-rioja\/#breadcrumb","itemListElement":[{"@type":"ListItem","position":1,"name":"Portada","item":"https:\/\/www.riojatrek.com\/en\/"},{"@type":"ListItem","position":2,"name":"Travelling to Rioja"}]},{"@type":"WebSite","@id":"https:\/\/www.riojatrek.com\/en\/#website","url":"https:\/\/www.riojatrek.com\/en\/","name":"Riojatrek","description":"Rioja wine tours. Official tour guides.","publisher":{"@id":"https:\/\/www.riojatrek.com\/en\/#organization"},"potentialAction":[{"@type":"SearchAction","target":{"@type":"EntryPoint","urlTemplate":"https:\/\/www.riojatrek.com\/en\/?s={search_term_string}"},"query-input":{"@type":"PropertyValueSpecification","valueRequired":true,"valueName":"search_term_string"}}],"inLanguage":"en-US"},{"@type":"Organization","@id":"https:\/\/www.riojatrek.com\/en\/#organization","name":"Riojatrek","url":"https:\/\/www.riojatrek.com\/en\/","logo":{"@type":"ImageObject","inLanguage":"en-US","@id":"https:\/\/www.riojatrek.com\/en\/#\/schema\/logo\/image\/","url":"https:\/\/www.riojatrek.com\/wp-content\/uploads\/2024\/02\/logo-web.png","contentUrl":"https:\/\/www.riojatrek.com\/wp-content\/uploads\/2024\/02\/logo-web.png","width":500,"height":126,"caption":"Riojatrek"},"image":{"@id":"https:\/\/www.riojatrek.com\/en\/#\/schema\/logo\/image\/"},"sameAs":["https:\/\/www.facebook.com\/riojatrek","https:\/\/x.com\/riojatrek","https:\/\/www.youtube.com\/user\/riojatrek","https:\/\/www.instagram.com\/riojatrek\/"]}]}},"jetpack_sharing_enabled":true,"_links":{"self":[{"href":"https:\/\/www.riojatrek.com\/en\/wp-json\/wp\/v2\/pages\/5238","targetHints":{"allow":["GET"]}}],"collection":[{"href":"https:\/\/www.riojatrek.com\/en\/wp-json\/wp\/v2\/pages"}],"about":[{"href":"https:\/\/www.riojatrek.com\/en\/wp-json\/wp\/v2\/types\/page"}],"author":[{"embeddable":true,"href":"https:\/\/www.riojatrek.com\/en\/wp-json\/wp\/v2\/users\/1"}],"replies":[{"embeddable":true,"href":"https:\/\/www.riojatrek.com\/en\/wp-json\/wp\/v2\/comments?post=5238"}],"version-history":[{"count":2,"href":"https:\/\/www.riojatrek.com\/en\/wp-json\/wp\/v2\/pages\/5238\/revisions"}],"predecessor-version":[{"id":5240,"href":"https:\/\/www.riojatrek.com\/en\/wp-json\/wp\/v2\/pages\/5238\/revisions\/5240"}],"wp:attachment":[{"href":"https:\/\/www.riojatrek.com\/en\/wp-json\/wp\/v2\/media?parent=5238"}],"curies":[{"name":"wp","href":"https:\/\/api.w.org\/{rel}","templated":true}]}}