{"id":5285,"date":"2011-02-12T11:50:14","date_gmt":"2011-02-12T10:50:14","guid":{"rendered":"http:\/\/www.riojatrek.com\/\/de\/eine-reise-in-die-rioja\/restaurantes\/"},"modified":"2016-03-09T12:20:40","modified_gmt":"2016-03-09T11:20:40","slug":"restaurants","status":"publish","type":"page","link":"https:\/\/www.riojatrek.com\/de\/eine-reise-in-die-rioja\/restaurants\/","title":{"rendered":"Restaurants"},"content":{"rendered":"<div id=\"section_intro\">\n<p>Es ist bestimmt kein Zufall, dass viele Leute unsere Region wegen ihrer vorz\u00fcglichen Gastronomie besuchen, denn \u00fcber die Rioja wird zu Recht gesagt: <em>Hier isst man gut und trinkt noch besser!<\/em><\/p>\n<\/div>\n<p>&nbsp;<\/p>\n<h2>Eine Tapas-Tour<\/h2>\n<p>In La Rioja hei\u00dfen die leckeren Appetith\u00e4ppchen nicht \u201eTapas\u201c, sondern \u201ePinchos\u201c. Wie dem auch sei, eine Tapas-Tour in den Kneipenstra\u00dfen <em>Calle Laurel<\/em> und <em>Calle San Juan<\/em> in Logro\u00f1o ist jederzeit ein erstklassiges gastronomisches Erlebnis. Jede Bar hat ihre eigene Spezialit\u00e4t: Champignons, Fleischspie\u00dfchen, Br\u00f6tchen mit Paprika und Anchovis oder Bratkartoffeln an scharfer So\u00dfe (Patatas Bravas) sind nur einige schmackhafte Beispiele davon. Lernen Sie unser <a href=\"https:\/\/www.riojatrek.com\/de\/fremdenfuehrer\/tapas-tour\/\"><strong>Tapas-Tour<\/strong><\/a> kennen!<\/p>\n<p><img loading=\"lazy\" decoding=\"async\" class=\"alignnone size-full wp-image-697\" title=\"Champi\u00f1ones a la plancha\" src=\"\/\/www.riojatrek.com\/wp-content\/uploads\/2011\/02\/vi_champi.jpg\" alt=\"Champi\u00f1ones a la plancha\" width=\"598\" height=\"240\" srcset=\"https:\/\/www.riojatrek.com\/wp-content\/uploads\/2011\/02\/vi_champi.jpg 598w, https:\/\/www.riojatrek.com\/wp-content\/uploads\/2011\/02\/vi_champi-300x120.jpg 300w\" sizes=\"auto, (max-width: 598px) 100vw, 598px\" \/><\/p>\n<h2>Im Restaurant<\/h2>\n<p>La Rioja hat auch ein vielseitiges Angebot an vorz\u00fcglichen Restaurants. Um das Passende zu finden, empfehlen wir Ihnen das folgende <a href=\"http:\/\/www.lariojaturismo.com\/restaurant\/index.php\">Verzeichnis f\u00fcr Restaurants<\/a>.<\/p>\n<h3>Haute Cuisine<\/h3>\n<p>Die gehobene K\u00fcche ist sowohl in der Hauptstadt als auch in der restlichen Region La Rioja vertreten. F\u00fcr Gourmets, die sich verw\u00f6hnen lassen m\u00f6chten, empfehlen wir insbesondere:<\/p>\n<ul>\n<li><a title=\"Restaurante La vieja bodega, Casalarreina\" href=\"http:\/\/www.viejabodega.com\">La vieja bodega<\/a>, Casalarreina<\/li>\n<li><a title=\"Restaurante Venta de Moncalvillo, Daroca\" href=\"http:\/\/www.ventamoncalvillo.com\/\">La venta de Moncalvillo<\/a>, Daroca de Rioja<\/li>\n<li><a title=\"Asador Alameda, Fuenmayor\" href=\"http:\/\/www.restaurantealameda.com\">Asador Alameda<\/a>, Fuenmayor<\/li>\n<li><a title=\"Mes\u00f3n Chuchi, Fuenmayor\" href=\"http:\/\/www.mesonchuchi.com\">Mes\u00f3n Chuchi<\/a>, Fuenmayor<\/li>\n<li><a href=\"http:\/\/www.hotelviura.com\/es\/restaurante\/sensaciones.html\">Hotel Viura<\/a>, Villabuena de \u00c1lava<\/li>\n<li><a title=\"El portal de Echaurren, Ezcaray\" href=\"http:\/\/www.echaurren.com\/\">El portal de Echaurren<\/a>, Ezcaray<\/li>\n<li><a title=\"Restaurantes Rinc\u00f3n del Vino, Ezcaray, Logro\u00f1o\" href=\"http:\/\/www.rinconesdelvino.com\/\">El rinc\u00f3n del vino<\/a>, Ezcaray y Logro\u00f1o<\/li>\n<li><a title=\"Restaurante Las Duelas, Haro\" href=\"http:\/\/www.lasduelas.com\/\">Las duelas<\/a>, Haro<\/li>\n<li><a title=\"Restaurante La Galer\u00eda, Logro\u00f1o\" href=\"http:\/\/www.restaurantelagaleria.com\/\">La galer\u00eda<\/a>, Logro\u00f1o<\/li>\n<li><a title=\"Restaurante Portales 24, Logro\u00f1o\" href=\"http:\/\/maps.google.es\/maps\/place?hl=es&amp;xhr=t&amp;cp=16&amp;um=1&amp;ie=UTF-8&amp;q=restaurante+cantinflas+badaran&amp;fb=1&amp;gl=es&amp;hq=restaurante+cantinflas&amp;hnear=Badar%C3%A1n&amp;cid=12827699615332802652\">Portales 24<\/a>, Logro\u00f1o<\/li>\n<\/ul>\n<h3>Riojanische K\u00fcche<\/h3>\n<p>Wenn Sie in die Rioja kommen, m\u00fcssen Sie unbedingt die typischen Gerichte unserer Region probieren: Kartoffeln nach Art von La Rioja (mit Paprikawurst), Eintopf mit frischen wei\u00dfen Bohnen, Mischgem\u00fcse, Kardone, gef\u00fcllte Paprikas, auf Rebholz gebratene Lammkoteletts, Lammbraten usw.<\/p>\n<p>Anbei empfehlen wir Ihnen ein paar unserer Lieblingsrestaurants f\u00fcr traditionelle riojanische K\u00fcche:<\/p>\n<ul>\n<li><a title=\"Restaurante Cantinflas, Badar\u00e1n\" href=\"http:\/\/maps.google.es\/maps\/place?hl=es&amp;xhr=t&amp;cp=16&amp;um=1&amp;ie=UTF-8&amp;q=restaurante+cantinflas+badaran&amp;fb=1&amp;gl=es&amp;hq=restaurante+cantinflas&amp;hnear=Badar%C3%A1n&amp;cid=12827699615332802652\">Cantinflas<\/a>, Badar\u00e1n<\/li>\n<li><a title=\"Mes\u00f3n Chomin, Bri\u00f1as\" href=\"http:\/\/www.mesonchomin.com\/\">Mes\u00f3n Chomin<\/a>, Bri\u00f1as<\/li>\n<li><a title=\"Restaurante Casa Masip, Ezcaray\" href=\"http:\/\/www.casamasip.com\/\">Casa Masip<\/a>, Ezcaray<\/li>\n<li><a title=\"Restaurante D\u00f3nal, Fuenmayor\" href=\"http:\/\/maps.google.es\/maps\/place?hl=es&amp;xhr=t&amp;cp=12&amp;bs=1&amp;um=1&amp;ie=UTF-8&amp;q=restaurante+fuenmayor&amp;fb=1&amp;gl=es&amp;hq=restaurante&amp;hnear=Fuenmayor&amp;cid=3092835276048810961\">D\u00f3nal<\/a>, Fuenmayor<\/li>\n<li><a title=\"Mes\u00f3n El escudo, Fuenmayor\" href=\"http:\/\/maps.google.es\/maps\/place?hl=es&amp;xhr=t&amp;cp=12&amp;bs=1&amp;um=1&amp;ie=UTF-8&amp;q=restaurante+fuenmayor&amp;fb=1&amp;gl=es&amp;hq=restaurante&amp;hnear=Fuenmayor&amp;cid=17110126257546949744\">Mes\u00f3n El escudo<\/a>, Fuenmayor<\/li>\n<li><a title=\"Restaurante Terete, Haro\" href=\"http:\/\/www.terete.es\/\">Terete<\/a>, Haro<\/li>\n<li><a title=\"Restaurante El rinc\u00f3n de Julio, Logro\u00f1o\" href=\"http:\/\/maps.google.es\/maps\/place?hl=es&amp;xhr=t&amp;cp=15&amp;um=1&amp;ie=UTF-8&amp;q=el+rincon+de+julio+logro%C3%B1o&amp;fb=1&amp;gl=es&amp;hq=el+rincon+de+julio&amp;hnear=Logro%C3%B1o&amp;cid=7229491633736167414\">El rinc\u00f3n de Julio<\/a>, Logro\u00f1o<\/li>\n<li><a title=\"Venta de Goyo, Viniegra de abajo\" href=\"http:\/\/www.ventadegoyo.es\">Venta de Goyo<\/a>, Viniegra de abajo<\/li>\n<li><a title=\"Restaurante El cazador, Valga\u00f1\u00f3n\" href=\"http:\/\/maps.google.es\/maps?hl=&amp;q=Baja%2C+3%2C+valga%C3%B1on&amp;sourceid=navclient-ff&amp;rlz=1B3GGGL_esES272ES272&amp;ie=UTF-8\">El cazador<\/a>, Valga\u00f1\u00f3n<\/li>\n<li><a title=\"Casa Zaldierna\" href=\"http:\/\/www.casazaldierna.com\">Casa Zaldierna<\/a>, Zaldierna<\/li>\n<\/ul>\n","protected":false},"excerpt":{"rendered":"<p>Es ist bestimmt kein Zufall, dass viele Leute unsere Region wegen ihrer vorz\u00fcglichen Gastronomie besuchen, denn \u00fcber die Rioja wird zu Recht gesagt: Hier isst man gut und trinkt noch besser! &nbsp; Eine Tapas-Tour In La Rioja hei\u00dfen die leckeren Appetith\u00e4ppchen nicht \u201eTapas\u201c, sondern \u201ePinchos\u201c. Wie dem auch sei, eine Tapas-Tour in den Kneipenstra\u00dfen Calle&hellip;<\/p>\n","protected":false},"author":1,"featured_media":0,"parent":5239,"menu_order":21,"comment_status":"closed","ping_status":"closed","template":"","meta":{"_et_pb_use_builder":"","_et_pb_old_content":"","_et_gb_content_width":"","footnotes":""},"class_list":["post-5285","page","type-page","status-publish","hentry"],"yoast_head":"<!-- This site is optimized with the Yoast SEO plugin v26.1.1 - https:\/\/yoast.com\/wordpress\/plugins\/seo\/ -->\n<title>Restaurants - Riojatrek<\/title>\n<meta name=\"robots\" content=\"index, follow, max-snippet:-1, max-image-preview:large, max-video-preview:-1\" \/>\n<link rel=\"canonical\" href=\"https:\/\/www.riojatrek.com\/de\/eine-reise-in-die-rioja\/restaurants\/\" \/>\n<meta property=\"og:locale\" content=\"de_DE\" \/>\n<meta property=\"og:type\" content=\"article\" \/>\n<meta property=\"og:title\" content=\"Restaurants - Riojatrek\" \/>\n<meta property=\"og:description\" content=\"Es ist bestimmt kein Zufall, dass viele Leute unsere Region wegen ihrer vorz\u00fcglichen Gastronomie besuchen, denn \u00fcber die Rioja wird zu Recht gesagt: Hier isst man gut und trinkt noch besser! &nbsp; Eine Tapas-Tour In La Rioja hei\u00dfen die leckeren Appetith\u00e4ppchen nicht \u201eTapas\u201c, sondern \u201ePinchos\u201c. Wie dem auch sei, eine Tapas-Tour in den Kneipenstra\u00dfen Calle&hellip;\" \/>\n<meta property=\"og:url\" content=\"https:\/\/www.riojatrek.com\/de\/eine-reise-in-die-rioja\/restaurants\/\" \/>\n<meta property=\"og:site_name\" content=\"Riojatrek\" \/>\n<meta property=\"article:publisher\" content=\"https:\/\/www.facebook.com\/riojatrek\" \/>\n<meta property=\"article:modified_time\" content=\"2016-03-09T11:20:40+00:00\" \/>\n<meta property=\"og:image\" content=\"\/\/www.riojatrek.com\/wp-content\/uploads\/2011\/02\/vi_champi.jpg\" \/>\n<meta name=\"twitter:card\" content=\"summary_large_image\" \/>\n<meta name=\"twitter:site\" content=\"@riojatrek\" \/>\n<meta name=\"twitter:label1\" content=\"Gesch\u00e4tzte Lesezeit\" \/>\n\t<meta name=\"twitter:data1\" content=\"2\u00a0Minuten\" \/>\n<script type=\"application\/ld+json\" class=\"yoast-schema-graph\">{\"@context\":\"https:\/\/schema.org\",\"@graph\":[{\"@type\":\"WebPage\",\"@id\":\"https:\/\/www.riojatrek.com\/de\/eine-reise-in-die-rioja\/restaurants\/\",\"url\":\"https:\/\/www.riojatrek.com\/de\/eine-reise-in-die-rioja\/restaurants\/\",\"name\":\"Restaurants - Riojatrek\",\"isPartOf\":{\"@id\":\"https:\/\/www.riojatrek.com\/de\/#website\"},\"datePublished\":\"2011-02-12T10:50:14+00:00\",\"dateModified\":\"2016-03-09T11:20:40+00:00\",\"breadcrumb\":{\"@id\":\"https:\/\/www.riojatrek.com\/de\/eine-reise-in-die-rioja\/restaurants\/#breadcrumb\"},\"inLanguage\":\"de\",\"potentialAction\":[{\"@type\":\"ReadAction\",\"target\":[\"https:\/\/www.riojatrek.com\/de\/eine-reise-in-die-rioja\/restaurants\/\"]}]},{\"@type\":\"BreadcrumbList\",\"@id\":\"https:\/\/www.riojatrek.com\/de\/eine-reise-in-die-rioja\/restaurants\/#breadcrumb\",\"itemListElement\":[{\"@type\":\"ListItem\",\"position\":1,\"name\":\"Portada\",\"item\":\"https:\/\/www.riojatrek.com\/de\/\"},{\"@type\":\"ListItem\",\"position\":2,\"name\":\"Eine Reise in die Region La Rioja\",\"item\":\"https:\/\/www.riojatrek.com\/de\/eine-reise-in-die-rioja\/\"},{\"@type\":\"ListItem\",\"position\":3,\"name\":\"Restaurants\"}]},{\"@type\":\"WebSite\",\"@id\":\"https:\/\/www.riojatrek.com\/de\/#website\",\"url\":\"https:\/\/www.riojatrek.com\/de\/\",\"name\":\"Riojatrek\",\"description\":\"Rioja-Wein Tours. Offizielle Fremdenf\u00fchrer.\",\"publisher\":{\"@id\":\"https:\/\/www.riojatrek.com\/de\/#organization\"},\"potentialAction\":[{\"@type\":\"SearchAction\",\"target\":{\"@type\":\"EntryPoint\",\"urlTemplate\":\"https:\/\/www.riojatrek.com\/de\/?s={search_term_string}\"},\"query-input\":{\"@type\":\"PropertyValueSpecification\",\"valueRequired\":true,\"valueName\":\"search_term_string\"}}],\"inLanguage\":\"de\"},{\"@type\":\"Organization\",\"@id\":\"https:\/\/www.riojatrek.com\/de\/#organization\",\"name\":\"Riojatrek\",\"url\":\"https:\/\/www.riojatrek.com\/de\/\",\"logo\":{\"@type\":\"ImageObject\",\"inLanguage\":\"de\",\"@id\":\"https:\/\/www.riojatrek.com\/de\/#\/schema\/logo\/image\/\",\"url\":\"https:\/\/www.riojatrek.com\/wp-content\/uploads\/2024\/02\/logo-web.png\",\"contentUrl\":\"https:\/\/www.riojatrek.com\/wp-content\/uploads\/2024\/02\/logo-web.png\",\"width\":500,\"height\":126,\"caption\":\"Riojatrek\"},\"image\":{\"@id\":\"https:\/\/www.riojatrek.com\/de\/#\/schema\/logo\/image\/\"},\"sameAs\":[\"https:\/\/www.facebook.com\/riojatrek\",\"https:\/\/x.com\/riojatrek\",\"https:\/\/www.youtube.com\/user\/riojatrek\",\"https:\/\/www.instagram.com\/riojatrek\/\"]}]}<\/script>\n<!-- \/ Yoast SEO plugin. -->","yoast_head_json":{"title":"Restaurants - Riojatrek","robots":{"index":"index","follow":"follow","max-snippet":"max-snippet:-1","max-image-preview":"max-image-preview:large","max-video-preview":"max-video-preview:-1"},"canonical":"https:\/\/www.riojatrek.com\/de\/eine-reise-in-die-rioja\/restaurants\/","og_locale":"de_DE","og_type":"article","og_title":"Restaurants - Riojatrek","og_description":"Es ist bestimmt kein Zufall, dass viele Leute unsere Region wegen ihrer vorz\u00fcglichen Gastronomie besuchen, denn \u00fcber die Rioja wird zu Recht gesagt: Hier isst man gut und trinkt noch besser! &nbsp; Eine Tapas-Tour In La Rioja hei\u00dfen die leckeren Appetith\u00e4ppchen nicht \u201eTapas\u201c, sondern \u201ePinchos\u201c. Wie dem auch sei, eine Tapas-Tour in den Kneipenstra\u00dfen Calle&hellip;","og_url":"https:\/\/www.riojatrek.com\/de\/eine-reise-in-die-rioja\/restaurants\/","og_site_name":"Riojatrek","article_publisher":"https:\/\/www.facebook.com\/riojatrek","article_modified_time":"2016-03-09T11:20:40+00:00","og_image":[{"url":"\/\/www.riojatrek.com\/wp-content\/uploads\/2011\/02\/vi_champi.jpg","type":"","width":"","height":""}],"twitter_card":"summary_large_image","twitter_site":"@riojatrek","twitter_misc":{"Gesch\u00e4tzte Lesezeit":"2\u00a0Minuten"},"schema":{"@context":"https:\/\/schema.org","@graph":[{"@type":"WebPage","@id":"https:\/\/www.riojatrek.com\/de\/eine-reise-in-die-rioja\/restaurants\/","url":"https:\/\/www.riojatrek.com\/de\/eine-reise-in-die-rioja\/restaurants\/","name":"Restaurants - Riojatrek","isPartOf":{"@id":"https:\/\/www.riojatrek.com\/de\/#website"},"datePublished":"2011-02-12T10:50:14+00:00","dateModified":"2016-03-09T11:20:40+00:00","breadcrumb":{"@id":"https:\/\/www.riojatrek.com\/de\/eine-reise-in-die-rioja\/restaurants\/#breadcrumb"},"inLanguage":"de","potentialAction":[{"@type":"ReadAction","target":["https:\/\/www.riojatrek.com\/de\/eine-reise-in-die-rioja\/restaurants\/"]}]},{"@type":"BreadcrumbList","@id":"https:\/\/www.riojatrek.com\/de\/eine-reise-in-die-rioja\/restaurants\/#breadcrumb","itemListElement":[{"@type":"ListItem","position":1,"name":"Portada","item":"https:\/\/www.riojatrek.com\/de\/"},{"@type":"ListItem","position":2,"name":"Eine Reise in die Region La Rioja","item":"https:\/\/www.riojatrek.com\/de\/eine-reise-in-die-rioja\/"},{"@type":"ListItem","position":3,"name":"Restaurants"}]},{"@type":"WebSite","@id":"https:\/\/www.riojatrek.com\/de\/#website","url":"https:\/\/www.riojatrek.com\/de\/","name":"Riojatrek","description":"Rioja-Wein Tours. Offizielle Fremdenf\u00fchrer.","publisher":{"@id":"https:\/\/www.riojatrek.com\/de\/#organization"},"potentialAction":[{"@type":"SearchAction","target":{"@type":"EntryPoint","urlTemplate":"https:\/\/www.riojatrek.com\/de\/?s={search_term_string}"},"query-input":{"@type":"PropertyValueSpecification","valueRequired":true,"valueName":"search_term_string"}}],"inLanguage":"de"},{"@type":"Organization","@id":"https:\/\/www.riojatrek.com\/de\/#organization","name":"Riojatrek","url":"https:\/\/www.riojatrek.com\/de\/","logo":{"@type":"ImageObject","inLanguage":"de","@id":"https:\/\/www.riojatrek.com\/de\/#\/schema\/logo\/image\/","url":"https:\/\/www.riojatrek.com\/wp-content\/uploads\/2024\/02\/logo-web.png","contentUrl":"https:\/\/www.riojatrek.com\/wp-content\/uploads\/2024\/02\/logo-web.png","width":500,"height":126,"caption":"Riojatrek"},"image":{"@id":"https:\/\/www.riojatrek.com\/de\/#\/schema\/logo\/image\/"},"sameAs":["https:\/\/www.facebook.com\/riojatrek","https:\/\/x.com\/riojatrek","https:\/\/www.youtube.com\/user\/riojatrek","https:\/\/www.instagram.com\/riojatrek\/"]}]}},"jetpack_sharing_enabled":true,"_links":{"self":[{"href":"https:\/\/www.riojatrek.com\/de\/wp-json\/wp\/v2\/pages\/5285","targetHints":{"allow":["GET"]}}],"collection":[{"href":"https:\/\/www.riojatrek.com\/de\/wp-json\/wp\/v2\/pages"}],"about":[{"href":"https:\/\/www.riojatrek.com\/de\/wp-json\/wp\/v2\/types\/page"}],"author":[{"embeddable":true,"href":"https:\/\/www.riojatrek.com\/de\/wp-json\/wp\/v2\/users\/1"}],"replies":[{"embeddable":true,"href":"https:\/\/www.riojatrek.com\/de\/wp-json\/wp\/v2\/comments?post=5285"}],"version-history":[{"count":2,"href":"https:\/\/www.riojatrek.com\/de\/wp-json\/wp\/v2\/pages\/5285\/revisions"}],"predecessor-version":[{"id":5289,"href":"https:\/\/www.riojatrek.com\/de\/wp-json\/wp\/v2\/pages\/5285\/revisions\/5289"}],"up":[{"embeddable":true,"href":"https:\/\/www.riojatrek.com\/de\/wp-json\/wp\/v2\/pages\/5239"}],"wp:attachment":[{"href":"https:\/\/www.riojatrek.com\/de\/wp-json\/wp\/v2\/media?parent=5285"}],"curies":[{"name":"wp","href":"https:\/\/api.w.org\/{rel}","templated":true}]}}