{"id":5279,"date":"2010-07-18T12:05:39","date_gmt":"2010-07-18T10:05:39","guid":{"rendered":"http:\/\/www.riojatrek.com\/\/de\/eine-reise-in-die-rioja\/alojamientos\/"},"modified":"2016-03-09T12:12:07","modified_gmt":"2016-03-09T11:12:07","slug":"unterkuenfte","status":"publish","type":"page","link":"https:\/\/www.riojatrek.com\/de\/eine-reise-in-die-rioja\/unterkuenfte\/","title":{"rendered":"Unterk\u00fcnfte"},"content":{"rendered":"<div id=\"section_intro\">\n<p>Brauchen Sie Hilfe bei der Suche nach einer Unterkunft in La Rioja? Auf der folgenden Seite geben wir Ihnen einige Tipps, damit Sie eine Unterkunft finden, die Ihren Erwartungen entspricht.<\/p>\n<\/div>\n<div><\/div>\n<h2>Eine Unterkunft suchen<\/h2>\n<p>La Rioja verf\u00fcgt \u00fcber ein vielseitiges Angebot an Unterk\u00fcnften. Von Campingpl\u00e4tzen bis zu gediegenen staatlichen Hotels (Paradores) finden Sie alles mit Hilfe des folgenden <a href=\"http:\/\/www.lariojaturismo.com\/Alojamientos\/index.php\">Verzeichnisses f\u00fcr Unterk\u00fcnfte.<\/a><\/p>\n<p><img loading=\"lazy\" decoding=\"async\" class=\"alignnone size-full wp-image-826\" title=\"Ciudad del Vino, Herederos del Marqu\u00e9s de Riscal\" src=\"\/\/www.riojatrek.com\/wp-content\/uploads\/2010\/07\/furgoriscal.jpg\" alt=\"Ciudad del Vino, Herederos del Marqu\u00e9s de Riscal\" width=\"598\" height=\"335\" srcset=\"https:\/\/www.riojatrek.com\/wp-content\/uploads\/2010\/07\/furgoriscal.jpg 598w, https:\/\/www.riojatrek.com\/wp-content\/uploads\/2010\/07\/furgoriscal-300x168.jpg 300w\" sizes=\"auto, (max-width: 598px) 100vw, 598px\" \/><\/p>\n<h2>Empfohlene Unterk\u00fcnfte<\/h2>\n<h3>Hotels und Gasth\u00e4user<\/h3>\n<ul>\n<li><a title=\"Hotel de lujo Marqu\u00e9s de Riscal, Elciego\" href=\"http:\/\/www.marquesderiscal.com\/\">Hotel Marqu\u00e9s de Riscal<\/a>, Elciego<\/li>\n<li><a title=\"Hostal Labranza, Fuenmayor\" href=\"http:\/\/www.hostal-labranza.com\/\">Hostal Labranza<\/a>, Fuenmayor<\/li>\n<li><a title=\"Hotel ETH Haro\" href=\"http:\/\/www.hotelethrioja.com\/\">Hotel ETH<\/a>, Haro<\/li>\n<li>Hoteles <a title=\"Hotel Husa Gran V\u00eda, Logro\u00f1o\" href=\"http:\/\/www.husa.es\/en\/nuestros-hoteles\/hotel\/v\/u\/husa-gran-via\">Husa Gran V\u00eda<\/a> y <a title=\"Hotel Husa Bracos, Logro\u00f1o\" href=\"http:\/\/www.husa.es\/es\/nuestros-hoteles\/hotel\/v\/u\/husa-bracos\">Bracos<\/a>, Logro\u00f1o<\/li>\n<li><a title=\"Hotel Marqu\u00e9s de Vallejo, Logro\u00f1o\" href=\"http:\/\/www.hotelmarquesdevallejo.com\/\">Hotel Marqu\u00e9s de Vallejo<\/a>, Logro\u00f1o<\/li>\n<li><a title=\"Parador de Santo Domingo, Santo Domingo de la Calzada\" href=\"http:\/\/www.parador.es\/es\/cargarFichaParador.do?parador=071\">Parador de Santo Domingo<\/a>, Santo Domingo de la Calzada<\/li>\n<li><a title=\"Parador Bernardo de Fresneda, Santo Domingo de la Calzada\" href=\"http:\/\/www.parador.es\/es\/cargarFichaParador.do?parador=113\">Parador Bernardo de Fresneda<\/a>, Santo Domingo de la Calzada<\/li>\n<li><a title=\"Hotel Viura, Villabuena de \u00c1lava\" href=\"http:\/\/www.hotelviura.com\/\">Hotel Viura<\/a>, Villabuena de \u00c1lava (\u00c1lava)<\/li>\n<\/ul>\n<h3>Appartements<\/h3>\n<ul>\n<li><a title=\"Apartamentos Se\u00f1or\u00edo de Haro\" href=\"http:\/\/www.apartamentosconencanto.com\/\">Apartamentos Se\u00f1or\u00edo de Haro<\/a>, Haro<\/li>\n<li><a title=\"Apartamentos Real Valle de Ezcaray\" href=\"http:\/\/www.realvalleezcaray.com\/\">Apartamentos Real Valle de Ezcaray<\/a>, Zorraqu\u00edn<\/li>\n<\/ul>\n<h3>Landgasth\u00e4user<\/h3>\n<ul>\n<li><a title=\"Casa rural Olasolo, Fuenmayor\" href=\"http:\/\/www.casaolasolo.com\/\">Casa Olasolo<\/a>, Fuenmayor<\/li>\n<li><a title=\"Casa rural Josephine, Sorzano\" href=\"http:\/\/www.casajosephine.com\/\">Casa Josephine<\/a>, Sorzano<\/li>\n<li><a title=\"Casa rural La Casona del pastor, Valga\u00f1\u00f3n\" href=\"http:\/\/www.lacasonadelpastor.com\/\">La Casona del Pastor<\/a>, Valga\u00f1\u00f3n<\/li>\n<li><a title=\"Casas rurales de Velilla\" href=\"http:\/\/www.casasdevelilla.com\/\">Casas de Velilla<\/a>, Velilla (San Rom\u00e1n de Cameros)<\/li>\n<li><a title=\"Casa rural Mirador de Moncalvillo\" href=\"http:\/\/www.miradormoncalvillo.com\" target=\"_blank\">Mirador de Moncalvillo<\/a>, Daroca de Rioja<\/li>\n<\/ul>\n<p>&nbsp;<\/p>\n","protected":false},"excerpt":{"rendered":"<p>Brauchen Sie Hilfe bei der Suche nach einer Unterkunft in La Rioja? Auf der folgenden Seite geben wir Ihnen einige Tipps, damit Sie eine Unterkunft finden, die Ihren Erwartungen entspricht. Eine Unterkunft suchen La Rioja verf\u00fcgt \u00fcber ein vielseitiges Angebot an Unterk\u00fcnften. Von Campingpl\u00e4tzen bis zu gediegenen staatlichen Hotels (Paradores) finden Sie alles mit Hilfe&hellip;<\/p>\n","protected":false},"author":1,"featured_media":0,"parent":5239,"menu_order":19,"comment_status":"closed","ping_status":"closed","template":"","meta":{"_et_pb_use_builder":"","_et_pb_old_content":"","_et_gb_content_width":"","footnotes":""},"class_list":["post-5279","page","type-page","status-publish","hentry"],"yoast_head":"<!-- This site is optimized with the Yoast SEO plugin v27.4 - https:\/\/yoast.com\/product\/yoast-seo-wordpress\/ -->\n<title>Alojamiento en La Rioja, Espa\u00f1a - Riojatrek<\/title>\n<meta name=\"robots\" content=\"index, follow, max-snippet:-1, max-image-preview:large, max-video-preview:-1\" \/>\n<link rel=\"canonical\" href=\"https:\/\/www.riojatrek.com\/de\/eine-reise-in-die-rioja\/unterkuenfte\/\" \/>\n<meta property=\"og:locale\" content=\"de_DE\" \/>\n<meta property=\"og:type\" content=\"article\" \/>\n<meta property=\"og:title\" content=\"Alojamiento en La Rioja, Espa\u00f1a - Riojatrek\" \/>\n<meta property=\"og:description\" content=\"Brauchen Sie Hilfe bei der Suche nach einer Unterkunft in La Rioja? Auf der folgenden Seite geben wir Ihnen einige Tipps, damit Sie eine Unterkunft finden, die Ihren Erwartungen entspricht. Eine Unterkunft suchen La Rioja verf\u00fcgt \u00fcber ein vielseitiges Angebot an Unterk\u00fcnften. Von Campingpl\u00e4tzen bis zu gediegenen staatlichen Hotels (Paradores) finden Sie alles mit Hilfe&hellip;\" \/>\n<meta property=\"og:url\" content=\"https:\/\/www.riojatrek.com\/de\/eine-reise-in-die-rioja\/unterkuenfte\/\" \/>\n<meta property=\"og:site_name\" content=\"Riojatrek\" \/>\n<meta property=\"article:publisher\" content=\"https:\/\/www.facebook.com\/riojatrek\" \/>\n<meta property=\"article:modified_time\" content=\"2016-03-09T11:12:07+00:00\" \/>\n<meta property=\"og:image\" content=\"\/\/www.riojatrek.com\/wp-content\/uploads\/2010\/07\/furgoriscal.jpg\" \/>\n<meta name=\"twitter:card\" content=\"summary_large_image\" \/>\n<meta name=\"twitter:site\" content=\"@riojatrek\" \/>\n<meta name=\"twitter:label1\" content=\"Gesch\u00e4tzte Lesezeit\" \/>\n\t<meta name=\"twitter:data1\" content=\"1\u00a0Minute\" \/>\n<script type=\"application\/ld+json\" class=\"yoast-schema-graph\">{\"@context\":\"https:\\\/\\\/schema.org\",\"@graph\":[{\"@type\":\"WebPage\",\"@id\":\"https:\\\/\\\/www.riojatrek.com\\\/de\\\/eine-reise-in-die-rioja\\\/unterkuenfte\\\/\",\"url\":\"https:\\\/\\\/www.riojatrek.com\\\/de\\\/eine-reise-in-die-rioja\\\/unterkuenfte\\\/\",\"name\":\"Alojamiento en La Rioja, Espa\u00f1a - Riojatrek\",\"isPartOf\":{\"@id\":\"https:\\\/\\\/www.riojatrek.com\\\/de\\\/#website\"},\"datePublished\":\"2010-07-18T10:05:39+00:00\",\"dateModified\":\"2016-03-09T11:12:07+00:00\",\"breadcrumb\":{\"@id\":\"https:\\\/\\\/www.riojatrek.com\\\/de\\\/eine-reise-in-die-rioja\\\/unterkuenfte\\\/#breadcrumb\"},\"inLanguage\":\"de\",\"potentialAction\":[{\"@type\":\"ReadAction\",\"target\":[\"https:\\\/\\\/www.riojatrek.com\\\/de\\\/eine-reise-in-die-rioja\\\/unterkuenfte\\\/\"]}]},{\"@type\":\"BreadcrumbList\",\"@id\":\"https:\\\/\\\/www.riojatrek.com\\\/de\\\/eine-reise-in-die-rioja\\\/unterkuenfte\\\/#breadcrumb\",\"itemListElement\":[{\"@type\":\"ListItem\",\"position\":1,\"name\":\"Portada\",\"item\":\"https:\\\/\\\/www.riojatrek.com\\\/de\\\/\"},{\"@type\":\"ListItem\",\"position\":2,\"name\":\"Eine Reise in die Region La Rioja\",\"item\":\"https:\\\/\\\/www.riojatrek.com\\\/de\\\/eine-reise-in-die-rioja\\\/\"},{\"@type\":\"ListItem\",\"position\":3,\"name\":\"Unterk\u00fcnfte\"}]},{\"@type\":\"WebSite\",\"@id\":\"https:\\\/\\\/www.riojatrek.com\\\/de\\\/#website\",\"url\":\"https:\\\/\\\/www.riojatrek.com\\\/de\\\/\",\"name\":\"Riojatrek\",\"description\":\"Rioja-Wein Tours. Offizielle Fremdenf\u00fchrer.\",\"publisher\":{\"@id\":\"https:\\\/\\\/www.riojatrek.com\\\/de\\\/#organization\"},\"potentialAction\":[{\"@type\":\"SearchAction\",\"target\":{\"@type\":\"EntryPoint\",\"urlTemplate\":\"https:\\\/\\\/www.riojatrek.com\\\/de\\\/?s={search_term_string}\"},\"query-input\":{\"@type\":\"PropertyValueSpecification\",\"valueRequired\":true,\"valueName\":\"search_term_string\"}}],\"inLanguage\":\"de\"},{\"@type\":\"Organization\",\"@id\":\"https:\\\/\\\/www.riojatrek.com\\\/de\\\/#organization\",\"name\":\"Riojatrek\",\"url\":\"https:\\\/\\\/www.riojatrek.com\\\/de\\\/\",\"logo\":{\"@type\":\"ImageObject\",\"inLanguage\":\"de\",\"@id\":\"https:\\\/\\\/www.riojatrek.com\\\/de\\\/#\\\/schema\\\/logo\\\/image\\\/\",\"url\":\"https:\\\/\\\/www.riojatrek.com\\\/wp-content\\\/uploads\\\/2024\\\/02\\\/logo-web.png\",\"contentUrl\":\"https:\\\/\\\/www.riojatrek.com\\\/wp-content\\\/uploads\\\/2024\\\/02\\\/logo-web.png\",\"width\":500,\"height\":126,\"caption\":\"Riojatrek\"},\"image\":{\"@id\":\"https:\\\/\\\/www.riojatrek.com\\\/de\\\/#\\\/schema\\\/logo\\\/image\\\/\"},\"sameAs\":[\"https:\\\/\\\/www.facebook.com\\\/riojatrek\",\"https:\\\/\\\/x.com\\\/riojatrek\",\"https:\\\/\\\/www.youtube.com\\\/user\\\/riojatrek\",\"https:\\\/\\\/www.instagram.com\\\/riojatrek\\\/\"]}]}<\/script>\n<!-- \/ Yoast SEO plugin. -->","yoast_head_json":{"title":"Alojamiento en La Rioja, Espa\u00f1a - Riojatrek","robots":{"index":"index","follow":"follow","max-snippet":"max-snippet:-1","max-image-preview":"max-image-preview:large","max-video-preview":"max-video-preview:-1"},"canonical":"https:\/\/www.riojatrek.com\/de\/eine-reise-in-die-rioja\/unterkuenfte\/","og_locale":"de_DE","og_type":"article","og_title":"Alojamiento en La Rioja, Espa\u00f1a - Riojatrek","og_description":"Brauchen Sie Hilfe bei der Suche nach einer Unterkunft in La Rioja? Auf der folgenden Seite geben wir Ihnen einige Tipps, damit Sie eine Unterkunft finden, die Ihren Erwartungen entspricht. Eine Unterkunft suchen La Rioja verf\u00fcgt \u00fcber ein vielseitiges Angebot an Unterk\u00fcnften. Von Campingpl\u00e4tzen bis zu gediegenen staatlichen Hotels (Paradores) finden Sie alles mit Hilfe&hellip;","og_url":"https:\/\/www.riojatrek.com\/de\/eine-reise-in-die-rioja\/unterkuenfte\/","og_site_name":"Riojatrek","article_publisher":"https:\/\/www.facebook.com\/riojatrek","article_modified_time":"2016-03-09T11:12:07+00:00","og_image":[{"url":"\/\/www.riojatrek.com\/wp-content\/uploads\/2010\/07\/furgoriscal.jpg","type":"","width":"","height":""}],"twitter_card":"summary_large_image","twitter_site":"@riojatrek","twitter_misc":{"Gesch\u00e4tzte Lesezeit":"1\u00a0Minute"},"schema":{"@context":"https:\/\/schema.org","@graph":[{"@type":"WebPage","@id":"https:\/\/www.riojatrek.com\/de\/eine-reise-in-die-rioja\/unterkuenfte\/","url":"https:\/\/www.riojatrek.com\/de\/eine-reise-in-die-rioja\/unterkuenfte\/","name":"Alojamiento en La Rioja, Espa\u00f1a - Riojatrek","isPartOf":{"@id":"https:\/\/www.riojatrek.com\/de\/#website"},"datePublished":"2010-07-18T10:05:39+00:00","dateModified":"2016-03-09T11:12:07+00:00","breadcrumb":{"@id":"https:\/\/www.riojatrek.com\/de\/eine-reise-in-die-rioja\/unterkuenfte\/#breadcrumb"},"inLanguage":"de","potentialAction":[{"@type":"ReadAction","target":["https:\/\/www.riojatrek.com\/de\/eine-reise-in-die-rioja\/unterkuenfte\/"]}]},{"@type":"BreadcrumbList","@id":"https:\/\/www.riojatrek.com\/de\/eine-reise-in-die-rioja\/unterkuenfte\/#breadcrumb","itemListElement":[{"@type":"ListItem","position":1,"name":"Portada","item":"https:\/\/www.riojatrek.com\/de\/"},{"@type":"ListItem","position":2,"name":"Eine Reise in die Region La Rioja","item":"https:\/\/www.riojatrek.com\/de\/eine-reise-in-die-rioja\/"},{"@type":"ListItem","position":3,"name":"Unterk\u00fcnfte"}]},{"@type":"WebSite","@id":"https:\/\/www.riojatrek.com\/de\/#website","url":"https:\/\/www.riojatrek.com\/de\/","name":"Riojatrek","description":"Rioja-Wein Tours. Offizielle Fremdenf\u00fchrer.","publisher":{"@id":"https:\/\/www.riojatrek.com\/de\/#organization"},"potentialAction":[{"@type":"SearchAction","target":{"@type":"EntryPoint","urlTemplate":"https:\/\/www.riojatrek.com\/de\/?s={search_term_string}"},"query-input":{"@type":"PropertyValueSpecification","valueRequired":true,"valueName":"search_term_string"}}],"inLanguage":"de"},{"@type":"Organization","@id":"https:\/\/www.riojatrek.com\/de\/#organization","name":"Riojatrek","url":"https:\/\/www.riojatrek.com\/de\/","logo":{"@type":"ImageObject","inLanguage":"de","@id":"https:\/\/www.riojatrek.com\/de\/#\/schema\/logo\/image\/","url":"https:\/\/www.riojatrek.com\/wp-content\/uploads\/2024\/02\/logo-web.png","contentUrl":"https:\/\/www.riojatrek.com\/wp-content\/uploads\/2024\/02\/logo-web.png","width":500,"height":126,"caption":"Riojatrek"},"image":{"@id":"https:\/\/www.riojatrek.com\/de\/#\/schema\/logo\/image\/"},"sameAs":["https:\/\/www.facebook.com\/riojatrek","https:\/\/x.com\/riojatrek","https:\/\/www.youtube.com\/user\/riojatrek","https:\/\/www.instagram.com\/riojatrek\/"]}]}},"jetpack_sharing_enabled":true,"_links":{"self":[{"href":"https:\/\/www.riojatrek.com\/de\/wp-json\/wp\/v2\/pages\/5279","targetHints":{"allow":["GET"]}}],"collection":[{"href":"https:\/\/www.riojatrek.com\/de\/wp-json\/wp\/v2\/pages"}],"about":[{"href":"https:\/\/www.riojatrek.com\/de\/wp-json\/wp\/v2\/types\/page"}],"author":[{"embeddable":true,"href":"https:\/\/www.riojatrek.com\/de\/wp-json\/wp\/v2\/users\/1"}],"replies":[{"embeddable":true,"href":"https:\/\/www.riojatrek.com\/de\/wp-json\/wp\/v2\/comments?post=5279"}],"version-history":[{"count":2,"href":"https:\/\/www.riojatrek.com\/de\/wp-json\/wp\/v2\/pages\/5279\/revisions"}],"predecessor-version":[{"id":5283,"href":"https:\/\/www.riojatrek.com\/de\/wp-json\/wp\/v2\/pages\/5279\/revisions\/5283"}],"up":[{"embeddable":true,"href":"https:\/\/www.riojatrek.com\/de\/wp-json\/wp\/v2\/pages\/5239"}],"wp:attachment":[{"href":"https:\/\/www.riojatrek.com\/de\/wp-json\/wp\/v2\/media?parent=5279"}],"curies":[{"name":"wp","href":"https:\/\/api.w.org\/{rel}","templated":true}]}}