{"id":5263,"date":"2010-07-18T12:05:13","date_gmt":"2010-07-18T10:05:13","guid":{"rendered":"http:\/\/www.riojatrek.com\/\/de\/eine-reise-in-die-rioja\/bodegas-de-rioja\/"},"modified":"2016-03-09T12:05:34","modified_gmt":"2016-03-09T11:05:34","slug":"weinkellereien-der-herkunftsbezeichnung-rioja","status":"publish","type":"page","link":"https:\/\/www.riojatrek.com\/de\/eine-reise-in-die-rioja\/weinkellereien-der-herkunftsbezeichnung-rioja\/","title":{"rendered":"Weinkellereien der Herkunftsbezeichnung Rioja"},"content":{"rendered":"<div id=\"section_intro\">\n<p>Die Besichtigung einer Weinkellerei ist zweifellos eine der touristischen Hauptattraktionen unserer Region. Es gibt mehrere hundert \u201eBodegas\u201c, die gef\u00fchrte Besichtigungen anbieten, und alle sind ganz bestimmt einen Besuch wert.<\/p>\n<\/div>\n<h2>Kellereibesichtigungen<\/h2>\n<p>Die Weinkellereien der Herkunftsbezeichnung Rioja, die sich w\u00e4hrend Jahrzehnten ausschlie\u00dflich der Weinbereitung widmeten, haben sich der wachsenden Beliebtheit des Weintourismus angepasst und ihre Tore ge\u00f6ffnet, um den Besuchern ihre Architektur, ihren Weinbereitungsprozess, ihre Fass- und Flaschenkeller und insbesondere ihre Weine vor Ort zu zeigen und zu erkl\u00e4ren.<\/p>\n<p><img loading=\"lazy\" decoding=\"async\" class=\"alignnone size-full wp-image-682\" title=\"Sala de dep\u00f3sitos\" src=\"\/\/www.riojatrek.com\/wp-content\/uploads\/2010\/07\/vi_bodegas.jpg\" alt=\"Sala de dep\u00f3sitos\" width=\"598\" height=\"240\" srcset=\"https:\/\/www.riojatrek.com\/wp-content\/uploads\/2010\/07\/vi_bodegas.jpg 598w, https:\/\/www.riojatrek.com\/wp-content\/uploads\/2010\/07\/vi_bodegas-300x120.jpg 300w\" sizes=\"auto, (max-width: 598px) 100vw, 598px\" \/><\/p>\n<h2>Auf eigene Faust oder mit Riojatrek<\/h2>\n<p>Um eine Weinkellerei zu besichtigen ist eine telefonische Voranmeldung notwendig. Einige Bodegas sind am Wochenende geschlossen oder nur an bestimmten Tagen ge\u00f6ffnet. Die meisten verlangen einen Eintrittspreis, der sich zwischen drei und neun Euro bewegt. Andere ziehen den Eintrittspreis vom Preis der gekauften Weine ab und wieder andere bieten kostenlose Besichtigungen an.<\/p>\n<p>Wenn Sie eine Weinkellerei auf eigene Faust besuchen m\u00f6chten, empfehlen wir Ihnen das folgende <a href=\"http:\/\/www.lariojaturismo.com\/visitas_bodegas\/index.php\">Verzeichnis der Rioja-Kellereien<\/a>.<\/p>\n<p>Wenn Sie aber w\u00fcnschen, von einem auf Wein spezialisierten Guide von Riojatrek begleitet zu werden, stellen wir Ihnen gern eine attraktive <a href=\"\/\/www.riojatrek.com\/?page_id=228\">Route mit verschiedenen Weinkellereien<\/a> zusammen. Beantragen Sie bitte einen unverbindlichen Kostenvoranschlag.<\/p>\n<p>&nbsp;<\/p>\n\n<div class=\"wpcf7 no-js\" id=\"wpcf7-f5220-o1\" lang=\"es-ES\" dir=\"ltr\" data-wpcf7-id=\"5220\">\n<div class=\"screen-reader-response\"><p role=\"status\" aria-live=\"polite\" aria-atomic=\"true\"><\/p> <ul><\/ul><\/div>\n<form action=\"\/de\/wp-json\/wp\/v2\/pages\/5263#wpcf7-f5220-o1\" method=\"post\" class=\"wpcf7-form init\" aria-label=\"Formulario de contacto\" novalidate=\"novalidate\" data-status=\"init\">\n<fieldset class=\"hidden-fields-container\"><input type=\"hidden\" name=\"_wpcf7\" value=\"5220\" \/><input type=\"hidden\" name=\"_wpcf7_version\" value=\"6.1.2\" \/><input type=\"hidden\" name=\"_wpcf7_locale\" value=\"es_ES\" \/><input type=\"hidden\" name=\"_wpcf7_unit_tag\" value=\"wpcf7-f5220-o1\" \/><input type=\"hidden\" name=\"_wpcf7_container_post\" value=\"0\" \/><input type=\"hidden\" name=\"_wpcf7_posted_data_hash\" value=\"\" \/>\n<\/fieldset>\n<div class=\"et_pb_contact_left\">\n\t<p class=\"clearfix\"><span class=\"wpcf7-form-control-wrap\" data-name=\"nombre\"><input size=\"35\" maxlength=\"400\" class=\"wpcf7-form-control wpcf7-text wpcf7-validates-as-required input form_field\" aria-required=\"true\" aria-invalid=\"false\" placeholder=\"Name\" value=\"\" type=\"text\" name=\"nombre\" \/><\/span>\n\t<\/p>\n\t<p class=\"clearfix\"><span class=\"wpcf7-form-control-wrap\" data-name=\"email\"><input size=\"40\" maxlength=\"400\" class=\"wpcf7-form-control wpcf7-email wpcf7-validates-as-required wpcf7-text wpcf7-validates-as-email input form_field\" aria-required=\"true\" aria-invalid=\"false\" placeholder=\"E-mail\" value=\"\" type=\"email\" name=\"email\" \/><\/span>\n\t<\/p>\n<\/div>\n<div class=\"et_pb_contact_left_3\">\n\t<p class=\"clearfix\"><span class=\"wpcf7-form-control-wrap\" data-name=\"telefono\"><input size=\"20\" maxlength=\"400\" class=\"wpcf7-form-control wpcf7-text wpcf7-validates-as-required form_field\" aria-required=\"true\" aria-invalid=\"false\" placeholder=\"Telefon\" value=\"\" type=\"text\" name=\"telefono\" \/><\/span>\n\t<\/p>\n\t<p class=\"clearfix\"><span class=\"wpcf7-form-control-wrap\" data-name=\"pax\"><input size=\"20\" maxlength=\"400\" class=\"wpcf7-form-control wpcf7-text form_field\" aria-invalid=\"false\" placeholder=\"Anzahl von Personen\" value=\"\" type=\"text\" name=\"pax\" \/><\/span>\n\t<\/p>\n\t<p class=\"clearfix\"><span class=\"wpcf7-form-control-wrap\" data-name=\"fecha\"><input size=\"20\" maxlength=\"400\" class=\"wpcf7-form-control wpcf7-text form_field\" aria-invalid=\"false\" placeholder=\"Datum\" value=\"\" type=\"text\" name=\"fecha\" \/><\/span>\n\t<\/p>\n<\/div>\n<p class=\"clearfix\"><span class=\"wpcf7-form-control-wrap\" data-name=\"mensaje\"><textarea cols=\"80\" rows=\"10\" maxlength=\"2000\" class=\"wpcf7-form-control wpcf7-textarea wpcf7-validates-as-required form_field\" aria-required=\"true\" aria-invalid=\"false\" placeholder=\"Mitteilung\" name=\"mensaje\"><\/textarea><\/span>\n<\/p>\n<p><input class=\"wpcf7-form-control wpcf7-submit has-spinner et_pb_contact_submit\" type=\"submit\" value=\"SENDEN\" \/>\n<\/p><p style=\"display: none !important;\" class=\"akismet-fields-container\" data-prefix=\"_wpcf7_ak_\"><label>&#916;<textarea name=\"_wpcf7_ak_hp_textarea\" cols=\"45\" rows=\"8\" maxlength=\"100\"><\/textarea><\/label><input type=\"hidden\" id=\"ak_js_1\" name=\"_wpcf7_ak_js\" value=\"113\"\/><script>document.getElementById( \"ak_js_1\" ).setAttribute( \"value\", ( new Date() ).getTime() );<\/script><\/p><div class=\"wpcf7-response-output\" aria-hidden=\"true\"><\/div>\n<\/form>\n<\/div>\n\n<p>&nbsp;<\/p>\n\n<div class=\"wpcf7 no-js\" id=\"wpcf7-f3884-o2\" lang=\"es-ES\" dir=\"ltr\" data-wpcf7-id=\"3884\">\n<div class=\"screen-reader-response\"><p role=\"status\" aria-live=\"polite\" aria-atomic=\"true\"><\/p> <ul><\/ul><\/div>\n<form action=\"\/de\/wp-json\/wp\/v2\/pages\/5263#wpcf7-f3884-o2\" method=\"post\" class=\"wpcf7-form init\" aria-label=\"Formulario de contacto\" novalidate=\"novalidate\" data-status=\"init\">\n<fieldset class=\"hidden-fields-container\"><input type=\"hidden\" name=\"_wpcf7\" value=\"3884\" \/><input type=\"hidden\" name=\"_wpcf7_version\" value=\"6.1.2\" \/><input type=\"hidden\" name=\"_wpcf7_locale\" value=\"es_ES\" \/><input type=\"hidden\" name=\"_wpcf7_unit_tag\" value=\"wpcf7-f3884-o2\" \/><input type=\"hidden\" name=\"_wpcf7_container_post\" value=\"0\" \/><input type=\"hidden\" name=\"_wpcf7_posted_data_hash\" value=\"\" \/>\n<\/fieldset>\n<div class=\"et_pb_contact_left\">\n\t<p class=\"clearfix\"><span class=\"wpcf7-form-control-wrap\" data-name=\"nombre\"><input size=\"35\" maxlength=\"400\" class=\"wpcf7-form-control wpcf7-text wpcf7-validates-as-required input form_field\" aria-required=\"true\" aria-invalid=\"false\" placeholder=\"Nombre\" value=\"\" type=\"text\" name=\"nombre\" \/><\/span>\n\t<\/p>\n\t<p class=\"clearfix\"><span class=\"wpcf7-form-control-wrap\" data-name=\"email\"><input size=\"40\" maxlength=\"400\" class=\"wpcf7-form-control wpcf7-email wpcf7-validates-as-required wpcf7-text wpcf7-validates-as-email input form_field\" aria-required=\"true\" aria-invalid=\"false\" placeholder=\"E-mail\" value=\"\" type=\"email\" name=\"email\" \/><\/span>\n\t<\/p>\n<\/div>\n<div class=\"et_pb_contact_left_3\">\n\t<p class=\"clearfix\"><span class=\"wpcf7-form-control-wrap\" data-name=\"telefono\"><input size=\"20\" maxlength=\"400\" class=\"wpcf7-form-control wpcf7-text wpcf7-validates-as-required form_field\" aria-required=\"true\" aria-invalid=\"false\" placeholder=\"Tel\u00e9fono\" value=\"\" type=\"text\" name=\"telefono\" \/><\/span>\n\t<\/p>\n\t<p class=\"clearfix\"><span class=\"wpcf7-form-control-wrap\" data-name=\"pax\"><input size=\"20\" maxlength=\"400\" class=\"wpcf7-form-control wpcf7-text form_field\" aria-invalid=\"false\" placeholder=\"N\u00famero de personas\" value=\"\" type=\"text\" name=\"pax\" \/><\/span>\n\t<\/p>\n\t<p class=\"clearfix\"><span class=\"wpcf7-form-control-wrap\" data-name=\"fecha\"><input size=\"20\" maxlength=\"400\" class=\"wpcf7-form-control wpcf7-text form_field\" aria-invalid=\"false\" placeholder=\"Fecha de la visita\" value=\"\" type=\"text\" name=\"fecha\" \/><\/span>\n\t<\/p>\n<\/div>\n<p class=\"clearfix\"><span class=\"wpcf7-form-control-wrap\" data-name=\"mensaje\"><textarea cols=\"80\" rows=\"10\" maxlength=\"2000\" class=\"wpcf7-form-control wpcf7-textarea wpcf7-validates-as-required form_field\" aria-required=\"true\" aria-invalid=\"false\" placeholder=\"Mensaje\" name=\"mensaje\"><\/textarea><\/span>\n<\/p>\n<p><input class=\"wpcf7-form-control wpcf7-submit has-spinner et_pb_contact_submit\" type=\"submit\" value=\"ENVIAR\" \/>\n<\/p><p style=\"display: none !important;\" class=\"akismet-fields-container\" data-prefix=\"_wpcf7_ak_\"><label>&#916;<textarea name=\"_wpcf7_ak_hp_textarea\" cols=\"45\" rows=\"8\" maxlength=\"100\"><\/textarea><\/label><input type=\"hidden\" id=\"ak_js_2\" name=\"_wpcf7_ak_js\" value=\"36\"\/><script>document.getElementById( \"ak_js_2\" ).setAttribute( \"value\", ( new Date() ).getTime() );<\/script><\/p><div class=\"wpcf7-response-output\" aria-hidden=\"true\"><\/div>\n<\/form>\n<\/div>\n\n","protected":false},"excerpt":{"rendered":"<p>Die Besichtigung einer Weinkellerei ist zweifellos eine der touristischen Hauptattraktionen unserer Region. Es gibt mehrere hundert \u201eBodegas\u201c, die gef\u00fchrte Besichtigungen anbieten, und alle sind ganz bestimmt einen Besuch wert. Kellereibesichtigungen Die Weinkellereien der Herkunftsbezeichnung Rioja, die sich w\u00e4hrend Jahrzehnten ausschlie\u00dflich der Weinbereitung widmeten, haben sich der wachsenden Beliebtheit des Weintourismus angepasst und ihre Tore ge\u00f6ffnet,&hellip;<\/p>\n","protected":false},"author":1,"featured_media":0,"parent":5239,"menu_order":19,"comment_status":"closed","ping_status":"closed","template":"","meta":{"_et_pb_use_builder":"","_et_pb_old_content":"","_et_gb_content_width":"","footnotes":""},"class_list":["post-5263","page","type-page","status-publish","hentry"],"yoast_head":"<!-- This site is optimized with the Yoast SEO plugin v26.1.1 - https:\/\/yoast.com\/wordpress\/plugins\/seo\/ -->\n<title>Weinkellereien der Herkunftsbezeichnung Rioja - Riojatrek<\/title>\n<meta name=\"robots\" content=\"index, follow, max-snippet:-1, max-image-preview:large, max-video-preview:-1\" \/>\n<link rel=\"canonical\" href=\"https:\/\/www.riojatrek.com\/de\/eine-reise-in-die-rioja\/weinkellereien-der-herkunftsbezeichnung-rioja\/\" \/>\n<meta property=\"og:locale\" content=\"de_DE\" \/>\n<meta property=\"og:type\" content=\"article\" \/>\n<meta property=\"og:title\" content=\"Weinkellereien der Herkunftsbezeichnung Rioja - Riojatrek\" \/>\n<meta property=\"og:description\" content=\"Die Besichtigung einer Weinkellerei ist zweifellos eine der touristischen Hauptattraktionen unserer Region. Es gibt mehrere hundert \u201eBodegas\u201c, die gef\u00fchrte Besichtigungen anbieten, und alle sind ganz bestimmt einen Besuch wert. Kellereibesichtigungen Die Weinkellereien der Herkunftsbezeichnung Rioja, die sich w\u00e4hrend Jahrzehnten ausschlie\u00dflich der Weinbereitung widmeten, haben sich der wachsenden Beliebtheit des Weintourismus angepasst und ihre Tore ge\u00f6ffnet,&hellip;\" \/>\n<meta property=\"og:url\" content=\"https:\/\/www.riojatrek.com\/de\/eine-reise-in-die-rioja\/weinkellereien-der-herkunftsbezeichnung-rioja\/\" \/>\n<meta property=\"og:site_name\" content=\"Riojatrek\" \/>\n<meta property=\"article:publisher\" content=\"https:\/\/www.facebook.com\/riojatrek\" \/>\n<meta property=\"article:modified_time\" content=\"2016-03-09T11:05:34+00:00\" \/>\n<meta property=\"og:image\" content=\"\/\/www.riojatrek.com\/wp-content\/uploads\/2010\/07\/vi_bodegas.jpg\" \/>\n<meta name=\"twitter:card\" content=\"summary_large_image\" \/>\n<meta name=\"twitter:site\" content=\"@riojatrek\" \/>\n<meta name=\"twitter:label1\" content=\"Gesch\u00e4tzte Lesezeit\" \/>\n\t<meta name=\"twitter:data1\" content=\"1\u00a0Minute\" \/>\n<script type=\"application\/ld+json\" class=\"yoast-schema-graph\">{\"@context\":\"https:\/\/schema.org\",\"@graph\":[{\"@type\":\"WebPage\",\"@id\":\"https:\/\/www.riojatrek.com\/de\/eine-reise-in-die-rioja\/weinkellereien-der-herkunftsbezeichnung-rioja\/\",\"url\":\"https:\/\/www.riojatrek.com\/de\/eine-reise-in-die-rioja\/weinkellereien-der-herkunftsbezeichnung-rioja\/\",\"name\":\"Weinkellereien der Herkunftsbezeichnung Rioja - Riojatrek\",\"isPartOf\":{\"@id\":\"https:\/\/www.riojatrek.com\/de\/#website\"},\"datePublished\":\"2010-07-18T10:05:13+00:00\",\"dateModified\":\"2016-03-09T11:05:34+00:00\",\"breadcrumb\":{\"@id\":\"https:\/\/www.riojatrek.com\/de\/eine-reise-in-die-rioja\/weinkellereien-der-herkunftsbezeichnung-rioja\/#breadcrumb\"},\"inLanguage\":\"de\",\"potentialAction\":[{\"@type\":\"ReadAction\",\"target\":[\"https:\/\/www.riojatrek.com\/de\/eine-reise-in-die-rioja\/weinkellereien-der-herkunftsbezeichnung-rioja\/\"]}]},{\"@type\":\"BreadcrumbList\",\"@id\":\"https:\/\/www.riojatrek.com\/de\/eine-reise-in-die-rioja\/weinkellereien-der-herkunftsbezeichnung-rioja\/#breadcrumb\",\"itemListElement\":[{\"@type\":\"ListItem\",\"position\":1,\"name\":\"Portada\",\"item\":\"https:\/\/www.riojatrek.com\/de\/\"},{\"@type\":\"ListItem\",\"position\":2,\"name\":\"Eine Reise in die Region La Rioja\",\"item\":\"https:\/\/www.riojatrek.com\/de\/eine-reise-in-die-rioja\/\"},{\"@type\":\"ListItem\",\"position\":3,\"name\":\"Weinkellereien der Herkunftsbezeichnung Rioja\"}]},{\"@type\":\"WebSite\",\"@id\":\"https:\/\/www.riojatrek.com\/de\/#website\",\"url\":\"https:\/\/www.riojatrek.com\/de\/\",\"name\":\"Riojatrek\",\"description\":\"Rioja-Wein Tours. Offizielle Fremdenf\u00fchrer.\",\"publisher\":{\"@id\":\"https:\/\/www.riojatrek.com\/de\/#organization\"},\"potentialAction\":[{\"@type\":\"SearchAction\",\"target\":{\"@type\":\"EntryPoint\",\"urlTemplate\":\"https:\/\/www.riojatrek.com\/de\/?s={search_term_string}\"},\"query-input\":{\"@type\":\"PropertyValueSpecification\",\"valueRequired\":true,\"valueName\":\"search_term_string\"}}],\"inLanguage\":\"de\"},{\"@type\":\"Organization\",\"@id\":\"https:\/\/www.riojatrek.com\/de\/#organization\",\"name\":\"Riojatrek\",\"url\":\"https:\/\/www.riojatrek.com\/de\/\",\"logo\":{\"@type\":\"ImageObject\",\"inLanguage\":\"de\",\"@id\":\"https:\/\/www.riojatrek.com\/de\/#\/schema\/logo\/image\/\",\"url\":\"https:\/\/www.riojatrek.com\/wp-content\/uploads\/2024\/02\/logo-web.png\",\"contentUrl\":\"https:\/\/www.riojatrek.com\/wp-content\/uploads\/2024\/02\/logo-web.png\",\"width\":500,\"height\":126,\"caption\":\"Riojatrek\"},\"image\":{\"@id\":\"https:\/\/www.riojatrek.com\/de\/#\/schema\/logo\/image\/\"},\"sameAs\":[\"https:\/\/www.facebook.com\/riojatrek\",\"https:\/\/x.com\/riojatrek\",\"https:\/\/www.youtube.com\/user\/riojatrek\",\"https:\/\/www.instagram.com\/riojatrek\/\"]}]}<\/script>\n<!-- \/ Yoast SEO plugin. -->","yoast_head_json":{"title":"Weinkellereien der Herkunftsbezeichnung Rioja - Riojatrek","robots":{"index":"index","follow":"follow","max-snippet":"max-snippet:-1","max-image-preview":"max-image-preview:large","max-video-preview":"max-video-preview:-1"},"canonical":"https:\/\/www.riojatrek.com\/de\/eine-reise-in-die-rioja\/weinkellereien-der-herkunftsbezeichnung-rioja\/","og_locale":"de_DE","og_type":"article","og_title":"Weinkellereien der Herkunftsbezeichnung Rioja - Riojatrek","og_description":"Die Besichtigung einer Weinkellerei ist zweifellos eine der touristischen Hauptattraktionen unserer Region. Es gibt mehrere hundert \u201eBodegas\u201c, die gef\u00fchrte Besichtigungen anbieten, und alle sind ganz bestimmt einen Besuch wert. Kellereibesichtigungen Die Weinkellereien der Herkunftsbezeichnung Rioja, die sich w\u00e4hrend Jahrzehnten ausschlie\u00dflich der Weinbereitung widmeten, haben sich der wachsenden Beliebtheit des Weintourismus angepasst und ihre Tore ge\u00f6ffnet,&hellip;","og_url":"https:\/\/www.riojatrek.com\/de\/eine-reise-in-die-rioja\/weinkellereien-der-herkunftsbezeichnung-rioja\/","og_site_name":"Riojatrek","article_publisher":"https:\/\/www.facebook.com\/riojatrek","article_modified_time":"2016-03-09T11:05:34+00:00","og_image":[{"url":"\/\/www.riojatrek.com\/wp-content\/uploads\/2010\/07\/vi_bodegas.jpg","type":"","width":"","height":""}],"twitter_card":"summary_large_image","twitter_site":"@riojatrek","twitter_misc":{"Gesch\u00e4tzte Lesezeit":"1\u00a0Minute"},"schema":{"@context":"https:\/\/schema.org","@graph":[{"@type":"WebPage","@id":"https:\/\/www.riojatrek.com\/de\/eine-reise-in-die-rioja\/weinkellereien-der-herkunftsbezeichnung-rioja\/","url":"https:\/\/www.riojatrek.com\/de\/eine-reise-in-die-rioja\/weinkellereien-der-herkunftsbezeichnung-rioja\/","name":"Weinkellereien der Herkunftsbezeichnung Rioja - Riojatrek","isPartOf":{"@id":"https:\/\/www.riojatrek.com\/de\/#website"},"datePublished":"2010-07-18T10:05:13+00:00","dateModified":"2016-03-09T11:05:34+00:00","breadcrumb":{"@id":"https:\/\/www.riojatrek.com\/de\/eine-reise-in-die-rioja\/weinkellereien-der-herkunftsbezeichnung-rioja\/#breadcrumb"},"inLanguage":"de","potentialAction":[{"@type":"ReadAction","target":["https:\/\/www.riojatrek.com\/de\/eine-reise-in-die-rioja\/weinkellereien-der-herkunftsbezeichnung-rioja\/"]}]},{"@type":"BreadcrumbList","@id":"https:\/\/www.riojatrek.com\/de\/eine-reise-in-die-rioja\/weinkellereien-der-herkunftsbezeichnung-rioja\/#breadcrumb","itemListElement":[{"@type":"ListItem","position":1,"name":"Portada","item":"https:\/\/www.riojatrek.com\/de\/"},{"@type":"ListItem","position":2,"name":"Eine Reise in die Region La Rioja","item":"https:\/\/www.riojatrek.com\/de\/eine-reise-in-die-rioja\/"},{"@type":"ListItem","position":3,"name":"Weinkellereien der Herkunftsbezeichnung Rioja"}]},{"@type":"WebSite","@id":"https:\/\/www.riojatrek.com\/de\/#website","url":"https:\/\/www.riojatrek.com\/de\/","name":"Riojatrek","description":"Rioja-Wein Tours. Offizielle Fremdenf\u00fchrer.","publisher":{"@id":"https:\/\/www.riojatrek.com\/de\/#organization"},"potentialAction":[{"@type":"SearchAction","target":{"@type":"EntryPoint","urlTemplate":"https:\/\/www.riojatrek.com\/de\/?s={search_term_string}"},"query-input":{"@type":"PropertyValueSpecification","valueRequired":true,"valueName":"search_term_string"}}],"inLanguage":"de"},{"@type":"Organization","@id":"https:\/\/www.riojatrek.com\/de\/#organization","name":"Riojatrek","url":"https:\/\/www.riojatrek.com\/de\/","logo":{"@type":"ImageObject","inLanguage":"de","@id":"https:\/\/www.riojatrek.com\/de\/#\/schema\/logo\/image\/","url":"https:\/\/www.riojatrek.com\/wp-content\/uploads\/2024\/02\/logo-web.png","contentUrl":"https:\/\/www.riojatrek.com\/wp-content\/uploads\/2024\/02\/logo-web.png","width":500,"height":126,"caption":"Riojatrek"},"image":{"@id":"https:\/\/www.riojatrek.com\/de\/#\/schema\/logo\/image\/"},"sameAs":["https:\/\/www.facebook.com\/riojatrek","https:\/\/x.com\/riojatrek","https:\/\/www.youtube.com\/user\/riojatrek","https:\/\/www.instagram.com\/riojatrek\/"]}]}},"jetpack_sharing_enabled":true,"_links":{"self":[{"href":"https:\/\/www.riojatrek.com\/de\/wp-json\/wp\/v2\/pages\/5263","targetHints":{"allow":["GET"]}}],"collection":[{"href":"https:\/\/www.riojatrek.com\/de\/wp-json\/wp\/v2\/pages"}],"about":[{"href":"https:\/\/www.riojatrek.com\/de\/wp-json\/wp\/v2\/types\/page"}],"author":[{"embeddable":true,"href":"https:\/\/www.riojatrek.com\/de\/wp-json\/wp\/v2\/users\/1"}],"replies":[{"embeddable":true,"href":"https:\/\/www.riojatrek.com\/de\/wp-json\/wp\/v2\/comments?post=5263"}],"version-history":[{"count":6,"href":"https:\/\/www.riojatrek.com\/de\/wp-json\/wp\/v2\/pages\/5263\/revisions"}],"predecessor-version":[{"id":5277,"href":"https:\/\/www.riojatrek.com\/de\/wp-json\/wp\/v2\/pages\/5263\/revisions\/5277"}],"up":[{"embeddable":true,"href":"https:\/\/www.riojatrek.com\/de\/wp-json\/wp\/v2\/pages\/5239"}],"wp:attachment":[{"href":"https:\/\/www.riojatrek.com\/de\/wp-json\/wp\/v2\/media?parent=5263"}],"curies":[{"name":"wp","href":"https:\/\/api.w.org\/{rel}","templated":true}]}}