{"id":5239,"date":"2010-06-27T11:54:49","date_gmt":"2010-06-27T09:54:49","guid":{"rendered":"http:\/\/www.riojatrek.com\/\/de\/viajar-a-la-rioja\/"},"modified":"2016-03-09T11:29:25","modified_gmt":"2016-03-09T10:29:25","slug":"eine-reise-in-die-rioja","status":"publish","type":"page","link":"https:\/\/www.riojatrek.com\/de\/eine-reise-in-die-rioja\/","title":{"rendered":"Eine Reise in die Region La Rioja"},"content":{"rendered":"<div id=\"section_intro\">\n<p>Brauchen Sie zus\u00e4tzliche Informationen f\u00fcr Ihre geplante Reise in die Region La Rioja? Nachstehend finden Sie wertvolle Infos \u00fcber La Rioja und Logro\u00f1o sowie einige n\u00fctzliche Tipps in Bezug auf Unterk\u00fcnfte und Restaurants.<\/p>\n<\/div>\n<h2>La Rioja<\/h2>\n<p>Die kleine, von T\u00e4lern und Bergen gebildete, vom Jakobsweg durchquerte und zentral im n\u00f6rdlichen Spanien gelegene Region La Rioja ist ein touristisches Reiseziel erster Klasse, wo sich Natur, Kunst, Geschichte und Gastronomie ein genussvolles Stelldichein geben.<\/p>\n<p><img loading=\"lazy\" decoding=\"async\" class=\"alignnone size-full wp-image-722\" title=\"Castillo de Davalillo, San Asensio\" src=\"\/\/www.riojatrek.com\/wp-content\/uploads\/2010\/06\/larioja.jpg\" alt=\"Castillo de Davalillo, San Asensio\" width=\"598\" height=\"240\" srcset=\"https:\/\/www.riojatrek.com\/wp-content\/uploads\/2010\/06\/larioja.jpg 598w, https:\/\/www.riojatrek.com\/wp-content\/uploads\/2010\/06\/larioja-300x120.jpg 300w\" sizes=\"auto, (max-width: 598px) 100vw, 598px\" \/><\/p>\n<div class=\"saber-mas\"><a class=\"section-button\" title=\"La Rioja\" href=\"https:\/\/www.riojatrek.com\/viajar-a-la-rioja\/la-rioja\/\">Lernen Sie die Region La Rioja kennen<\/a><\/div>\n<h2>Logro\u00f1o<\/h2>\n<p>Zentral im Norden der Region La Rioja befindet sich ihre Hauptstadt, Logro\u00f1o, die seit Jahren als eine der spanischen St\u00e4dte mit der h\u00f6chsten Lebensqualit\u00e4t gilt. Genie\u00dfen Sie hier entspannende Spazierg\u00e4nge, k\u00f6stliche Tapas und einen anregenden Einkaufsbummel mit zahlreichen interessanten Kaufgelegenheiten.<\/p>\n<p><img loading=\"lazy\" decoding=\"async\" class=\"alignnone size-full wp-image-724\" title=\"Disparo del cohete, fiestas de San Mateo\" src=\"\/\/www.riojatrek.com\/wp-content\/uploads\/2010\/06\/sanmateo.jpg\" alt=\"Disparo del cohete, fiestas de San Mateo\" width=\"598\" height=\"240\" srcset=\"https:\/\/www.riojatrek.com\/wp-content\/uploads\/2010\/06\/sanmateo.jpg 598w, https:\/\/www.riojatrek.com\/wp-content\/uploads\/2010\/06\/sanmateo-300x120.jpg 300w\" sizes=\"auto, (max-width: 598px) 100vw, 598px\" \/><\/p>\n<div class=\"saber-mas\"><a class=\"section-button\" title=\"Logro\u00f1o\" href=\"https:\/\/www.riojatrek.com\/viajar-a-la-rioja\/logrono\/\">Entdecken Sie Logro\u00f1o<\/a><\/div>\n<h2>Fuenmayor<\/h2>\n<p>Nur 12 km von Logro\u00f1o entfernt befindet sich Fuenmayor, eines der D\u00f6rfer mit der gr\u00f6\u00dften Weinproduktion der ganzen Region La Rioja. In Fuenmayor findet unsere beliebteste Aktivit\u00e4t statt, die sich voll und ganz dem <a href=\"https:\/\/www.riojatrek.com\/de\/weintourismus\/wein-bauer-fur-einen-tag\/\">Weintourismus<\/a> widmet. Erfahren Sie etwas mehr \u00fcber diese Ortschaft: Restaurants, Unterk\u00fcnfte, Sehensw\u00fcrdigkeiten, Anreise usw.<\/p>\n<p><img loading=\"lazy\" decoding=\"async\" class=\"alignnone size-full wp-image-725\" title=\"Fuente de la uva, Fuenmayor\" src=\"\/\/www.riojatrek.com\/wp-content\/uploads\/2010\/06\/fuenteuva.jpg\" alt=\"Fuente de la uva, Fuenmayor\" width=\"598\" height=\"240\" srcset=\"https:\/\/www.riojatrek.com\/wp-content\/uploads\/2010\/06\/fuenteuva.jpg 598w, https:\/\/www.riojatrek.com\/wp-content\/uploads\/2010\/06\/fuenteuva-300x120.jpg 300w\" sizes=\"auto, (max-width: 598px) 100vw, 598px\" \/><\/p>\n<div class=\"saber-mas\"><a href=\"https:\/\/www.riojatrek.com\/viajar-a-la-rioja\/fuenmayor\/\">Entdecken Sie Fuenmayor<\/a><\/div>\n<h2>Weinkellereien der Herkunftsbezeichnung Rioja<\/h2>\n<p>Die Weinkellereien der Herkunftsbezeichnung Rioja \u00f6ffnen ihre Tore und zeigen den G\u00e4sten, wie sie ihre Weine keltern. Hier finden Sie wichtige Informationen f\u00fcr die Vorbereitung Ihres Besuchs.<\/p>\n<p><img loading=\"lazy\" decoding=\"async\" class=\"alignnone size-full wp-image-727\" title=\"Nave de barricas\" src=\"\/\/www.riojatrek.com\/wp-content\/uploads\/2010\/06\/regalia.jpg\" alt=\"Nave de barricas\" width=\"598\" height=\"240\" srcset=\"https:\/\/www.riojatrek.com\/wp-content\/uploads\/2010\/06\/regalia.jpg 598w, https:\/\/www.riojatrek.com\/wp-content\/uploads\/2010\/06\/regalia-300x120.jpg 300w\" sizes=\"auto, (max-width: 598px) 100vw, 598px\" \/><\/p>\n<div class=\"saber-mas\">\n<p><a href=\"https:\/\/www.riojatrek.com\/viajar-a-la-rioja\/bodegas-de-rioja\/\">Besuchen Sie eine Weinkellerei<\/a><\/p>\n<\/div>\n<h2>Unterk\u00fcnfte<\/h2>\n<p>La Rioja verf\u00fcgt \u00fcber ein breites Hotelangebot. Da es sich um ein touristisches Ziel im Landesinneren handelt, gibt es auch eine gro\u00dfe Auswahl an Landgasth\u00f6fen und Hotels mit Charme (mehr als 100), die \u00fcber die gesamte Region verteilt eine erstklassige Unterkunft garantieren.<\/p>\n<p><img loading=\"lazy\" decoding=\"async\" class=\"alignnone size-full wp-image-729\" title=\"Alojamientos en La Rioja\" src=\"\/\/www.riojatrek.com\/wp-content\/uploads\/2010\/06\/alojam.jpg\" alt=\"Alojamientos en La Rioja\" width=\"598\" height=\"240\" srcset=\"https:\/\/www.riojatrek.com\/wp-content\/uploads\/2010\/06\/alojam.jpg 598w, https:\/\/www.riojatrek.com\/wp-content\/uploads\/2010\/06\/alojam-300x120.jpg 300w\" sizes=\"auto, (max-width: 598px) 100vw, 598px\" \/><\/p>\n<div class=\"saber-mas\">\n<p><a href=\"https:\/\/www.riojatrek.com\/viajar-a-la-rioja\/alojamientos\/\">Finden Sie die passende Unterkunft<\/a><\/p>\n<\/div>\n<h2>Restaurants<\/h2>\n<p>Wenn man auf Reise ist, sollte man unbedingt die traditionellen regionalen Spezialit\u00e4ten probieren. Die Gastronomie ist ein wesentlicher Teil einer jeden Reise und in La Rioja, wo das gute Essen unseren Lebensstil definiert, findet die kulinarische Kunst ihren h\u00f6chsten Ausdruck.<\/p>\n<p><img loading=\"lazy\" decoding=\"async\" class=\"alignnone size-full wp-image-731\" title=\"Pinchos morunos, en una degustaci\u00f3n popular\" src=\"\/\/www.riojatrek.com\/wp-content\/uploads\/2010\/06\/pinchos.jpg\" alt=\"Pinchos morunos, en una degustaci\u00f3n popular\" width=\"598\" height=\"240\" srcset=\"https:\/\/www.riojatrek.com\/wp-content\/uploads\/2010\/06\/pinchos.jpg 598w, https:\/\/www.riojatrek.com\/wp-content\/uploads\/2010\/06\/pinchos-300x120.jpg 300w\" sizes=\"auto, (max-width: 598px) 100vw, 598px\" \/><\/p>\n<div class=\"saber-mas\">\n<p><a href=\"https:\/\/www.riojatrek.com\/viajar-a-la-rioja\/restaurantes\/\">Genie\u00dfen Sie die Gastronomie<\/a><\/p>\n<\/div>\n","protected":false},"excerpt":{"rendered":"<p>Brauchen Sie zus\u00e4tzliche Informationen f\u00fcr Ihre geplante Reise in die Region La Rioja? Nachstehend finden Sie wertvolle Infos \u00fcber La Rioja und Logro\u00f1o sowie einige n\u00fctzliche Tipps in Bezug auf Unterk\u00fcnfte und Restaurants. La Rioja Die kleine, von T\u00e4lern und Bergen gebildete, vom Jakobsweg durchquerte und zentral im n\u00f6rdlichen Spanien gelegene Region La Rioja ist&hellip;<\/p>\n","protected":false},"author":1,"featured_media":0,"parent":0,"menu_order":21,"comment_status":"closed","ping_status":"closed","template":"","meta":{"_et_pb_use_builder":"","_et_pb_old_content":"","_et_gb_content_width":"","footnotes":""},"class_list":["post-5239","page","type-page","status-publish","hentry"],"yoast_head":"<!-- This site is optimized with the Yoast SEO plugin v26.1.1 - https:\/\/yoast.com\/wordpress\/plugins\/seo\/ -->\n<title>Viajar a La Rioja. Informaci\u00f3n de utilidad - Riojatrek<\/title>\n<meta name=\"description\" content=\"Informaci\u00f3n \u00fatil para planear tu viaje a La Rioja y Logro\u00f1o. Qu\u00e9 lugares ver y visitar, restaurantes, hoteles, casas rurales y bodegas.\" \/>\n<meta name=\"robots\" content=\"index, follow, max-snippet:-1, max-image-preview:large, max-video-preview:-1\" \/>\n<link rel=\"canonical\" href=\"https:\/\/www.riojatrek.com\/de\/eine-reise-in-die-rioja\/\" \/>\n<meta property=\"og:locale\" content=\"de_DE\" \/>\n<meta property=\"og:type\" content=\"article\" \/>\n<meta property=\"og:title\" content=\"Viajar a La Rioja. Informaci\u00f3n de utilidad - Riojatrek\" \/>\n<meta property=\"og:description\" content=\"Informaci\u00f3n \u00fatil para planear tu viaje a La Rioja y Logro\u00f1o. Qu\u00e9 lugares ver y visitar, restaurantes, hoteles, casas rurales y bodegas.\" \/>\n<meta property=\"og:url\" content=\"https:\/\/www.riojatrek.com\/de\/eine-reise-in-die-rioja\/\" \/>\n<meta property=\"og:site_name\" content=\"Riojatrek\" \/>\n<meta property=\"article:publisher\" content=\"https:\/\/www.facebook.com\/riojatrek\" \/>\n<meta property=\"article:modified_time\" content=\"2016-03-09T10:29:25+00:00\" \/>\n<meta property=\"og:image\" content=\"\/\/www.riojatrek.com\/wp-content\/uploads\/2010\/06\/larioja.jpg\" \/>\n<meta name=\"twitter:card\" content=\"summary_large_image\" \/>\n<meta name=\"twitter:site\" content=\"@riojatrek\" \/>\n<meta name=\"twitter:label1\" content=\"Gesch\u00e4tzte Lesezeit\" \/>\n\t<meta name=\"twitter:data1\" content=\"2\u00a0Minuten\" \/>\n<script type=\"application\/ld+json\" class=\"yoast-schema-graph\">{\"@context\":\"https:\/\/schema.org\",\"@graph\":[{\"@type\":\"WebPage\",\"@id\":\"https:\/\/www.riojatrek.com\/de\/eine-reise-in-die-rioja\/\",\"url\":\"https:\/\/www.riojatrek.com\/de\/eine-reise-in-die-rioja\/\",\"name\":\"Viajar a La Rioja. Informaci\u00f3n de utilidad - Riojatrek\",\"isPartOf\":{\"@id\":\"https:\/\/www.riojatrek.com\/de\/#website\"},\"datePublished\":\"2010-06-27T09:54:49+00:00\",\"dateModified\":\"2016-03-09T10:29:25+00:00\",\"description\":\"Informaci\u00f3n \u00fatil para planear tu viaje a La Rioja y Logro\u00f1o. Qu\u00e9 lugares ver y visitar, restaurantes, hoteles, casas rurales y bodegas.\",\"breadcrumb\":{\"@id\":\"https:\/\/www.riojatrek.com\/de\/eine-reise-in-die-rioja\/#breadcrumb\"},\"inLanguage\":\"de\",\"potentialAction\":[{\"@type\":\"ReadAction\",\"target\":[\"https:\/\/www.riojatrek.com\/de\/eine-reise-in-die-rioja\/\"]}]},{\"@type\":\"BreadcrumbList\",\"@id\":\"https:\/\/www.riojatrek.com\/de\/eine-reise-in-die-rioja\/#breadcrumb\",\"itemListElement\":[{\"@type\":\"ListItem\",\"position\":1,\"name\":\"Portada\",\"item\":\"https:\/\/www.riojatrek.com\/de\/\"},{\"@type\":\"ListItem\",\"position\":2,\"name\":\"Eine Reise in die Region La Rioja\"}]},{\"@type\":\"WebSite\",\"@id\":\"https:\/\/www.riojatrek.com\/de\/#website\",\"url\":\"https:\/\/www.riojatrek.com\/de\/\",\"name\":\"Riojatrek\",\"description\":\"Rioja-Wein Tours. Offizielle Fremdenf\u00fchrer.\",\"publisher\":{\"@id\":\"https:\/\/www.riojatrek.com\/de\/#organization\"},\"potentialAction\":[{\"@type\":\"SearchAction\",\"target\":{\"@type\":\"EntryPoint\",\"urlTemplate\":\"https:\/\/www.riojatrek.com\/de\/?s={search_term_string}\"},\"query-input\":{\"@type\":\"PropertyValueSpecification\",\"valueRequired\":true,\"valueName\":\"search_term_string\"}}],\"inLanguage\":\"de\"},{\"@type\":\"Organization\",\"@id\":\"https:\/\/www.riojatrek.com\/de\/#organization\",\"name\":\"Riojatrek\",\"url\":\"https:\/\/www.riojatrek.com\/de\/\",\"logo\":{\"@type\":\"ImageObject\",\"inLanguage\":\"de\",\"@id\":\"https:\/\/www.riojatrek.com\/de\/#\/schema\/logo\/image\/\",\"url\":\"https:\/\/www.riojatrek.com\/wp-content\/uploads\/2024\/02\/logo-web.png\",\"contentUrl\":\"https:\/\/www.riojatrek.com\/wp-content\/uploads\/2024\/02\/logo-web.png\",\"width\":500,\"height\":126,\"caption\":\"Riojatrek\"},\"image\":{\"@id\":\"https:\/\/www.riojatrek.com\/de\/#\/schema\/logo\/image\/\"},\"sameAs\":[\"https:\/\/www.facebook.com\/riojatrek\",\"https:\/\/x.com\/riojatrek\",\"https:\/\/www.youtube.com\/user\/riojatrek\",\"https:\/\/www.instagram.com\/riojatrek\/\"]}]}<\/script>\n<!-- \/ Yoast SEO plugin. -->","yoast_head_json":{"title":"Viajar a La Rioja. Informaci\u00f3n de utilidad - Riojatrek","description":"Informaci\u00f3n \u00fatil para planear tu viaje a La Rioja y Logro\u00f1o. Qu\u00e9 lugares ver y visitar, restaurantes, hoteles, casas rurales y bodegas.","robots":{"index":"index","follow":"follow","max-snippet":"max-snippet:-1","max-image-preview":"max-image-preview:large","max-video-preview":"max-video-preview:-1"},"canonical":"https:\/\/www.riojatrek.com\/de\/eine-reise-in-die-rioja\/","og_locale":"de_DE","og_type":"article","og_title":"Viajar a La Rioja. Informaci\u00f3n de utilidad - Riojatrek","og_description":"Informaci\u00f3n \u00fatil para planear tu viaje a La Rioja y Logro\u00f1o. Qu\u00e9 lugares ver y visitar, restaurantes, hoteles, casas rurales y bodegas.","og_url":"https:\/\/www.riojatrek.com\/de\/eine-reise-in-die-rioja\/","og_site_name":"Riojatrek","article_publisher":"https:\/\/www.facebook.com\/riojatrek","article_modified_time":"2016-03-09T10:29:25+00:00","og_image":[{"url":"\/\/www.riojatrek.com\/wp-content\/uploads\/2010\/06\/larioja.jpg","type":"","width":"","height":""}],"twitter_card":"summary_large_image","twitter_site":"@riojatrek","twitter_misc":{"Gesch\u00e4tzte Lesezeit":"2\u00a0Minuten"},"schema":{"@context":"https:\/\/schema.org","@graph":[{"@type":"WebPage","@id":"https:\/\/www.riojatrek.com\/de\/eine-reise-in-die-rioja\/","url":"https:\/\/www.riojatrek.com\/de\/eine-reise-in-die-rioja\/","name":"Viajar a La Rioja. Informaci\u00f3n de utilidad - Riojatrek","isPartOf":{"@id":"https:\/\/www.riojatrek.com\/de\/#website"},"datePublished":"2010-06-27T09:54:49+00:00","dateModified":"2016-03-09T10:29:25+00:00","description":"Informaci\u00f3n \u00fatil para planear tu viaje a La Rioja y Logro\u00f1o. Qu\u00e9 lugares ver y visitar, restaurantes, hoteles, casas rurales y bodegas.","breadcrumb":{"@id":"https:\/\/www.riojatrek.com\/de\/eine-reise-in-die-rioja\/#breadcrumb"},"inLanguage":"de","potentialAction":[{"@type":"ReadAction","target":["https:\/\/www.riojatrek.com\/de\/eine-reise-in-die-rioja\/"]}]},{"@type":"BreadcrumbList","@id":"https:\/\/www.riojatrek.com\/de\/eine-reise-in-die-rioja\/#breadcrumb","itemListElement":[{"@type":"ListItem","position":1,"name":"Portada","item":"https:\/\/www.riojatrek.com\/de\/"},{"@type":"ListItem","position":2,"name":"Eine Reise in die Region La Rioja"}]},{"@type":"WebSite","@id":"https:\/\/www.riojatrek.com\/de\/#website","url":"https:\/\/www.riojatrek.com\/de\/","name":"Riojatrek","description":"Rioja-Wein Tours. Offizielle Fremdenf\u00fchrer.","publisher":{"@id":"https:\/\/www.riojatrek.com\/de\/#organization"},"potentialAction":[{"@type":"SearchAction","target":{"@type":"EntryPoint","urlTemplate":"https:\/\/www.riojatrek.com\/de\/?s={search_term_string}"},"query-input":{"@type":"PropertyValueSpecification","valueRequired":true,"valueName":"search_term_string"}}],"inLanguage":"de"},{"@type":"Organization","@id":"https:\/\/www.riojatrek.com\/de\/#organization","name":"Riojatrek","url":"https:\/\/www.riojatrek.com\/de\/","logo":{"@type":"ImageObject","inLanguage":"de","@id":"https:\/\/www.riojatrek.com\/de\/#\/schema\/logo\/image\/","url":"https:\/\/www.riojatrek.com\/wp-content\/uploads\/2024\/02\/logo-web.png","contentUrl":"https:\/\/www.riojatrek.com\/wp-content\/uploads\/2024\/02\/logo-web.png","width":500,"height":126,"caption":"Riojatrek"},"image":{"@id":"https:\/\/www.riojatrek.com\/de\/#\/schema\/logo\/image\/"},"sameAs":["https:\/\/www.facebook.com\/riojatrek","https:\/\/x.com\/riojatrek","https:\/\/www.youtube.com\/user\/riojatrek","https:\/\/www.instagram.com\/riojatrek\/"]}]}},"jetpack_sharing_enabled":true,"_links":{"self":[{"href":"https:\/\/www.riojatrek.com\/de\/wp-json\/wp\/v2\/pages\/5239","targetHints":{"allow":["GET"]}}],"collection":[{"href":"https:\/\/www.riojatrek.com\/de\/wp-json\/wp\/v2\/pages"}],"about":[{"href":"https:\/\/www.riojatrek.com\/de\/wp-json\/wp\/v2\/types\/page"}],"author":[{"embeddable":true,"href":"https:\/\/www.riojatrek.com\/de\/wp-json\/wp\/v2\/users\/1"}],"replies":[{"embeddable":true,"href":"https:\/\/www.riojatrek.com\/de\/wp-json\/wp\/v2\/comments?post=5239"}],"version-history":[{"count":3,"href":"https:\/\/www.riojatrek.com\/de\/wp-json\/wp\/v2\/pages\/5239\/revisions"}],"predecessor-version":[{"id":5244,"href":"https:\/\/www.riojatrek.com\/de\/wp-json\/wp\/v2\/pages\/5239\/revisions\/5244"}],"wp:attachment":[{"href":"https:\/\/www.riojatrek.com\/de\/wp-json\/wp\/v2\/media?parent=5239"}],"curies":[{"name":"wp","href":"https:\/\/api.w.org\/{rel}","templated":true}]}}