{"id":4198,"date":"2010-06-27T12:21:25","date_gmt":"2010-06-27T10:21:25","guid":{"rendered":"http:\/\/www.riojatrek.com\/\/de\/contacto\/"},"modified":"2023-10-06T14:00:42","modified_gmt":"2023-10-06T12:00:42","slug":"kontakt","status":"publish","type":"page","link":"https:\/\/www.riojatrek.com\/de\/kontakt\/","title":{"rendered":"Kontakt"},"content":{"rendered":"<p>[et_pb_section fb_built=&#8220;1&#8243; fullwidth=&#8220;on&#8220; admin_label=&#8220;Secci\u00f3n&#8220; _builder_version=&#8220;4.16&#8243; global_colors_info=&#8220;{}&#8220;][et_pb_fullwidth_slider show_arrows=&#8220;off&#8220; show_pagination=&#8220;off&#8220; admin_label=&#8220;CABECERA&#8220; _builder_version=&#8220;4.18.0&#8243; custom_padding=&#8220;|||&#8220; custom_padding_tablet=&#8220;|||&#8220; custom_padding_phone=&#8220;|||&#8220; hover_enabled=&#8220;0&#8243; box_shadow_style=&#8220;preset6&#8243; box_shadow_blur=&#8220;10px&#8220; box_shadow_color=&#8220;rgba(0,0,0,0.1)&#8220; remove_inner_shadow=&#8220;off&#8220; hide_content_on_mobile=&#8220;off&#8220; hide_cta_on_mobile=&#8220;off&#8220; show_inner_shadow=&#8220;on&#8220; button_letter_spacing_hover=&#8220;0&#8243; global_colors_info=&#8220;{}&#8220; button_text_size__hover_enabled=&#8220;off&#8220; button_one_text_size__hover_enabled=&#8220;off&#8220; button_two_text_size__hover_enabled=&#8220;off&#8220; button_text_color__hover_enabled=&#8220;off&#8220; button_one_text_color__hover_enabled=&#8220;off&#8220; button_two_text_color__hover_enabled=&#8220;off&#8220; button_border_width__hover_enabled=&#8220;off&#8220; button_one_border_width__hover_enabled=&#8220;off&#8220; button_two_border_width__hover_enabled=&#8220;off&#8220; button_border_color__hover_enabled=&#8220;off&#8220; button_one_border_color__hover_enabled=&#8220;off&#8220; button_two_border_color__hover_enabled=&#8220;off&#8220; button_border_radius__hover_enabled=&#8220;off&#8220; button_one_border_radius__hover_enabled=&#8220;off&#8220; button_two_border_radius__hover_enabled=&#8220;off&#8220; button_letter_spacing__hover_enabled=&#8220;on&#8220; button_letter_spacing__hover=&#8220;0&#8243; button_one_letter_spacing__hover_enabled=&#8220;off&#8220; button_two_letter_spacing__hover_enabled=&#8220;off&#8220; button_bg_color__hover_enabled=&#8220;off&#8220; button_one_bg_color__hover_enabled=&#8220;off&#8220; button_two_bg_color__hover_enabled=&#8220;off&#8220; sticky_enabled=&#8220;0&#8243;][et_pb_slide use_bg_overlay=&#8220;off&#8220; use_text_overlay=&#8220;off&#8220; _builder_version=&#8220;4.18.0&#8243; header_font=&#8220;||||&#8220; body_font=&#8220;||||&#8220; background_color=&#8220;#ffffff&#8220; background_image=&#8220;https:\/\/www.riojatrek.com\/wp-content\/uploads\/2023\/03\/contacto-riojatrek-2023.jpg&#8220; button_icon_placement=&#8220;right&#8220; button_on_hover=&#8220;on&#8220; hover_enabled=&#8220;0&#8243; global_colors_info=&#8220;{}&#8220; button_text_size__hover_enabled=&#8220;off&#8220; button_one_text_size__hover_enabled=&#8220;off&#8220; button_two_text_size__hover_enabled=&#8220;off&#8220; button_text_color__hover_enabled=&#8220;off&#8220; button_one_text_color__hover_enabled=&#8220;off&#8220; button_two_text_color__hover_enabled=&#8220;off&#8220; button_border_width__hover_enabled=&#8220;off&#8220; button_one_border_width__hover_enabled=&#8220;off&#8220; button_two_border_width__hover_enabled=&#8220;off&#8220; button_border_color__hover_enabled=&#8220;off&#8220; button_one_border_color__hover_enabled=&#8220;off&#8220; button_two_border_color__hover_enabled=&#8220;off&#8220; button_border_radius__hover_enabled=&#8220;off&#8220; button_one_border_radius__hover_enabled=&#8220;off&#8220; button_two_border_radius__hover_enabled=&#8220;off&#8220; button_letter_spacing__hover_enabled=&#8220;off&#8220; button_one_letter_spacing__hover_enabled=&#8220;off&#8220; button_two_letter_spacing__hover_enabled=&#8220;off&#8220; button_bg_color__hover_enabled=&#8220;off&#8220; button_one_bg_color__hover_enabled=&#8220;off&#8220; button_two_bg_color__hover_enabled=&#8220;off&#8220; sticky_transition=&#8220;on&#8220; title_text=&#8220;contacta con Riojatrek&#8220; background_enable_image=&#8220;on&#8220; sticky_enabled=&#8220;0&#8243;]<\/p>\n<h2>KONTAKTIEREN SIE RIOJATREK<\/h2>\n<p>[\/et_pb_slide][\/et_pb_fullwidth_slider][\/et_pb_section][et_pb_section fb_built=&#8220;1&#8243; admin_label=&#8220;Secci\u00f3n&#8220; _builder_version=&#8220;4.16&#8243; global_colors_info=&#8220;{}&#8220;][et_pb_row column_structure=&#8220;1_3,2_3&#8243; padding_mobile=&#8220;off&#8220; column_padding_mobile=&#8220;on&#8220; admin_label=&#8220;Fila&#8220; _builder_version=&#8220;4.16&#8243; background_size=&#8220;initial&#8220; background_position=&#8220;top_left&#8220; background_repeat=&#8220;repeat&#8220; custom_margin=&#8220;20px|||&#8220; make_fullwidth=&#8220;off&#8220; use_custom_width=&#8220;off&#8220; width_unit=&#8220;on&#8220; global_colors_info=&#8220;{}&#8220;][et_pb_column type=&#8220;1_3&#8243; _builder_version=&#8220;4.16&#8243; custom_padding=&#8220;|||&#8220; global_colors_info=&#8220;{}&#8220; custom_padding__hover=&#8220;|||&#8220;][et_pb_text admin_label=&#8220;contacta&#8220; _builder_version=&#8220;4.18.0&#8243; background_size=&#8220;initial&#8220; background_position=&#8220;top_left&#8220; background_repeat=&#8220;repeat&#8220; use_border_color=&#8220;off&#8220; border_color=&#8220;#ffffff&#8220; border_style=&#8220;solid&#8220; global_colors_info=&#8220;{}&#8220;]<\/p>\n<h3>Kontakt<\/h3>\n<p>Bitte setzen Sie sich mit uns in Verbindung, um Angebote anzufordern oder Fragen zu unseren Aktivit\u00e4ten zu kl\u00e4ren.<\/p>\n<h3 class=\"title\">Riojatrek<\/h3>\n<address>Francisco de Quevedo 12, 6\u00ba D<br \/>26006 Logro\u00f1o<br \/>La Rioja, Spanien<br \/>E-mail: <a href=\"mailto:info@riojatrek.com\">info@riojatrek.com<\/a><br \/><i class=\"fa fa-phone-square\"><\/i> +34 941 587 354<br \/><i class=\"fa fa-phone-square\"><\/i> +34 679 010 804<\/address>\n<p>&nbsp;<\/p>\n<p>[\/et_pb_text][\/et_pb_column][et_pb_column type=&#8220;2_3&#8243; _builder_version=&#8220;4.16&#8243; custom_padding=&#8220;|||&#8220; global_colors_info=&#8220;{}&#8220; custom_padding__hover=&#8220;|||&#8220;][et_pb_text admin_label=&#8220;formulario&#8220; module_class=&#8220;riojatrek_form&#8220; _builder_version=&#8220;4.18.0&#8243; background_size=&#8220;initial&#8220; background_position=&#8220;top_left&#8220; background_repeat=&#8220;repeat&#8220; use_border_color=&#8220;off&#8220; border_color=&#8220;#ffffff&#8220; border_style=&#8220;solid&#8220; global_colors_info=&#8220;{}&#8220;]<\/p>\n<h3>Kontaktieren Sie Riojatrek<\/h3>\n<p>Sie k\u00f6nnen auch nachstehendes Kontaktformular ausf\u00fcllen, und wir werden mit Ihnen Kontakt aufnehmen.<\/p>\n\n<div class=\"wpcf7 no-js\" id=\"wpcf7-f5078-o1\" lang=\"es-ES\" dir=\"ltr\" data-wpcf7-id=\"5078\">\n<div class=\"screen-reader-response\"><p role=\"status\" aria-live=\"polite\" aria-atomic=\"true\"><\/p> <ul><\/ul><\/div>\n<form action=\"\/de\/wp-json\/wp\/v2\/pages\/4198#wpcf7-f5078-o1\" method=\"post\" class=\"wpcf7-form init\" aria-label=\"Formulario de contacto\" novalidate=\"novalidate\" data-status=\"init\">\n<fieldset class=\"hidden-fields-container\"><input type=\"hidden\" name=\"_wpcf7\" value=\"5078\" \/><input type=\"hidden\" name=\"_wpcf7_version\" value=\"6.1.2\" \/><input type=\"hidden\" name=\"_wpcf7_locale\" value=\"es_ES\" \/><input type=\"hidden\" name=\"_wpcf7_unit_tag\" value=\"wpcf7-f5078-o1\" \/><input type=\"hidden\" name=\"_wpcf7_container_post\" value=\"0\" \/><input type=\"hidden\" name=\"_wpcf7_posted_data_hash\" value=\"\" \/>\n<\/fieldset>\n<div class=\"et_pb_contact_left\">\n\t<p class=\"clearfix\"><span class=\"wpcf7-form-control-wrap\" data-name=\"nombre\"><input size=\"35\" maxlength=\"400\" class=\"wpcf7-form-control wpcf7-text wpcf7-validates-as-required input form_field\" aria-required=\"true\" aria-invalid=\"false\" placeholder=\"Name\" value=\"\" type=\"text\" name=\"nombre\" \/><\/span>\n\t<\/p>\n\t<p class=\"clearfix\"><span class=\"wpcf7-form-control-wrap\" data-name=\"email\"><input size=\"40\" maxlength=\"400\" class=\"wpcf7-form-control wpcf7-email wpcf7-validates-as-required wpcf7-text wpcf7-validates-as-email input form_field\" aria-required=\"true\" aria-invalid=\"false\" placeholder=\"E-mail\" value=\"\" type=\"email\" name=\"email\" \/><\/span>\n\t<\/p>\n\t<p class=\"clearfix\"><span class=\"wpcf7-form-control-wrap\" data-name=\"telefono\"><input size=\"20\" maxlength=\"400\" class=\"wpcf7-form-control wpcf7-text wpcf7-validates-as-required form_field\" aria-required=\"true\" aria-invalid=\"false\" placeholder=\"Telefon\" value=\"\" type=\"text\" name=\"telefono\" \/><\/span>\n\t<\/p>\n<\/div>\n<p class=\"clearfix\"><span class=\"wpcf7-form-control-wrap\" data-name=\"mensaje\"><textarea cols=\"80\" rows=\"10\" maxlength=\"2000\" class=\"wpcf7-form-control wpcf7-textarea wpcf7-validates-as-required form_field\" aria-required=\"true\" aria-invalid=\"false\" placeholder=\"Mitteilung\" name=\"mensaje\"><\/textarea><\/span>\n<\/p>\n<p><input class=\"wpcf7-form-control wpcf7-submit has-spinner et_pb_contact_submit\" type=\"submit\" value=\"SENDEN\" \/>\n<\/p><p style=\"display: none !important;\" class=\"akismet-fields-container\" data-prefix=\"_wpcf7_ak_\"><label>&#916;<textarea name=\"_wpcf7_ak_hp_textarea\" cols=\"45\" rows=\"8\" maxlength=\"100\"><\/textarea><\/label><input type=\"hidden\" id=\"ak_js_1\" name=\"_wpcf7_ak_js\" value=\"36\"\/><script>document.getElementById( \"ak_js_1\" ).setAttribute( \"value\", ( new Date() ).getTime() );<\/script><\/p><div class=\"wpcf7-response-output\" aria-hidden=\"true\"><\/div>\n<\/form>\n<\/div>\n\n<p>[\/et_pb_text][\/et_pb_column][\/et_pb_row][\/et_pb_section]<\/p>\n","protected":false},"excerpt":{"rendered":"<p>KONTAKTIEREN SIE RIOJATREKKontakt Bitte setzen Sie sich mit uns in Verbindung, um Angebote anzufordern oder Fragen zu unseren Aktivit\u00e4ten zu kl\u00e4ren. Riojatrek Francisco de Quevedo 12, 6\u00ba D26006 Logro\u00f1oLa Rioja, SpanienE-mail: info@riojatrek.com +34 941 587 354 +34 679 010 804 &nbsp;Kontaktieren Sie Riojatrek Sie k\u00f6nnen auch nachstehendes Kontaktformular ausf\u00fcllen, und wir werden mit Ihnen Kontakt&hellip;<\/p>\n","protected":false},"author":1,"featured_media":0,"parent":0,"menu_order":50,"comment_status":"closed","ping_status":"closed","template":"","meta":{"_et_pb_use_builder":"on","_et_pb_old_content":"<p>No dudes en ponerte en contacto con nosotros para solicitar presupuestos o resolver cualquier duda respecto a nuestras actividades.<\/p><p>Asimismo te invitamos a consultar nuestra secci\u00f3n de <a title=\"Preguntas Frecuentes\" href=\"\/?page_id=163\">Preguntas Frecuentes<\/a>, donde encontrar\u00e1s respuesta a cuestiones habitualmente formuladas por nuestros clientes.<\/p><p><!-- CUARTA COLUMNA, INFORMACION DE CONTACTO --><\/p><div id=\"contact-info\"><div id=\"vcard_info\" class=\"vcard\"><div id=\"vcard_org\" class=\"org\">Riojatrek<\/div><div class=\"vcard_label\">Direcci\u00f3n postal:<\/div><div class=\"adr\"><div class=\"street-address\">Francisco de Quevedo 12, 6\u00ba D<\/div><p><span class=\"locality\">Logro\u00f1o<\/span>,<span class=\"region\"> La Rioja<\/span>,<span class=\"postal-code\"> 26006<\/span> <span class=\"country-name\">Espa\u00f1a<\/span><\/p><\/div><div class=\"vcard_label\">E-mail:<\/div><p><a class=\"email\" href=\"mailto:info@riojatrek.com\">info@riojatrek.com<\/a><\/p><div class=\"vcard_label\">Tel\u00e9fonos:<\/div><div class=\"tel\">+34 941.587.354<\/div><div class=\"tel\">+34 679.010.804<\/div><div class=\"vcard_label\">Skype:<\/div><div class=\"vcard_label\"><a class=\"url\" href=\"skype:riojatrek?call\"><img style=\"border: none;\" src=\"http:\/\/download.skype.com\/share\/skypebuttons\/buttons\/call_blue_transparent_70x23.png\" alt=\"Skype MeT!\" width=\"70\" height=\"23\" \/><\/a><\/div><h2>Formulario de contacto<\/h2><p>Si lo prefieres, rellena el siguiente formulario y nos pondremos en contacto contigo:<\/p><p>[contact-form 5 \"Contacto\"]<\/p><\/div><\/div>","_et_gb_content_width":"","footnotes":""},"class_list":["post-4198","page","type-page","status-publish","hentry"],"yoast_head":"<!-- This site is optimized with the Yoast SEO plugin v26.1.1 - https:\/\/yoast.com\/wordpress\/plugins\/seo\/ -->\n<title>Kontakt - Riojatrek<\/title>\n<meta name=\"robots\" content=\"index, follow, max-snippet:-1, max-image-preview:large, max-video-preview:-1\" \/>\n<link rel=\"canonical\" href=\"https:\/\/www.riojatrek.com\/de\/kontakt\/\" \/>\n<meta property=\"og:locale\" content=\"de_DE\" \/>\n<meta property=\"og:type\" content=\"article\" \/>\n<meta property=\"og:title\" content=\"Kontakt - Riojatrek\" \/>\n<meta property=\"og:description\" content=\"KONTAKTIEREN SIE RIOJATREKKontakt Bitte setzen Sie sich mit uns in Verbindung, um Angebote anzufordern oder Fragen zu unseren Aktivit\u00e4ten zu kl\u00e4ren. Riojatrek Francisco de Quevedo 12, 6\u00ba D26006 Logro\u00f1oLa Rioja, SpanienE-mail: info@riojatrek.com +34 941 587 354 +34 679 010 804 &nbsp;Kontaktieren Sie Riojatrek Sie k\u00f6nnen auch nachstehendes Kontaktformular ausf\u00fcllen, und wir werden mit Ihnen Kontakt&hellip;\" \/>\n<meta property=\"og:url\" content=\"https:\/\/www.riojatrek.com\/de\/kontakt\/\" \/>\n<meta property=\"og:site_name\" content=\"Riojatrek\" \/>\n<meta property=\"article:publisher\" content=\"https:\/\/www.facebook.com\/riojatrek\" \/>\n<meta property=\"article:modified_time\" content=\"2023-10-06T12:00:42+00:00\" \/>\n<meta name=\"twitter:card\" content=\"summary_large_image\" \/>\n<meta name=\"twitter:site\" content=\"@riojatrek\" \/>\n<meta name=\"twitter:label1\" content=\"Gesch\u00e4tzte Lesezeit\" \/>\n\t<meta name=\"twitter:data1\" content=\"3\u00a0Minuten\" \/>\n<script type=\"application\/ld+json\" class=\"yoast-schema-graph\">{\"@context\":\"https:\/\/schema.org\",\"@graph\":[{\"@type\":\"WebPage\",\"@id\":\"https:\/\/www.riojatrek.com\/de\/kontakt\/\",\"url\":\"https:\/\/www.riojatrek.com\/de\/kontakt\/\",\"name\":\"Kontakt - Riojatrek\",\"isPartOf\":{\"@id\":\"https:\/\/www.riojatrek.com\/de\/#website\"},\"datePublished\":\"2010-06-27T10:21:25+00:00\",\"dateModified\":\"2023-10-06T12:00:42+00:00\",\"breadcrumb\":{\"@id\":\"https:\/\/www.riojatrek.com\/de\/kontakt\/#breadcrumb\"},\"inLanguage\":\"de\",\"potentialAction\":[{\"@type\":\"ReadAction\",\"target\":[\"https:\/\/www.riojatrek.com\/de\/kontakt\/\"]}]},{\"@type\":\"BreadcrumbList\",\"@id\":\"https:\/\/www.riojatrek.com\/de\/kontakt\/#breadcrumb\",\"itemListElement\":[{\"@type\":\"ListItem\",\"position\":1,\"name\":\"Portada\",\"item\":\"https:\/\/www.riojatrek.com\/de\/\"},{\"@type\":\"ListItem\",\"position\":2,\"name\":\"Kontakt\"}]},{\"@type\":\"WebSite\",\"@id\":\"https:\/\/www.riojatrek.com\/de\/#website\",\"url\":\"https:\/\/www.riojatrek.com\/de\/\",\"name\":\"Riojatrek\",\"description\":\"Rioja-Wein Tours. Offizielle Fremdenf\u00fchrer.\",\"publisher\":{\"@id\":\"https:\/\/www.riojatrek.com\/de\/#organization\"},\"potentialAction\":[{\"@type\":\"SearchAction\",\"target\":{\"@type\":\"EntryPoint\",\"urlTemplate\":\"https:\/\/www.riojatrek.com\/de\/?s={search_term_string}\"},\"query-input\":{\"@type\":\"PropertyValueSpecification\",\"valueRequired\":true,\"valueName\":\"search_term_string\"}}],\"inLanguage\":\"de\"},{\"@type\":\"Organization\",\"@id\":\"https:\/\/www.riojatrek.com\/de\/#organization\",\"name\":\"Riojatrek\",\"url\":\"https:\/\/www.riojatrek.com\/de\/\",\"logo\":{\"@type\":\"ImageObject\",\"inLanguage\":\"de\",\"@id\":\"https:\/\/www.riojatrek.com\/de\/#\/schema\/logo\/image\/\",\"url\":\"https:\/\/www.riojatrek.com\/wp-content\/uploads\/2024\/02\/logo-web.png\",\"contentUrl\":\"https:\/\/www.riojatrek.com\/wp-content\/uploads\/2024\/02\/logo-web.png\",\"width\":500,\"height\":126,\"caption\":\"Riojatrek\"},\"image\":{\"@id\":\"https:\/\/www.riojatrek.com\/de\/#\/schema\/logo\/image\/\"},\"sameAs\":[\"https:\/\/www.facebook.com\/riojatrek\",\"https:\/\/x.com\/riojatrek\",\"https:\/\/www.youtube.com\/user\/riojatrek\",\"https:\/\/www.instagram.com\/riojatrek\/\"]}]}<\/script>\n<!-- \/ Yoast SEO plugin. -->","yoast_head_json":{"title":"Kontakt - Riojatrek","robots":{"index":"index","follow":"follow","max-snippet":"max-snippet:-1","max-image-preview":"max-image-preview:large","max-video-preview":"max-video-preview:-1"},"canonical":"https:\/\/www.riojatrek.com\/de\/kontakt\/","og_locale":"de_DE","og_type":"article","og_title":"Kontakt - Riojatrek","og_description":"KONTAKTIEREN SIE RIOJATREKKontakt Bitte setzen Sie sich mit uns in Verbindung, um Angebote anzufordern oder Fragen zu unseren Aktivit\u00e4ten zu kl\u00e4ren. Riojatrek Francisco de Quevedo 12, 6\u00ba D26006 Logro\u00f1oLa Rioja, SpanienE-mail: info@riojatrek.com +34 941 587 354 +34 679 010 804 &nbsp;Kontaktieren Sie Riojatrek Sie k\u00f6nnen auch nachstehendes Kontaktformular ausf\u00fcllen, und wir werden mit Ihnen Kontakt&hellip;","og_url":"https:\/\/www.riojatrek.com\/de\/kontakt\/","og_site_name":"Riojatrek","article_publisher":"https:\/\/www.facebook.com\/riojatrek","article_modified_time":"2023-10-06T12:00:42+00:00","twitter_card":"summary_large_image","twitter_site":"@riojatrek","twitter_misc":{"Gesch\u00e4tzte Lesezeit":"3\u00a0Minuten"},"schema":{"@context":"https:\/\/schema.org","@graph":[{"@type":"WebPage","@id":"https:\/\/www.riojatrek.com\/de\/kontakt\/","url":"https:\/\/www.riojatrek.com\/de\/kontakt\/","name":"Kontakt - Riojatrek","isPartOf":{"@id":"https:\/\/www.riojatrek.com\/de\/#website"},"datePublished":"2010-06-27T10:21:25+00:00","dateModified":"2023-10-06T12:00:42+00:00","breadcrumb":{"@id":"https:\/\/www.riojatrek.com\/de\/kontakt\/#breadcrumb"},"inLanguage":"de","potentialAction":[{"@type":"ReadAction","target":["https:\/\/www.riojatrek.com\/de\/kontakt\/"]}]},{"@type":"BreadcrumbList","@id":"https:\/\/www.riojatrek.com\/de\/kontakt\/#breadcrumb","itemListElement":[{"@type":"ListItem","position":1,"name":"Portada","item":"https:\/\/www.riojatrek.com\/de\/"},{"@type":"ListItem","position":2,"name":"Kontakt"}]},{"@type":"WebSite","@id":"https:\/\/www.riojatrek.com\/de\/#website","url":"https:\/\/www.riojatrek.com\/de\/","name":"Riojatrek","description":"Rioja-Wein Tours. Offizielle Fremdenf\u00fchrer.","publisher":{"@id":"https:\/\/www.riojatrek.com\/de\/#organization"},"potentialAction":[{"@type":"SearchAction","target":{"@type":"EntryPoint","urlTemplate":"https:\/\/www.riojatrek.com\/de\/?s={search_term_string}"},"query-input":{"@type":"PropertyValueSpecification","valueRequired":true,"valueName":"search_term_string"}}],"inLanguage":"de"},{"@type":"Organization","@id":"https:\/\/www.riojatrek.com\/de\/#organization","name":"Riojatrek","url":"https:\/\/www.riojatrek.com\/de\/","logo":{"@type":"ImageObject","inLanguage":"de","@id":"https:\/\/www.riojatrek.com\/de\/#\/schema\/logo\/image\/","url":"https:\/\/www.riojatrek.com\/wp-content\/uploads\/2024\/02\/logo-web.png","contentUrl":"https:\/\/www.riojatrek.com\/wp-content\/uploads\/2024\/02\/logo-web.png","width":500,"height":126,"caption":"Riojatrek"},"image":{"@id":"https:\/\/www.riojatrek.com\/de\/#\/schema\/logo\/image\/"},"sameAs":["https:\/\/www.facebook.com\/riojatrek","https:\/\/x.com\/riojatrek","https:\/\/www.youtube.com\/user\/riojatrek","https:\/\/www.instagram.com\/riojatrek\/"]}]}},"jetpack_sharing_enabled":true,"_links":{"self":[{"href":"https:\/\/www.riojatrek.com\/de\/wp-json\/wp\/v2\/pages\/4198","targetHints":{"allow":["GET"]}}],"collection":[{"href":"https:\/\/www.riojatrek.com\/de\/wp-json\/wp\/v2\/pages"}],"about":[{"href":"https:\/\/www.riojatrek.com\/de\/wp-json\/wp\/v2\/types\/page"}],"author":[{"embeddable":true,"href":"https:\/\/www.riojatrek.com\/de\/wp-json\/wp\/v2\/users\/1"}],"replies":[{"embeddable":true,"href":"https:\/\/www.riojatrek.com\/de\/wp-json\/wp\/v2\/comments?post=4198"}],"version-history":[{"count":14,"href":"https:\/\/www.riojatrek.com\/de\/wp-json\/wp\/v2\/pages\/4198\/revisions"}],"predecessor-version":[{"id":235584,"href":"https:\/\/www.riojatrek.com\/de\/wp-json\/wp\/v2\/pages\/4198\/revisions\/235584"}],"wp:attachment":[{"href":"https:\/\/www.riojatrek.com\/de\/wp-json\/wp\/v2\/media?parent=4198"}],"curies":[{"name":"wp","href":"https:\/\/api.w.org\/{rel}","templated":true}]}}